{"id":132049,"date":"2023-11-09T10:24:33","date_gmt":"2023-11-09T09:24:33","guid":{"rendered":"https:\/\/www.bontempi.it\/product\/club-alto-outdoor-52-93out\/"},"modified":"2024-04-30T10:41:16","modified_gmt":"2024-04-30T08:41:16","slug":"club-alto-outdoor-52-93out","status":"publish","type":"product","link":"https:\/\/www.bontempi.it\/de\/club-hoch-outdoor-5293out\/","title":{"rendered":"Club Hoch Outdoor &#8211; 52.93OUT"},"content":{"rendered":"<p>Unterteil aus lackiertem Stahl f\u00fcr den Au\u00dfenbereich, vorbereitet f\u00fcr Lagen- und Alucompact-Platten.<\/p>\n","protected":false},"excerpt":{"rendered":"<p>Unterteil aus lackiertem Stahl f\u00fcr den Au\u00dfenbereich, vorbereitet f\u00fcr Lagen- und Alucompact-Platten.<\/p>\n","protected":false},"featured_media":0,"template":"","line":[74718],"kind":[70870,71019,71020,71025,71026],"room":[71450,71475,71477,71478],"material":[70202,70204,70206,70208,70209,70211],"color":[77268,77269,77270],"certification":[60803],"class_list":["post-132049","product","type-product","status-publish","hentry","line-club-alto-outdoor-de","kind-fixed-square","kind-tables-de","kind-fixed-de","kind-fixed-round-de","kind-fixed-square-de","room-contract","room-kitchen-de","room-outdoor-de","room-contract-de","material-ps05x-de","material-ps04x-de","material-ps02x-de","material-ps03x-de","material-pf01x-de","material-pl01x-de","color-black-de","color-grey-de","color-white-de","certification-outdoor-tavoli-de"],"acf":{"sku":"52.93OUT","line":[74718],"is_accessory":false,"is_configurable":true,"kind":[70870,71019,71020,71026,71025],"rooms":[71475,71477,71478,71450],"seats":"","dimensions":{"diameter":"47","x":"","z":"109.5","y":""},"finishing":{"top":[],"structure":{"69985":69985,"69989":69989,"70001":70001,"70010":70010,"70014":70014},"lower_cuff":[],"upper_cuff":[],"matchable_top":{"70202":70202,"70204":70204,"70206":70206,"70208":70208,"70209":70209,"70211":70211},"builtin_revolving_central_top":[],"throat":[],"lampshade":[],"back":[],"sitting":[],"cushions":[],"decorative_inner":[],"decorative_inserts":[],"side":[],"support":[],"front_doors":[],"top_front_doors":[],"seat_structure":[],"top_structure":[],"covering":[],"optional_shelf":[],"mirror":[],"side_panels":[],"centerpiece":[]},"colors":{"top":[],"structure":{"77269":77269,"77270":77270,"77281":77281,"60699":60699},"lower_cuff":[],"upper_cuff":[],"matchable_top":{"77269":77269,"77270":77270,"77268":77268},"builtin_revolving_central_top":[],"throat":[],"lampshade":[],"back":[],"sitting":[],"cushions":[],"decorative_inner":[],"decorative_inserts":[],"side":[],"support":[],"front_doors":[],"top_front_doors":[],"seat_structure":[],"top_structure":[],"covering":[],"optional_shelf":[],"mirror":[],"side_panels":[],"centerpiece":[]},"accessories":"","related":[127144],"gallery":[30033],"product_sheet":"https:\/\/www.bontempi.it\/wp-content\/uploads\/2023\/03\/Club-52.93-Alto.pdf","attachments":null,"videos":null,"silhouette":33069},"_links":{"self":[{"href":"https:\/\/www.bontempi.it\/de\/wp-json\/wp\/v2\/product\/132049","targetHints":{"allow":["GET"]}}],"collection":[{"href":"https:\/\/www.bontempi.it\/de\/wp-json\/wp\/v2\/product"}],"about":[{"href":"https:\/\/www.bontempi.it\/de\/wp-json\/wp\/v2\/types\/product"}],"acf:attachment":[{"embeddable":true,"href":"https:\/\/www.bontempi.it\/de\/wp-json\/wp\/v2\/media\/30033"}],"acf:post":[{"embeddable":true,"href":"https:\/\/www.bontempi.it\/de\/wp-json\/wp\/v2\/product\/127144"}],"acf:term":[{"embeddable":true,"taxonomy":"room","href":"https:\/\/www.bontempi.it\/de\/wp-json\/wp\/v2\/room\/71450"},{"embeddable":true,"taxonomy":"room","href":"https:\/\/www.bontempi.it\/de\/wp-json\/wp\/v2\/room\/71478"},{"embeddable":true,"taxonomy":"room","href":"https:\/\/www.bontempi.it\/de\/wp-json\/wp\/v2\/room\/71477"},{"embeddable":true,"taxonomy":"room","href":"https:\/\/www.bontempi.it\/de\/wp-json\/wp\/v2\/room\/71475"},{"embeddable":true,"taxonomy":"kind","href":"https:\/\/www.bontempi.it\/de\/wp-json\/wp\/v2\/kind\/71025"},{"embeddable":true,"taxonomy":"kind","href":"https:\/\/www.bontempi.it\/de\/wp-json\/wp\/v2\/kind\/71026"},{"embeddable":true,"taxonomy":"kind","href":"https:\/\/www.bontempi.it\/de\/wp-json\/wp\/v2\/kind\/71020"},{"embeddable":true,"taxonomy":"kind","href":"https:\/\/www.bontempi.it\/de\/wp-json\/wp\/v2\/kind\/71019"},{"embeddable":true,"taxonomy":"kind","href":"https:\/\/www.bontempi.it\/de\/wp-json\/wp\/v2\/kind\/70870"},{"embeddable":true,"taxonomy":"line","href":"https:\/\/www.bontempi.it\/de\/wp-json\/wp\/v2\/line\/74718"}],"wp:attachment":[{"href":"https:\/\/www.bontempi.it\/de\/wp-json\/wp\/v2\/media?parent=132049"}],"wp:term":[{"taxonomy":"line","embeddable":true,"href":"https:\/\/www.bontempi.it\/de\/wp-json\/wp\/v2\/line?post=132049"},{"taxonomy":"kind","embeddable":true,"href":"https:\/\/www.bontempi.it\/de\/wp-json\/wp\/v2\/kind?post=132049"},{"taxonomy":"room","embeddable":true,"href":"https:\/\/www.bontempi.it\/de\/wp-json\/wp\/v2\/room?post=132049"},{"taxonomy":"material","embeddable":true,"href":"https:\/\/www.bontempi.it\/de\/wp-json\/wp\/v2\/material?post=132049"},{"taxonomy":"color","embeddable":true,"href":"https:\/\/www.bontempi.it\/de\/wp-json\/wp\/v2\/color?post=132049"},{"taxonomy":"certification","embeddable":true,"href":"https:\/\/www.bontempi.it\/de\/wp-json\/wp\/v2\/certification?post=132049"}],"curies":[{"name":"wp","href":"https:\/\/api.w.org\/{rel}","templated":true}]}}