{"id":131938,"date":"2023-11-09T10:20:41","date_gmt":"2023-11-09T09:20:41","guid":{"rendered":"https:\/\/www.bontempi.it\/product\/grace-40-92\/"},"modified":"2024-09-25T13:05:08","modified_gmt":"2024-09-25T11:05:08","slug":"grace-40-92","status":"publish","type":"product","link":"https:\/\/www.bontempi.it\/de\/grace-4092\/","title":{"rendered":"Grace &#8211; 40.92"},"content":{"rendered":"<p>Stuhl mit vollst\u00e4ndig gepolstertem Stahlgestell und Lederbezug \u00d6kologisch, Premium \u00d6kologisches Leder, Bouquet Stoff, Stoff Nordic, Reine Schnurwolle, Supreme Samt, Kvadrat Field Stoff, Kvadrat Tail Stoff und Premium Leder.<\/p>\n","protected":false},"excerpt":{"rendered":"<p>Gepolstertem<\/p>\n","protected":false},"featured_media":0,"template":"","line":[74799],"kind":[71033,71034],"room":[71480],"material":[70081,70106,70138,70277,70324,70456,70488,75276,75691,70082,70108,70140,70279,70373,70458,70490,75277,75692,70083,70110,70249,70281,70375,70460,70492,75278,75693,70084,70112,70251,70283,70377,70462,70494,75279,75892,70085,70114,70253,70285,70381,70464,70496,75280,76846,70086,70116,70255,70287,70383,70466,70498,75281,76848,70071,70087,70118,70257,70289,70385,70468,70500,75282,76849,70072,70088,70120,70259,70301,70387,70470,70509,75283,70073,70090,70122,70261,70303,70389,70472,70661,75284,70074,70092,70124,70263,70305,70391,70474,75269,75286,70075,70094,70126,70265,70307,70393,70476,75270,75287,70076,70096,70127,70267,70309,70395,70478,75271,75289,70077,70098,70130,70269,70311,70397,70480,75272,75687,70078,70100,70132,70271,70313,70399,70482,75273,75688,70079,70102,70134,70273,70316,70401,70484,75274,75689,70080,70104,70136,70275,70322,70454,70486,75275,75690],"color":[77269,77270,77281,77290,77291,60699,60711,60728,75762,75763,75764,75765,75767,75768,77268],"certification":[],"class_list":["post-131938","product","type-product","status-publish","hentry","line-grace-de","kind-seatings-de","kind-chairs-de","room-living-de","material-trp05-de","material-pr07-de","material-pr18-de","material-tebq012-de","material-tkf01-de","material-tevs016-de","material-tevs024-de","material-tego011-de","material-tesu005-de","material-trp10-de","material-pr26-de","material-pr19-de","material-tebq009-de","material-teno009-de","material-tevs017-de","material-tevs011-de","material-tego012-de","material-tesu006-de","material-trp03-de","material-pr14-de","material-tebq020-de","material-tebq007-de","material-teno003-de","material-tevs007-de","material-tevs001-de","material-tego014-de","material-tesu007-de","material-trp17-de","material-pr08-de","material-tebq004-de","material-tebq008-de","material-teno015-de","material-tevs022-de","material-tevs010-de","material-tego015-de","material-tego002-de","material-trp01-de","material-pr20-de","material-tebq013-de","material-tebq001-de","material-teno005-de","material-tevs021-de","material-tevs023-de","material-tego016-de","material-pg07-de","material-trp11-de","material-pr05-de","material-tebq016-de","material-tebq006-de","material-teno007-de","material-tevs003-de","material-tevs004-de","material-tego017-de","material-pg09-de","material-trp16-de","material-trp06-de","material-pr25-de","material-tebq017-de","material-tebq011-de","material-teno013-de","material-tevs002-de","material-tevs012-de","material-tego018-de","material-pg10-de","material-trp02-de","material-trp18-de","material-pr11-de","material-tebq005-de","material-tkc03-de","material-teno004-de","material-tevs009-de","material-tego024-de","material-tego019-de","material-trp14-de","material-pr24-de","material-pr15-de","material-tebq010-de","material-tkc06-de","material-teno010-de","material-tevs006-de","material-tego021-de","material-tego020-de","material-trp12-de","material-pr10-de","material-pr23-de","material-tebq002-de","material-tkc02-de","material-teno014-de","material-tevs018-de","material-tego004-de","material-tego022-de","material-trp04-de","material-pr12-de","material-pr21-de","material-tebq015-de","material-tkc01-de","material-teno006-de","material-tevs020-de","material-tego005-de","material-tego023-de","material-trp08-de","material-pr02-de","material-pr22-de","material-tebq014-de","material-tkc04-de","material-teno011-de","material-tevs005-de","material-tego006-de","material-tego025-de","material-trp15-de","material-pr03-de","material-pr04-de","material-tebq021-de","material-tkc07-de","material-teno012-de","material-tevs013-de","material-tego007-de","material-tesu001-de","material-trp13-de","material-pr01-de","material-pr09-de","material-tebq018-de","material-tkc05-de","material-teno001-de","material-tevs019-de","material-tego008-de","material-tesu002-de","material-trp07-de","material-pr13-de","material-pr17-de","material-tebq019-de","material-tkf06-de","material-teno008-de","material-tevs014-de","material-tego009-de","material-tesu003-de","material-trp09-de","material-pr16-de","material-pr06-de","material-tebq003-de","material-tkf02-de","material-tevs008-de","material-tevs015-de","material-tego010-de","material-tesu004-de","color-grey-de","color-white-de","color-chocolate-de","color-red-de","color-gold-de","color-beige-de","color-light-blue-de","color-white-black-de","color-blue-de","color-brown-de","color-green-de","color-orange-de","color-rose-de","color-yellow-de","color-black-de"],"acf":{"sku":"40.92","line":[74799],"is_accessory":false,"is_configurable":true,"kind":[71033,71034],"rooms":[71480],"seats":"","dimensions":{"diameter":"","x":"49","z":"61","y":"84\/48"},"finishing":{"top":[],"structure":[],"lower_cuff":[],"upper_cuff":[],"matchable_top":[],"builtin_revolving_central_top":[],"throat":[],"lampshade":[],"back":[],"sitting":{"75493":75493,"75489":75489,"75485":75485,"75481":75481,"75477":75477,"75497":75497,"75513":75513,"75529":75529,"75505":75505,"75509":75509,"75525":75525,"75521":75521,"75501":75501,"75517":75517,"76845":76845,"76846":76846,"76848":76848,"76849":76849},"cushions":[],"decorative_inner":[],"decorative_inserts":[],"side":[],"support":[],"front_doors":[],"top_front_doors":[],"seat_structure":{"70071":70071,"70072":70072,"70073":70073,"70074":70074,"70075":70075,"70076":70076,"70077":70077,"70078":70078,"70079":70079,"70080":70080,"70081":70081,"70082":70082,"70083":70083,"70084":70084,"70085":70085,"70086":70086,"70087":70087,"70088":70088,"70090":70090,"70092":70092,"70094":70094,"70096":70096,"70098":70098,"70100":70100,"70102":70102,"70104":70104,"70106":70106,"70108":70108,"70110":70110,"70112":70112,"70114":70114,"70116":70116,"70118":70118,"70120":70120,"70122":70122,"70124":70124,"70126":70126,"70127":70127,"70130":70130,"70132":70132,"70134":70134,"70136":70136,"70138":70138,"70140":70140,"70249":70249,"70251":70251,"70253":70253,"70255":70255,"70257":70257,"70259":70259,"70261":70261,"70263":70263,"70265":70265,"70267":70267,"70269":70269,"70271":70271,"70273":70273,"70275":70275,"70277":70277,"70279":70279,"70281":70281,"70283":70283,"70285":70285,"70287":70287,"70289":70289,"70301":70301,"70303":70303,"70305":70305,"70307":70307,"70309":70309,"70311":70311,"70313":70313,"70316":70316,"70322":70322,"70324":70324,"70373":70373,"70375":70375,"70377":70377,"70381":70381,"70383":70383,"70385":70385,"70387":70387,"70389":70389,"70391":70391,"70393":70393,"70395":70395,"70397":70397,"70399":70399,"70401":70401,"70454":70454,"70456":70456,"70458":70458,"70460":70460,"70462":70462,"70464":70464,"70466":70466,"70468":70468,"70470":70470,"70472":70472,"70474":70474,"70476":70476,"70478":70478,"70480":70480,"70482":70482,"70484":70484,"70486":70486,"70488":70488,"70490":70490,"70492":70492,"70494":70494,"70496":70496,"70498":70498,"70500":70500,"70509":70509,"70661":70661,"75892":75892,"75269":75269,"75270":75270,"75271":75271,"75272":75272,"75273":75273,"75274":75274,"75275":75275,"75276":75276,"75277":75277,"75278":75278,"75279":75279,"75280":75280,"75281":75281,"75282":75282,"75283":75283,"75284":75284,"75286":75286,"75287":75287,"75289":75289,"75687":75687,"75688":75688,"75689":75689,"75690":75690,"75691":75691,"75692":75692,"75693":75693},"top_structure":[],"covering":[],"optional_shelf":[],"mirror":[],"side_panels":[],"centerpiece":[]},"colors":{"top":[],"structure":[],"lower_cuff":[],"upper_cuff":[],"matchable_top":[],"builtin_revolving_central_top":[],"throat":[],"lampshade":[],"back":[],"sitting":{"60699":60699,"77270":77270,"77269":77269,"77268":77268,"75765":75765,"75768":75768,"77281":77281},"cushions":[],"decorative_inner":[],"decorative_inserts":[],"side":[],"support":[],"front_doors":[],"top_front_doors":[],"seat_structure":{"77290":77290,"77269":77269,"60711":60711,"60699":60699,"77270":77270,"77281":77281,"75768":75768,"77268":77268,"77291":77291,"75764":75764,"75767":75767,"75762":75762,"75763":75763,"75765":75765,"60728":60728},"top_structure":[],"covering":[],"optional_shelf":[],"mirror":[],"side_panels":[],"centerpiece":[]},"accessories":"","related":[126943,126909,126846],"gallery":[104568,139305,104283,104573,104188,104183],"product_sheet":"https:\/\/www.bontempi.it\/wp-content\/uploads\/2023\/03\/Grace-40.92-93.pdf","attachments":null,"videos":null,"silhouette":103643},"_links":{"self":[{"href":"https:\/\/www.bontempi.it\/de\/wp-json\/wp\/v2\/product\/131938","targetHints":{"allow":["GET"]}}],"collection":[{"href":"https:\/\/www.bontempi.it\/de\/wp-json\/wp\/v2\/product"}],"about":[{"href":"https:\/\/www.bontempi.it\/de\/wp-json\/wp\/v2\/types\/product"}],"acf:attachment":[{"embeddable":true,"href":"https:\/\/www.bontempi.it\/de\/wp-json\/wp\/v2\/media\/104183"},{"embeddable":true,"href":"https:\/\/www.bontempi.it\/de\/wp-json\/wp\/v2\/media\/104188"},{"embeddable":true,"href":"https:\/\/www.bontempi.it\/de\/wp-json\/wp\/v2\/media\/104573"},{"embeddable":true,"href":"https:\/\/www.bontempi.it\/de\/wp-json\/wp\/v2\/media\/104283"},{"embeddable":true,"href":"https:\/\/www.bontempi.it\/de\/wp-json\/wp\/v2\/media\/139305"},{"embeddable":true,"href":"https:\/\/www.bontempi.it\/de\/wp-json\/wp\/v2\/media\/104568"}],"acf:post":[{"embeddable":true,"href":"https:\/\/www.bontempi.it\/de\/wp-json\/wp\/v2\/product\/126846"},{"embeddable":true,"href":"https:\/\/www.bontempi.it\/de\/wp-json\/wp\/v2\/product\/126909"},{"embeddable":true,"href":"https:\/\/www.bontempi.it\/de\/wp-json\/wp\/v2\/product\/126943"}],"acf:term":[{"embeddable":true,"taxonomy":"room","href":"https:\/\/www.bontempi.it\/de\/wp-json\/wp\/v2\/room\/71480"},{"embeddable":true,"taxonomy":"kind","href":"https:\/\/www.bontempi.it\/de\/wp-json\/wp\/v2\/kind\/71034"},{"embeddable":true,"taxonomy":"kind","href":"https:\/\/www.bontempi.it\/de\/wp-json\/wp\/v2\/kind\/71033"},{"embeddable":true,"taxonomy":"line","href":"https:\/\/www.bontempi.it\/de\/wp-json\/wp\/v2\/line\/74799"}],"wp:attachment":[{"href":"https:\/\/www.bontempi.it\/de\/wp-json\/wp\/v2\/media?parent=131938"}],"wp:term":[{"taxonomy":"line","embeddable":true,"href":"https:\/\/www.bontempi.it\/de\/wp-json\/wp\/v2\/line?post=131938"},{"taxonomy":"kind","embeddable":true,"href":"https:\/\/www.bontempi.it\/de\/wp-json\/wp\/v2\/kind?post=131938"},{"taxonomy":"room","embeddable":true,"href":"https:\/\/www.bontempi.it\/de\/wp-json\/wp\/v2\/room?post=131938"},{"taxonomy":"material","embeddable":true,"href":"https:\/\/www.bontempi.it\/de\/wp-json\/wp\/v2\/material?post=131938"},{"taxonomy":"color","embeddable":true,"href":"https:\/\/www.bontempi.it\/de\/wp-json\/wp\/v2\/color?post=131938"},{"taxonomy":"certification","embeddable":true,"href":"https:\/\/www.bontempi.it\/de\/wp-json\/wp\/v2\/certification?post=131938"}],"curies":[{"name":"wp","href":"https:\/\/api.w.org\/{rel}","templated":true}]}}