{"id":131917,"date":"2023-11-09T10:18:10","date_gmt":"2023-11-09T09:18:10","guid":{"rendered":"https:\/\/www.bontempi.it\/product\/nata-40-71\/"},"modified":"2024-09-25T13:05:06","modified_gmt":"2024-09-25T11:05:06","slug":"nata-40-71","status":"publish","type":"product","link":"https:\/\/www.bontempi.it\/de\/nata-flex-4071\/","title":{"rendered":"Nata Flex &#8211; 40.71"},"content":{"rendered":"<p>Stuhl mit ergonomischer flexibler R\u00fcckenlehne und vollst\u00e4ndig gepolstertem Stahlgestell und Bezug aus: \u00d6kologisches Leder, Premium \u00d6kologisches Leder, Stoff Bouquet, Stoff Gourmet, Stoff Nordic, Reine Schnurwolle, Samt Supreme und Leder Premium, auch in der Version mit gesteppter R\u00fcckenlehne erh\u00e4ltlich (nur bei Stoff Nordic, \u00d6kologisches Leder- und Leder Premiumbez\u00fcgen).<\/p>\n","protected":false},"excerpt":{"rendered":"<p>flexibler R\u00fcckenlehne<\/p>\n","protected":false},"featured_media":0,"template":"","line":[74882],"kind":[71033,71034],"room":[71475,71478,71480],"material":[70071,70087,70122,70263,70377,75269,75286,70072,70090,70124,70265,70379,75270,75287,70073,70092,70126,70267,70381,75271,75289,70074,70094,70127,70269,70383,75272,75688,70075,70096,70130,70271,70385,75273,75689,70076,70098,70134,70273,70387,75274,75690,70077,70100,70136,70275,70389,75275,75691,70078,70102,70138,70277,70391,75276,75692,70079,70104,70140,70279,70393,75277,75693,70080,70106,70249,70281,70395,75278,75892,70081,70110,70251,70283,70397,75279,76846,70082,70112,70253,70285,70399,75280,76848,70083,70114,70255,70287,70401,75281,76849,70084,70116,70257,70289,70509,75282,70085,70118,70259,70373,70661,75283,70086,70120,70261,70375,70812,75284],"color":[60699,60711,60728,75762,75763,75764,75765,75767,75768,77268,77269,77270,77281,77290,77291],"certification":[60793,60807,60808],"class_list":["post-131917","product","type-product","status-publish","hentry","line-nata-de","kind-seatings-de","kind-chairs-de","room-kitchen-de","room-contract-de","room-living-de","material-trp16-de","material-trp06-de","material-pr15-de","material-tebq002-de","material-teno015-de","material-tego004-de","material-tego022-de","material-trp02-de","material-pr24-de","material-pr23-de","material-tebq015-de","material-teno002-de","material-tego005-de","material-tego023-de","material-trp14-de","material-pr10-de","material-pr21-de","material-tebq014-de","material-teno005-de","material-tego006-de","material-tego025-de","material-trp12-de","material-pr12-de","material-pr22-de","material-tebq021-de","material-teno007-de","material-tego007-de","material-tesu002-de","material-trp04-de","material-pr02-de","material-pr04-de","material-tebq018-de","material-teno013-de","material-tego008-de","material-tesu003-de","material-trp08-de","material-pr03-de","material-pr17-de","material-tebq019-de","material-teno004-de","material-tego009-de","material-tesu004-de","material-trp15-de","material-pr01-de","material-pr06-de","material-tebq003-de","material-teno010-de","material-tego010-de","material-tesu005-de","material-trp13-de","material-pr13-de","material-pr18-de","material-tebq012-de","material-teno014-de","material-tego011-de","material-tesu006-de","material-trp07-de","material-pr16-de","material-pr19-de","material-tebq009-de","material-teno006-de","material-tego012-de","material-tesu007-de","material-trp09-de","material-pr07-de","material-tebq020-de","material-tebq007-de","material-teno011-de","material-tego014-de","material-tego002-de","material-trp05-de","material-pr14-de","material-tebq004-de","material-tebq008-de","material-teno012-de","material-tego015-de","material-pg07-de","material-trp10-de","material-pr08-de","material-tebq013-de","material-tebq001-de","material-teno001-de","material-tego016-de","material-pg09-de","material-trp03-de","material-pr20-de","material-tebq016-de","material-tebq006-de","material-teno008-de","material-tego017-de","material-pg10-de","material-trp17-de","material-pr05-de","material-tebq017-de","material-tebq011-de","material-tego024-de","material-tego018-de","material-trp01-de","material-pr25-de","material-tebq005-de","material-teno009-de","material-tego021-de","material-tego019-de","material-trp11-de","material-pr11-de","material-tebq010-de","material-teno003-de","material-tns09-de","material-tego020-de","color-beige-de","color-light-blue-de","color-white-black-de","color-blue-de","color-brown-de","color-green-de","color-orange-de","color-rose-de","color-yellow-de","color-black-de","color-grey-de","color-white-de","color-chocolate-de","color-red-de","color-gold-de","certification-en-16139-13-en-1728-12-de","certification-trapuntatura-de","certification-schienale-flessibile-de"],"acf":{"sku":"40.71","line":[74882],"is_accessory":false,"is_configurable":true,"kind":[71033,71034],"rooms":[71475,71478,71480],"seats":"","dimensions":{"diameter":"","x":"49","z":"55","y":"89\/48"},"finishing":{"top":[],"structure":[],"lower_cuff":[],"upper_cuff":[],"matchable_top":[],"builtin_revolving_central_top":[],"throat":[],"lampshade":[],"back":[],"sitting":{"75493":75493,"75489":75489,"75485":75485,"75481":75481,"75477":75477,"75497":75497,"75513":75513,"75529":75529,"75505":75505,"75509":75509,"75525":75525,"75521":75521,"75501":75501,"75517":75517,"76845":76845,"76846":76846,"76848":76848,"76849":76849},"cushions":[],"decorative_inner":[],"decorative_inserts":[],"side":[],"support":[],"front_doors":[],"top_front_doors":[],"seat_structure":{"70071":70071,"70072":70072,"70073":70073,"70074":70074,"70075":70075,"70076":70076,"70077":70077,"70078":70078,"70079":70079,"70080":70080,"70081":70081,"70082":70082,"70083":70083,"70084":70084,"70085":70085,"70086":70086,"70087":70087,"70090":70090,"70092":70092,"70094":70094,"70096":70096,"70098":70098,"70100":70100,"70102":70102,"70104":70104,"70106":70106,"70110":70110,"70112":70112,"70114":70114,"70116":70116,"70118":70118,"70120":70120,"70122":70122,"70124":70124,"70126":70126,"70127":70127,"70130":70130,"70134":70134,"70136":70136,"70138":70138,"70140":70140,"70249":70249,"70251":70251,"70253":70253,"70255":70255,"70257":70257,"70259":70259,"70261":70261,"70263":70263,"70265":70265,"70267":70267,"70269":70269,"70271":70271,"70273":70273,"70275":70275,"70277":70277,"70279":70279,"70281":70281,"70283":70283,"70285":70285,"70287":70287,"70289":70289,"70373":70373,"70375":70375,"70377":70377,"70379":70379,"70381":70381,"70383":70383,"70385":70385,"70387":70387,"70389":70389,"70391":70391,"70393":70393,"70395":70395,"70397":70397,"70399":70399,"70401":70401,"70509":70509,"70661":70661,"70812":70812,"75892":75892,"75269":75269,"75270":75270,"75271":75271,"75272":75272,"75273":75273,"75274":75274,"75275":75275,"75276":75276,"75277":75277,"75278":75278,"75279":75279,"75280":75280,"75281":75281,"75282":75282,"75283":75283,"75284":75284,"75286":75286,"75287":75287,"75289":75289,"75688":75688,"75689":75689,"75690":75690,"75691":75691,"75692":75692,"75693":75693},"top_structure":[],"covering":[],"optional_shelf":[],"mirror":[],"side_panels":[],"centerpiece":[]},"colors":{"top":[],"structure":[],"lower_cuff":[],"upper_cuff":[],"matchable_top":[],"builtin_revolving_central_top":[],"throat":[],"lampshade":[],"back":[],"sitting":{"60699":60699,"77270":77270,"77269":77269,"77268":77268,"75765":75765,"75768":75768,"77281":77281},"cushions":[],"decorative_inner":[],"decorative_inserts":[],"side":[],"support":[],"front_doors":[],"top_front_doors":[],"seat_structure":{"77290":77290,"77269":77269,"60711":60711,"60699":60699,"77270":77270,"77281":77281,"75768":75768,"77268":77268,"77291":77291,"75767":75767,"75764":75764,"75762":75762,"75763":75763,"75765":75765,"60728":60728},"top_structure":[],"covering":[],"optional_shelf":[],"mirror":[],"side_panels":[],"centerpiece":[]},"accessories":"","related":[127014],"gallery":[30931],"product_sheet":"","attachments":null,"videos":null,"silhouette":33029},"_links":{"self":[{"href":"https:\/\/www.bontempi.it\/de\/wp-json\/wp\/v2\/product\/131917","targetHints":{"allow":["GET"]}}],"collection":[{"href":"https:\/\/www.bontempi.it\/de\/wp-json\/wp\/v2\/product"}],"about":[{"href":"https:\/\/www.bontempi.it\/de\/wp-json\/wp\/v2\/types\/product"}],"acf:attachment":[{"embeddable":true,"href":"https:\/\/www.bontempi.it\/de\/wp-json\/wp\/v2\/media\/30931"}],"acf:post":[{"embeddable":true,"href":"https:\/\/www.bontempi.it\/de\/wp-json\/wp\/v2\/product\/127014"}],"acf:term":[{"embeddable":true,"taxonomy":"room","href":"https:\/\/www.bontempi.it\/de\/wp-json\/wp\/v2\/room\/71480"},{"embeddable":true,"taxonomy":"room","href":"https:\/\/www.bontempi.it\/de\/wp-json\/wp\/v2\/room\/71478"},{"embeddable":true,"taxonomy":"room","href":"https:\/\/www.bontempi.it\/de\/wp-json\/wp\/v2\/room\/71475"},{"embeddable":true,"taxonomy":"kind","href":"https:\/\/www.bontempi.it\/de\/wp-json\/wp\/v2\/kind\/71034"},{"embeddable":true,"taxonomy":"kind","href":"https:\/\/www.bontempi.it\/de\/wp-json\/wp\/v2\/kind\/71033"},{"embeddable":true,"taxonomy":"line","href":"https:\/\/www.bontempi.it\/de\/wp-json\/wp\/v2\/line\/74882"}],"wp:attachment":[{"href":"https:\/\/www.bontempi.it\/de\/wp-json\/wp\/v2\/media?parent=131917"}],"wp:term":[{"taxonomy":"line","embeddable":true,"href":"https:\/\/www.bontempi.it\/de\/wp-json\/wp\/v2\/line?post=131917"},{"taxonomy":"kind","embeddable":true,"href":"https:\/\/www.bontempi.it\/de\/wp-json\/wp\/v2\/kind?post=131917"},{"taxonomy":"room","embeddable":true,"href":"https:\/\/www.bontempi.it\/de\/wp-json\/wp\/v2\/room?post=131917"},{"taxonomy":"material","embeddable":true,"href":"https:\/\/www.bontempi.it\/de\/wp-json\/wp\/v2\/material?post=131917"},{"taxonomy":"color","embeddable":true,"href":"https:\/\/www.bontempi.it\/de\/wp-json\/wp\/v2\/color?post=131917"},{"taxonomy":"certification","embeddable":true,"href":"https:\/\/www.bontempi.it\/de\/wp-json\/wp\/v2\/certification?post=131917"}],"curies":[{"name":"wp","href":"https:\/\/api.w.org\/{rel}","templated":true}]}}