{"id":131887,"date":"2023-11-09T10:16:56","date_gmt":"2023-11-09T09:16:56","guid":{"rendered":"https:\/\/www.bontempi.it\/product\/margot-40-45\/"},"modified":"2024-09-25T13:04:56","modified_gmt":"2024-09-25T11:04:56","slug":"margot-40-45","status":"publish","type":"product","link":"https:\/\/www.bontempi.it\/de\/margot-4045\/","title":{"rendered":"Margot &#8211; 40.45"},"content":{"rendered":"<p>Stuhl mit Gestell aus Massivholz, Monocoque mit Armlehnen, gepolstert und bezogen mit Kunstleder Premium, Premium Kunstleder Premium, Nordic Gewebe, Reine Schnurwolle, Samt Supreme, Deko-Stoff und Premium Leder, auch in der Version mit gesteppter R\u00fcckenlehne erh\u00e4ltlich (nur bei Bez\u00fcgen Nordic, \u00d6kologisches Leder und Premium Leder).<\/p>\n","protected":false},"excerpt":{"rendered":"<p>Armlehnen<\/p>\n","protected":false},"featured_media":0,"template":"","line":[74860],"kind":[71033,71034],"room":[71474,71478,71480],"material":[75481,75691,75485,75692,75489,75693,75493,76845,75497,76846,75501,76848,75505,76849,75509,75513,75517,75521,75525,69961,75529,69963,75688,69964,75689,75477,75690],"color":[77269,77270,77281,60699,75765,75768,77268],"certification":[60807],"class_list":["post-131887","product","type-product","status-publish","hentry","line-margot-de","kind-seatings-de","kind-chairs-de","room-hall-de","room-contract-de","room-living-de","material-pg04-de","material-tesu005-de","material-pg03-de","material-tesu006-de","material-pg01-de","material-tesu007-de","material-pg02-de","material-pg06-de","material-vn06-de","material-pg07-de","material-vn08-de","material-pg09-de","material-vn01-de","material-pg10-de","material-vn04-de","material-vn02-de","material-vn09-de","material-vn07-de","material-vn05-de","material-l006-de","material-vn03-de","material-l110-de","material-tesu002-de","material-l109-de","material-tesu003-de","material-pg05-de","material-tesu004-de","color-grey-de","color-white-de","color-chocolate-de","color-beige-de","color-orange-de","color-yellow-de","color-black-de","certification-trapuntatura-de"],"acf":{"sku":"40.45","line":[74860],"is_accessory":false,"is_configurable":true,"kind":[71033,71034],"rooms":[71474,71478,71480],"seats":"","dimensions":{"diameter":"","x":"55","z":"55","y":"87\/49"},"finishing":{"top":[],"structure":{"69936":69936,"69961":69961,"69963":69963,"69964":69964},"lower_cuff":[],"upper_cuff":[],"matchable_top":[],"builtin_revolving_central_top":[],"throat":[],"lampshade":[],"back":[],"sitting":{"75493":75493,"75489":75489,"75485":75485,"75481":75481,"75477":75477,"75497":75497,"75513":75513,"75529":75529,"75505":75505,"75509":75509,"75525":75525,"75521":75521,"75501":75501,"75517":75517,"75688":75688,"75689":75689,"75690":75690,"75691":75691,"75692":75692,"75693":75693,"76845":76845,"76846":76846,"76848":76848,"76849":76849},"cushions":[],"decorative_inner":[],"decorative_inserts":[],"side":[],"support":[],"front_doors":[],"top_front_doors":[],"seat_structure":[],"top_structure":[],"covering":[],"optional_shelf":[],"mirror":[],"side_panels":[],"centerpiece":[]},"colors":{"top":[],"structure":{"77281":77281,"77268":77268,"60699":60699},"lower_cuff":[],"upper_cuff":[],"matchable_top":[],"builtin_revolving_central_top":[],"throat":[],"lampshade":[],"back":[],"sitting":{"60699":60699,"77270":77270,"77269":77269,"77268":77268,"75765":75765,"75768":75768,"77281":77281},"cushions":[],"decorative_inner":[],"decorative_inserts":[],"side":[],"support":[],"front_doors":[],"top_front_doors":[],"seat_structure":[],"top_structure":[],"covering":[],"optional_shelf":[],"mirror":[],"side_panels":[],"centerpiece":[]},"accessories":"","related":[126705,126831,126838,126984,127007,127008,127102,127195,127244,127255,127256,127400,127362],"gallery":[27573,11622,27623,27575,27581,27585,27589,20222,27593,27599,40448],"product_sheet":"https:\/\/www.bontempi.it\/wp-content\/uploads\/2023\/03\/Margot-40.45.pdf","attachments":null,"videos":null,"silhouette":37152},"_links":{"self":[{"href":"https:\/\/www.bontempi.it\/de\/wp-json\/wp\/v2\/product\/131887","targetHints":{"allow":["GET"]}}],"collection":[{"href":"https:\/\/www.bontempi.it\/de\/wp-json\/wp\/v2\/product"}],"about":[{"href":"https:\/\/www.bontempi.it\/de\/wp-json\/wp\/v2\/types\/product"}],"acf:attachment":[{"embeddable":true,"href":"https:\/\/www.bontempi.it\/de\/wp-json\/wp\/v2\/media\/40448"},{"embeddable":true,"href":"https:\/\/www.bontempi.it\/de\/wp-json\/wp\/v2\/media\/27599"},{"embeddable":true,"href":"https:\/\/www.bontempi.it\/de\/wp-json\/wp\/v2\/media\/27593"},{"embeddable":true,"href":"https:\/\/www.bontempi.it\/de\/wp-json\/wp\/v2\/media\/20222"},{"embeddable":true,"href":"https:\/\/www.bontempi.it\/de\/wp-json\/wp\/v2\/media\/27589"},{"embeddable":true,"href":"https:\/\/www.bontempi.it\/de\/wp-json\/wp\/v2\/media\/27585"},{"embeddable":true,"href":"https:\/\/www.bontempi.it\/de\/wp-json\/wp\/v2\/media\/27581"},{"embeddable":true,"href":"https:\/\/www.bontempi.it\/de\/wp-json\/wp\/v2\/media\/27575"},{"embeddable":true,"href":"https:\/\/www.bontempi.it\/de\/wp-json\/wp\/v2\/media\/27623"},{"embeddable":true,"href":"https:\/\/www.bontempi.it\/de\/wp-json\/wp\/v2\/media\/11622"},{"embeddable":true,"href":"https:\/\/www.bontempi.it\/de\/wp-json\/wp\/v2\/media\/27573"}],"acf:post":[{"embeddable":true,"href":"https:\/\/www.bontempi.it\/de\/wp-json\/wp\/v2\/product\/127362"},{"embeddable":true,"href":"https:\/\/www.bontempi.it\/de\/wp-json\/wp\/v2\/product\/127400"},{"embeddable":true,"href":"https:\/\/www.bontempi.it\/de\/wp-json\/wp\/v2\/product\/127256"},{"embeddable":true,"href":"https:\/\/www.bontempi.it\/de\/wp-json\/wp\/v2\/product\/127255"},{"embeddable":true,"href":"https:\/\/www.bontempi.it\/de\/wp-json\/wp\/v2\/product\/127244"},{"embeddable":true,"href":"https:\/\/www.bontempi.it\/de\/wp-json\/wp\/v2\/product\/127195"},{"embeddable":true,"href":"https:\/\/www.bontempi.it\/de\/wp-json\/wp\/v2\/product\/127102"},{"embeddable":true,"href":"https:\/\/www.bontempi.it\/de\/wp-json\/wp\/v2\/product\/127008"},{"embeddable":true,"href":"https:\/\/www.bontempi.it\/de\/wp-json\/wp\/v2\/product\/127007"},{"embeddable":true,"href":"https:\/\/www.bontempi.it\/de\/wp-json\/wp\/v2\/product\/126984"},{"embeddable":true,"href":"https:\/\/www.bontempi.it\/de\/wp-json\/wp\/v2\/product\/126838"},{"embeddable":true,"href":"https:\/\/www.bontempi.it\/de\/wp-json\/wp\/v2\/product\/126831"},{"embeddable":true,"href":"https:\/\/www.bontempi.it\/de\/wp-json\/wp\/v2\/product\/126705"}],"acf:term":[{"embeddable":true,"taxonomy":"room","href":"https:\/\/www.bontempi.it\/de\/wp-json\/wp\/v2\/room\/71480"},{"embeddable":true,"taxonomy":"room","href":"https:\/\/www.bontempi.it\/de\/wp-json\/wp\/v2\/room\/71478"},{"embeddable":true,"taxonomy":"room","href":"https:\/\/www.bontempi.it\/de\/wp-json\/wp\/v2\/room\/71474"},{"embeddable":true,"taxonomy":"kind","href":"https:\/\/www.bontempi.it\/de\/wp-json\/wp\/v2\/kind\/71034"},{"embeddable":true,"taxonomy":"kind","href":"https:\/\/www.bontempi.it\/de\/wp-json\/wp\/v2\/kind\/71033"},{"embeddable":true,"taxonomy":"line","href":"https:\/\/www.bontempi.it\/de\/wp-json\/wp\/v2\/line\/74860"}],"wp:attachment":[{"href":"https:\/\/www.bontempi.it\/de\/wp-json\/wp\/v2\/media?parent=131887"}],"wp:term":[{"taxonomy":"line","embeddable":true,"href":"https:\/\/www.bontempi.it\/de\/wp-json\/wp\/v2\/line?post=131887"},{"taxonomy":"kind","embeddable":true,"href":"https:\/\/www.bontempi.it\/de\/wp-json\/wp\/v2\/kind?post=131887"},{"taxonomy":"room","embeddable":true,"href":"https:\/\/www.bontempi.it\/de\/wp-json\/wp\/v2\/room?post=131887"},{"taxonomy":"material","embeddable":true,"href":"https:\/\/www.bontempi.it\/de\/wp-json\/wp\/v2\/material?post=131887"},{"taxonomy":"color","embeddable":true,"href":"https:\/\/www.bontempi.it\/de\/wp-json\/wp\/v2\/color?post=131887"},{"taxonomy":"certification","embeddable":true,"href":"https:\/\/www.bontempi.it\/de\/wp-json\/wp\/v2\/certification?post=131887"}],"curies":[{"name":"wp","href":"https:\/\/api.w.org\/{rel}","templated":true}]}}