{"id":131865,"date":"2023-11-09T10:15:46","date_gmt":"2023-11-09T09:15:46","guid":{"rendered":"https:\/\/www.bontempi.it\/product\/clara-40-11\/"},"modified":"2024-09-25T13:05:18","modified_gmt":"2024-09-25T11:05:18","slug":"clara-40-11","status":"publish","type":"product","link":"https:\/\/www.bontempi.it\/de\/clara-4011\/","title":{"rendered":"Clara &#8211; 40.11"},"content":{"rendered":"<p>Stuhl mit Stahlgestell, komplett gepolstert und mit \u00d6koleder, Premium \u00d6koleder, Stoff Bouquet, Stoff Gourmet, Stoff Nordic, Reine Schnurwolle, Samt Supreme und Leder Premium bezogen, auch in der Version mit gesteppter R\u00fcckenlehne erh\u00e4ltlich ( nur in den Stoff Nordic, \u00d6koleder-, Premium \u00d6koleder- und Leder Premiumbez\u00fcgen), auch in der Version mit gesteppter R\u00fcckenlehne erh\u00e4ltlich (nur in den Stoff Nordic, \u00d6koleder- und Leder Premiumbez\u00fcgen).<\/p>\n","protected":false},"excerpt":{"rendered":"<p>Komplett gepolstrt<\/p>\n","protected":false},"featured_media":0,"template":"","line":[74711],"kind":[71033,71034],"room":[71474,71475,71478],"material":[70100,70116,70132,70261,70375,70458,70490,75276,70101,70117,70133,70263,70377,70460,70492,75277,70102,70118,70134,70265,70379,70462,70494,75278,70103,70119,70135,70267,70381,70464,70496,75279,70104,70120,70136,70269,70383,70466,70498,75280,70105,70121,70137,70271,70385,70468,70500,75281,70090,70106,70122,70138,70273,70387,70470,70509,75282,70091,70107,70123,70139,70275,70389,70472,70661,75283,70092,70108,70124,70140,70277,70391,70474,70812,75284,70093,70109,70125,70141,70279,70393,70476,75269,75286,70094,70110,70126,70249,70281,70395,70478,75270,75287,70095,70111,70127,70251,70283,70397,70480,75271,75289,70096,70112,70128,70253,70285,70399,70482,75272,75892,70097,70113,70129,70255,70287,70401,70484,75273,70098,70114,70130,70257,70289,70454,70486,75274,70099,70115,70131,70259,70373,70456,70488,75275],"color":[77269,77270,77281,77290,60699,60711,60728,75762,75763,75764,75765,75767,75768,77268],"certification":[60791,60807],"class_list":["post-131865","product","type-product","status-publish","hentry","line-clara-de","kind-seatings-de","kind-chairs-de","room-hall-de","room-kitchen-de","room-contract-de","material-pr01-de","material-pr05-de","material-pr09-de","material-tebq010-de","material-teno003-de","material-tevs017-de","material-tevs011-de","material-tego011-de","material-pr01t-de","material-pr05t-de","material-pr09t-de","material-tebq002-de","material-teno015-de","material-tevs007-de","material-tevs001-de","material-tego012-de","material-pr13-de","material-pr25-de","material-pr17-de","material-tebq015-de","material-teno002-de","material-tevs022-de","material-tevs010-de","material-tego014-de","material-pr13t-de","material-pr25t-de","material-pr17t-de","material-tebq014-de","material-teno005-de","material-tevs021-de","material-tevs023-de","material-tego015-de","material-pr16-de","material-pr11-de","material-pr06-de","material-tebq021-de","material-teno007-de","material-tevs003-de","material-tevs004-de","material-tego016-de","material-pr16t-de","material-pr11t-de","material-pr06t-de","material-tebq018-de","material-teno013-de","material-tevs002-de","material-tevs012-de","material-tego017-de","material-pr24-de","material-pr07-de","material-pr15-de","material-pr18-de","material-tebq019-de","material-teno004-de","material-tevs009-de","material-tego024-de","material-tego018-de","material-pr24t-de","material-pr07t-de","material-pr15t-de","material-pr18t-de","material-tebq003-de","material-teno010-de","material-tevs006-de","material-tego021-de","material-tego019-de","material-pr10-de","material-pr26-de","material-pr23-de","material-pr19-de","material-tebq012-de","material-teno014-de","material-tevs018-de","material-tns09-de","material-tego020-de","material-pr10t-de","material-pr26t-de","material-pr23t-de","material-pr19t-de","material-tebq009-de","material-teno006-de","material-tevs020-de","material-tego004-de","material-tego022-de","material-pr12-de","material-pr14-de","material-pr21-de","material-tebq020-de","material-tebq007-de","material-teno011-de","material-tevs005-de","material-tego005-de","material-tego023-de","material-pr12t-de","material-pr14t-de","material-pr22-de","material-tebq004-de","material-tebq008-de","material-teno012-de","material-tevs013-de","material-tego006-de","material-tego025-de","material-pr02-de","material-pr08-de","material-pr22t-de","material-tebq013-de","material-tebq001-de","material-teno001-de","material-tevs019-de","material-tego007-de","material-tego002-de","material-pr02t-de","material-pr08t-de","material-pr21t-de","material-tebq016-de","material-tebq006-de","material-teno008-de","material-tevs014-de","material-tego008-de","material-pr03-de","material-pr20-de","material-pr04-de","material-tebq017-de","material-tebq011-de","material-tevs008-de","material-tevs015-de","material-tego009-de","material-pr03t-de","material-pr20t-de","material-pr04t-de","material-tebq005-de","material-teno009-de","material-tevs016-de","material-tevs024-de","material-tego010-de","color-grey-de","color-white-de","color-chocolate-de","color-red-de","color-beige-de","color-light-blue-de","color-white-black-de","color-blue-de","color-brown-de","color-green-de","color-orange-de","color-rose-de","color-yellow-de","color-black-de","certification-en-12520-10-en-1728-02-de","certification-trapuntatura-de"],"acf":{"sku":"40.11","line":[74711],"is_accessory":false,"is_configurable":true,"kind":[71033,71034],"rooms":[71474,71475,71478],"seats":"","dimensions":{"diameter":"","x":"52","z":"60","y":"91\/48"},"finishing":{"top":[],"structure":[],"lower_cuff":[],"upper_cuff":[],"matchable_top":[],"builtin_revolving_central_top":[],"throat":[],"lampshade":[],"back":[],"sitting":{"75493":75493,"75489":75489,"75485":75485,"75481":75481,"75477":75477,"75497":75497,"75513":75513,"75529":75529,"75505":75505,"75509":75509,"75525":75525,"75521":75521,"75501":75501,"75517":75517,"75688":75688,"75689":75689,"75690":75690,"75691":75691,"75692":75692,"75693":75693,"76845":76845,"76846":76846,"76848":76848,"76849":76849},"cushions":[],"decorative_inner":[],"decorative_inserts":[],"side":[],"support":[],"front_doors":[],"top_front_doors":[],"seat_structure":{"70090":70090,"70091":70091,"70092":70092,"70093":70093,"70094":70094,"70095":70095,"70096":70096,"70097":70097,"70098":70098,"70099":70099,"70100":70100,"70101":70101,"70102":70102,"70103":70103,"70104":70104,"70105":70105,"70106":70106,"70107":70107,"70108":70108,"70109":70109,"70110":70110,"70111":70111,"70112":70112,"70113":70113,"70114":70114,"70115":70115,"70116":70116,"70117":70117,"70118":70118,"70119":70119,"70120":70120,"70121":70121,"70122":70122,"70123":70123,"70124":70124,"70125":70125,"70126":70126,"70127":70127,"70128":70128,"70129":70129,"70130":70130,"70131":70131,"70132":70132,"70133":70133,"70134":70134,"70135":70135,"70136":70136,"70137":70137,"70138":70138,"70139":70139,"70140":70140,"70141":70141,"70249":70249,"70251":70251,"70253":70253,"70255":70255,"70257":70257,"70259":70259,"70261":70261,"70263":70263,"70265":70265,"70267":70267,"70269":70269,"70271":70271,"70273":70273,"70275":70275,"70277":70277,"70279":70279,"70281":70281,"70283":70283,"70285":70285,"70287":70287,"70289":70289,"70373":70373,"70375":70375,"70377":70377,"70379":70379,"70381":70381,"70383":70383,"70385":70385,"70387":70387,"70389":70389,"70391":70391,"70393":70393,"70395":70395,"70397":70397,"70399":70399,"70401":70401,"70454":70454,"70456":70456,"70458":70458,"70460":70460,"70462":70462,"70464":70464,"70466":70466,"70468":70468,"70470":70470,"70472":70472,"70474":70474,"70476":70476,"70478":70478,"70480":70480,"70482":70482,"70484":70484,"70486":70486,"70488":70488,"70490":70490,"70492":70492,"70494":70494,"70496":70496,"70498":70498,"70500":70500,"70509":70509,"70661":70661,"70812":70812,"75892":75892,"75269":75269,"75270":75270,"75271":75271,"75272":75272,"75273":75273,"75274":75274,"75275":75275,"75276":75276,"75277":75277,"75278":75278,"75279":75279,"75280":75280,"75281":75281,"75282":75282,"75283":75283,"75284":75284,"75286":75286,"75287":75287,"75289":75289},"top_structure":[],"covering":[],"optional_shelf":[],"mirror":[],"side_panels":[],"centerpiece":[]},"colors":{"top":[],"structure":[],"lower_cuff":[],"upper_cuff":[],"matchable_top":[],"builtin_revolving_central_top":[],"throat":[],"lampshade":[],"back":[],"sitting":{"60699":60699,"77270":77270,"77269":77269,"77268":77268,"75765":75765,"75768":75768,"77281":77281},"cushions":[],"decorative_inner":[],"decorative_inserts":[],"side":[],"support":[],"front_doors":[],"top_front_doors":[],"seat_structure":{"77290":77290,"77269":77269,"60711":60711,"60699":60699,"77270":77270,"77281":77281,"75767":75767,"75765":75765,"75768":75768,"77268":77268,"75764":75764,"75762":75762,"75763":75763,"60728":60728},"top_structure":[],"covering":[],"optional_shelf":[],"mirror":[],"side_panels":[],"centerpiece":[]},"accessories":"","related":[126417,126645,126689,126692,126693,126797,126997,127011,127032,127126,127139,127244,127245,127246,127362],"gallery":[40423,39764,60767,60844,27254,27258,27264,8121],"product_sheet":"https:\/\/www.bontempi.it\/wp-content\/uploads\/2023\/03\/Clara-40.11-90.pdf","attachments":null,"videos":null,"silhouette":37088},"_links":{"self":[{"href":"https:\/\/www.bontempi.it\/de\/wp-json\/wp\/v2\/product\/131865","targetHints":{"allow":["GET"]}}],"collection":[{"href":"https:\/\/www.bontempi.it\/de\/wp-json\/wp\/v2\/product"}],"about":[{"href":"https:\/\/www.bontempi.it\/de\/wp-json\/wp\/v2\/types\/product"}],"acf:attachment":[{"embeddable":true,"href":"https:\/\/www.bontempi.it\/de\/wp-json\/wp\/v2\/media\/8121"},{"embeddable":true,"href":"https:\/\/www.bontempi.it\/de\/wp-json\/wp\/v2\/media\/27264"},{"embeddable":true,"href":"https:\/\/www.bontempi.it\/de\/wp-json\/wp\/v2\/media\/27258"},{"embeddable":true,"href":"https:\/\/www.bontempi.it\/de\/wp-json\/wp\/v2\/media\/27254"},{"embeddable":true,"href":"https:\/\/www.bontempi.it\/de\/wp-json\/wp\/v2\/media\/60844"},{"embeddable":true,"href":"https:\/\/www.bontempi.it\/de\/wp-json\/wp\/v2\/media\/60767"},{"embeddable":true,"href":"https:\/\/www.bontempi.it\/de\/wp-json\/wp\/v2\/media\/39764"},{"embeddable":true,"href":"https:\/\/www.bontempi.it\/de\/wp-json\/wp\/v2\/media\/40423"}],"acf:post":[{"embeddable":true,"href":"https:\/\/www.bontempi.it\/de\/wp-json\/wp\/v2\/product\/127362"},{"embeddable":true,"href":"https:\/\/www.bontempi.it\/de\/wp-json\/wp\/v2\/product\/127246"},{"embeddable":true,"href":"https:\/\/www.bontempi.it\/de\/wp-json\/wp\/v2\/product\/127245"},{"embeddable":true,"href":"https:\/\/www.bontempi.it\/de\/wp-json\/wp\/v2\/product\/127244"},{"embeddable":true,"href":"https:\/\/www.bontempi.it\/de\/wp-json\/wp\/v2\/product\/127139"},{"embeddable":true,"href":"https:\/\/www.bontempi.it\/de\/wp-json\/wp\/v2\/product\/127126"},{"embeddable":true,"href":"https:\/\/www.bontempi.it\/de\/wp-json\/wp\/v2\/product\/127032"},{"embeddable":true,"href":"https:\/\/www.bontempi.it\/de\/wp-json\/wp\/v2\/product\/127011"},{"embeddable":true,"href":"https:\/\/www.bontempi.it\/de\/wp-json\/wp\/v2\/product\/126997"},{"embeddable":true,"href":"https:\/\/www.bontempi.it\/de\/wp-json\/wp\/v2\/product\/126797"},{"embeddable":true,"href":"https:\/\/www.bontempi.it\/de\/wp-json\/wp\/v2\/product\/126693"},{"embeddable":true,"href":"https:\/\/www.bontempi.it\/de\/wp-json\/wp\/v2\/product\/126692"},{"embeddable":true,"href":"https:\/\/www.bontempi.it\/de\/wp-json\/wp\/v2\/product\/126689"},{"embeddable":true,"href":"https:\/\/www.bontempi.it\/de\/wp-json\/wp\/v2\/product\/126645"},{"embeddable":true,"href":"https:\/\/www.bontempi.it\/de\/wp-json\/wp\/v2\/product\/126417"}],"acf:term":[{"embeddable":true,"taxonomy":"room","href":"https:\/\/www.bontempi.it\/de\/wp-json\/wp\/v2\/room\/71478"},{"embeddable":true,"taxonomy":"room","href":"https:\/\/www.bontempi.it\/de\/wp-json\/wp\/v2\/room\/71475"},{"embeddable":true,"taxonomy":"room","href":"https:\/\/www.bontempi.it\/de\/wp-json\/wp\/v2\/room\/71474"},{"embeddable":true,"taxonomy":"kind","href":"https:\/\/www.bontempi.it\/de\/wp-json\/wp\/v2\/kind\/71034"},{"embeddable":true,"taxonomy":"kind","href":"https:\/\/www.bontempi.it\/de\/wp-json\/wp\/v2\/kind\/71033"},{"embeddable":true,"taxonomy":"line","href":"https:\/\/www.bontempi.it\/de\/wp-json\/wp\/v2\/line\/74711"}],"wp:attachment":[{"href":"https:\/\/www.bontempi.it\/de\/wp-json\/wp\/v2\/media?parent=131865"}],"wp:term":[{"taxonomy":"line","embeddable":true,"href":"https:\/\/www.bontempi.it\/de\/wp-json\/wp\/v2\/line?post=131865"},{"taxonomy":"kind","embeddable":true,"href":"https:\/\/www.bontempi.it\/de\/wp-json\/wp\/v2\/kind?post=131865"},{"taxonomy":"room","embeddable":true,"href":"https:\/\/www.bontempi.it\/de\/wp-json\/wp\/v2\/room?post=131865"},{"taxonomy":"material","embeddable":true,"href":"https:\/\/www.bontempi.it\/de\/wp-json\/wp\/v2\/material?post=131865"},{"taxonomy":"color","embeddable":true,"href":"https:\/\/www.bontempi.it\/de\/wp-json\/wp\/v2\/color?post=131865"},{"taxonomy":"certification","embeddable":true,"href":"https:\/\/www.bontempi.it\/de\/wp-json\/wp\/v2\/certification?post=131865"}],"curies":[{"name":"wp","href":"https:\/\/api.w.org\/{rel}","templated":true}]}}