{"id":131826,"date":"2023-11-09T10:13:02","date_gmt":"2023-11-09T09:13:02","guid":{"rendered":"https:\/\/www.bontempi.it\/product\/galaxy-sgabello-34-61\/"},"modified":"2024-09-25T13:05:37","modified_gmt":"2024-09-25T11:05:37","slug":"galaxy-sgabello-34-61","status":"publish","type":"product","link":"https:\/\/www.bontempi.it\/de\/galaxy-barhocker-3461\/","title":{"rendered":"Galaxy Barhocker &#8211; 34.61"},"content":{"rendered":"<p>Stapelbarer Hocker mit Vollgestell aus Polypropylen und recycelbarer Glasfaser, hergestellt gem\u00e4\u00df EN 16139 f\u00fcr folgende Verwendungszwecke: B\u00fcros, \u00f6ffentliche B\u00fcros, Tagungsr\u00e4ume, Bars, Restaurants, Banken usw.<\/p>\n","protected":false},"excerpt":{"rendered":"<p>niedriger R\u00fccken<\/p>\n","protected":false},"featured_media":0,"template":"","line":[74784],"kind":[71033,71035],"room":[71475,71477,71478],"material":[70156,70158,70159,70160,70161,70162,70164],"color":[60699,75765,75768,77268,77269,77270],"certification":[60793,60801,60802,60805,60806],"class_list":["post-131826","product","type-product","status-publish","hentry","line-galaxy-footstool-de","kind-seatings-de","kind-footstool-de","room-kitchen-de","room-outdoor-de","room-contract-de","material-z039-de","material-z031-de","material-z008-de","material-z009-de","material-z006-de","material-z038-de","material-z029-de","color-beige-de","color-orange-de","color-yellow-de","color-black-de","color-grey-de","color-white-de","certification-en-16139-13-en-1728-12-de","certification-uni-en-15373-07-uni-en-1728-02-de","certification-outdoor-sedie-de","certification-impilabilita-sedie-de","certification-riciclaggio-de"],"acf":{"sku":"34.61","line":[74784],"is_accessory":false,"is_configurable":true,"kind":[71033,71035],"rooms":[71475,71477,71478],"seats":"","dimensions":{"diameter":"","x":"50","z":"50","y":"94\/65"},"finishing":{"top":[],"structure":[],"lower_cuff":[],"upper_cuff":[],"matchable_top":[],"builtin_revolving_central_top":[],"throat":[],"lampshade":[],"back":[],"sitting":[],"cushions":[],"decorative_inner":[],"decorative_inserts":[],"side":[],"support":[],"front_doors":[],"top_front_doors":[],"seat_structure":{"70156":70156,"70158":70158,"70159":70159,"70160":70160,"70161":70161,"70162":70162,"70164":70164},"top_structure":[],"covering":[],"optional_shelf":[],"mirror":[],"side_panels":[],"centerpiece":[]},"colors":{"top":[],"structure":[],"lower_cuff":[],"upper_cuff":[],"matchable_top":[],"builtin_revolving_central_top":[],"throat":[],"lampshade":[],"back":[],"sitting":[],"cushions":[],"decorative_inner":[],"decorative_inserts":[],"side":[],"support":[],"front_doors":[],"top_front_doors":[],"seat_structure":{"77269":77269,"77270":77270,"75765":75765,"75768":75768,"77268":77268,"60699":60699},"top_structure":[],"covering":[],"optional_shelf":[],"mirror":[],"side_panels":[],"centerpiece":[]},"accessories":[126920],"related":"","gallery":[59917],"product_sheet":"https:\/\/www.bontempi.it\/wp-content\/uploads\/2023\/03\/Galaxy-34.61.pdf","attachments":null,"videos":null,"silhouette":32935},"_links":{"self":[{"href":"https:\/\/www.bontempi.it\/de\/wp-json\/wp\/v2\/product\/131826","targetHints":{"allow":["GET"]}}],"collection":[{"href":"https:\/\/www.bontempi.it\/de\/wp-json\/wp\/v2\/product"}],"about":[{"href":"https:\/\/www.bontempi.it\/de\/wp-json\/wp\/v2\/types\/product"}],"acf:attachment":[{"embeddable":true,"href":"https:\/\/www.bontempi.it\/de\/wp-json\/wp\/v2\/media\/59917"}],"acf:post":[{"embeddable":true,"href":"https:\/\/www.bontempi.it\/de\/wp-json\/wp\/v2\/product\/126920"}],"acf:term":[{"embeddable":true,"taxonomy":"room","href":"https:\/\/www.bontempi.it\/de\/wp-json\/wp\/v2\/room\/71478"},{"embeddable":true,"taxonomy":"room","href":"https:\/\/www.bontempi.it\/de\/wp-json\/wp\/v2\/room\/71477"},{"embeddable":true,"taxonomy":"room","href":"https:\/\/www.bontempi.it\/de\/wp-json\/wp\/v2\/room\/71475"},{"embeddable":true,"taxonomy":"kind","href":"https:\/\/www.bontempi.it\/de\/wp-json\/wp\/v2\/kind\/71035"},{"embeddable":true,"taxonomy":"kind","href":"https:\/\/www.bontempi.it\/de\/wp-json\/wp\/v2\/kind\/71033"},{"embeddable":true,"taxonomy":"line","href":"https:\/\/www.bontempi.it\/de\/wp-json\/wp\/v2\/line\/74784"}],"wp:attachment":[{"href":"https:\/\/www.bontempi.it\/de\/wp-json\/wp\/v2\/media?parent=131826"}],"wp:term":[{"taxonomy":"line","embeddable":true,"href":"https:\/\/www.bontempi.it\/de\/wp-json\/wp\/v2\/line?post=131826"},{"taxonomy":"kind","embeddable":true,"href":"https:\/\/www.bontempi.it\/de\/wp-json\/wp\/v2\/kind?post=131826"},{"taxonomy":"room","embeddable":true,"href":"https:\/\/www.bontempi.it\/de\/wp-json\/wp\/v2\/room?post=131826"},{"taxonomy":"material","embeddable":true,"href":"https:\/\/www.bontempi.it\/de\/wp-json\/wp\/v2\/material?post=131826"},{"taxonomy":"color","embeddable":true,"href":"https:\/\/www.bontempi.it\/de\/wp-json\/wp\/v2\/color?post=131826"},{"taxonomy":"certification","embeddable":true,"href":"https:\/\/www.bontempi.it\/de\/wp-json\/wp\/v2\/certification?post=131826"}],"curies":[{"name":"wp","href":"https:\/\/api.w.org\/{rel}","templated":true}]}}