{"id":131749,"date":"2023-11-09T10:08:09","date_gmt":"2023-11-09T09:08:09","guid":{"rendered":"https:\/\/www.bontempi.it\/product\/kelly-34-03\/"},"modified":"2024-09-25T13:05:20","modified_gmt":"2024-09-25T11:05:20","slug":"kelly-34-03","status":"publish","type":"product","link":"https:\/\/www.bontempi.it\/de\/kelly-3403\/","title":{"rendered":"Kelly &#8211; 34.03"},"content":{"rendered":"<p>Stuhl mit Gestell aus Massivholz und Gestelldetails aus lackiertem Stahl, Monocoque gepolstert und x Technischem Samt, Stoff Bouquet, Stoff Gourmet, Stoff Nordic, Reine Schnurwolle, Samt Supreme, Deko-Stoff, Kvadrat-Stoff und Leder Premium bezogen, B\u00fcndchen nach Wahl in Farbe oder Kontrast, auch in der Ausf\u00fchrung mit gesteppter R\u00fcckenlehne erh\u00e4ltlich (nur bei Bezug aus Stoff Nordic, Kunstleder Premium und Leder Premium).<\/p>\n","protected":false},"excerpt":{"rendered":"<p>Massivholz<\/p>\n","protected":false},"featured_media":40161,"template":"","line":[74824],"kind":[71033,71034],"room":[],"material":[69984,69986,69987,70000,70004,70005,70006,70007,70008,70011,70013,70015],"color":[60699,75639,77268,77269,77270,77281,77291,77292],"certification":[60807],"class_list":["post-131749","product","type-product","status-publish","has-post-thumbnail","hentry","line-kelly-de","kind-seatings-de","kind-chairs-de","material-m310-de","material-m326-de","material-m306-de","material-m097-de","material-m055-de","material-m327-de","material-m325-de","material-m329-de","material-m328-de","material-m028-de","material-m312-de","material-m307-de","color-beige-de","color-silver-de","color-black-de","color-grey-de","color-white-de","color-chocolate-de","color-gold-de","color-pink-gold-de","certification-trapuntatura-de"],"acf":{"sku":"34.03","line":[74824],"is_accessory":false,"is_configurable":true,"kind":[71033,71034],"rooms":false,"seats":"","dimensions":{"diameter":"","x":"52","z":"60","y":"95\/48"},"finishing":{"top":[],"structure":{"69936":69936,"69961":69961,"69963":69963,"69964":69964},"lower_cuff":[],"upper_cuff":[],"matchable_top":[],"builtin_revolving_central_top":[],"throat":[],"lampshade":[],"back":[],"sitting":{"75493":75493,"75489":75489,"75485":75485,"75481":75481,"75477":75477,"75497":75497,"75513":75513,"75529":75529,"75505":75505,"75509":75509,"75525":75525,"75521":75521,"75501":75501,"75517":75517,"75688":75688,"75689":75689,"75690":75690,"75691":75691,"75692":75692,"75693":75693,"76845":76845,"76846":76846,"76848":76848,"76849":76849},"cushions":[],"decorative_inner":[],"decorative_inserts":[],"side":[],"support":{"69984":69984,"69986":69986,"69987":69987,"70000":70000,"70004":70004,"70005":70005,"70006":70006,"70007":70007,"70008":70008,"70011":70011,"70013":70013,"70015":70015},"front_doors":[],"top_front_doors":[],"seat_structure":[],"top_structure":[],"covering":[],"optional_shelf":[],"mirror":[],"side_panels":[],"centerpiece":[]},"colors":{"top":[],"structure":{"77281":77281,"77268":77268,"60699":60699},"lower_cuff":[],"upper_cuff":[],"matchable_top":[],"builtin_revolving_central_top":[],"throat":[],"lampshade":[],"back":[],"sitting":{"60699":60699,"77270":77270,"77269":77269,"77268":77268,"75765":75765,"75768":75768,"77281":77281},"cushions":[],"decorative_inner":[],"decorative_inserts":[],"side":[],"support":{"77269":77269,"75639":75639,"77270":77270,"77268":77268,"77291":77291,"77292":77292,"77281":77281,"60699":60699},"front_doors":[],"top_front_doors":[],"seat_structure":[],"top_structure":[],"covering":[],"optional_shelf":[],"mirror":[],"side_panels":[],"centerpiece":[]},"accessories":"","related":[126417,126462,126618,126649,126794,126838,127053,127151,127237,127242,127243],"gallery":[19486,60762,19489,19481,19484,19485,40446,60317,39813,40425,19482,19483],"product_sheet":"https:\/\/www.bontempi.it\/wp-content\/uploads\/2023\/03\/Kelly-34.03.pdf","attachments":null,"videos":null,"silhouette":25672},"_links":{"self":[{"href":"https:\/\/www.bontempi.it\/de\/wp-json\/wp\/v2\/product\/131749","targetHints":{"allow":["GET"]}}],"collection":[{"href":"https:\/\/www.bontempi.it\/de\/wp-json\/wp\/v2\/product"}],"about":[{"href":"https:\/\/www.bontempi.it\/de\/wp-json\/wp\/v2\/types\/product"}],"acf:attachment":[{"embeddable":true,"href":"https:\/\/www.bontempi.it\/de\/wp-json\/wp\/v2\/media\/19483"},{"embeddable":true,"href":"https:\/\/www.bontempi.it\/de\/wp-json\/wp\/v2\/media\/19482"},{"embeddable":true,"href":"https:\/\/www.bontempi.it\/de\/wp-json\/wp\/v2\/media\/40425"},{"embeddable":true,"href":"https:\/\/www.bontempi.it\/de\/wp-json\/wp\/v2\/media\/39813"},{"embeddable":true,"href":"https:\/\/www.bontempi.it\/de\/wp-json\/wp\/v2\/media\/60317"},{"embeddable":true,"href":"https:\/\/www.bontempi.it\/de\/wp-json\/wp\/v2\/media\/40446"},{"embeddable":true,"href":"https:\/\/www.bontempi.it\/de\/wp-json\/wp\/v2\/media\/19485"},{"embeddable":true,"href":"https:\/\/www.bontempi.it\/de\/wp-json\/wp\/v2\/media\/19484"},{"embeddable":true,"href":"https:\/\/www.bontempi.it\/de\/wp-json\/wp\/v2\/media\/19481"},{"embeddable":true,"href":"https:\/\/www.bontempi.it\/de\/wp-json\/wp\/v2\/media\/19489"},{"embeddable":true,"href":"https:\/\/www.bontempi.it\/de\/wp-json\/wp\/v2\/media\/60762"},{"embeddable":true,"href":"https:\/\/www.bontempi.it\/de\/wp-json\/wp\/v2\/media\/19486"}],"acf:post":[{"embeddable":true,"href":"https:\/\/www.bontempi.it\/de\/wp-json\/wp\/v2\/product\/127243"},{"embeddable":true,"href":"https:\/\/www.bontempi.it\/de\/wp-json\/wp\/v2\/product\/127242"},{"embeddable":true,"href":"https:\/\/www.bontempi.it\/de\/wp-json\/wp\/v2\/product\/127151"},{"embeddable":true,"href":"https:\/\/www.bontempi.it\/de\/wp-json\/wp\/v2\/product\/127053"},{"embeddable":true,"href":"https:\/\/www.bontempi.it\/de\/wp-json\/wp\/v2\/product\/126838"},{"embeddable":true,"href":"https:\/\/www.bontempi.it\/de\/wp-json\/wp\/v2\/product\/126794"},{"embeddable":true,"href":"https:\/\/www.bontempi.it\/de\/wp-json\/wp\/v2\/product\/126649"},{"embeddable":true,"href":"https:\/\/www.bontempi.it\/de\/wp-json\/wp\/v2\/product\/126618"},{"embeddable":true,"href":"https:\/\/www.bontempi.it\/de\/wp-json\/wp\/v2\/product\/126462"},{"embeddable":true,"href":"https:\/\/www.bontempi.it\/de\/wp-json\/wp\/v2\/product\/126417"}],"acf:term":[{"embeddable":true,"taxonomy":"kind","href":"https:\/\/www.bontempi.it\/de\/wp-json\/wp\/v2\/kind\/71034"},{"embeddable":true,"taxonomy":"kind","href":"https:\/\/www.bontempi.it\/de\/wp-json\/wp\/v2\/kind\/71033"},{"embeddable":true,"taxonomy":"line","href":"https:\/\/www.bontempi.it\/de\/wp-json\/wp\/v2\/line\/74824"}],"wp:featuredmedia":[{"embeddable":true,"href":"https:\/\/www.bontempi.it\/de\/wp-json\/wp\/v2\/media\/40161"}],"wp:attachment":[{"href":"https:\/\/www.bontempi.it\/de\/wp-json\/wp\/v2\/media?parent=131749"}],"wp:term":[{"taxonomy":"line","embeddable":true,"href":"https:\/\/www.bontempi.it\/de\/wp-json\/wp\/v2\/line?post=131749"},{"taxonomy":"kind","embeddable":true,"href":"https:\/\/www.bontempi.it\/de\/wp-json\/wp\/v2\/kind?post=131749"},{"taxonomy":"room","embeddable":true,"href":"https:\/\/www.bontempi.it\/de\/wp-json\/wp\/v2\/room?post=131749"},{"taxonomy":"material","embeddable":true,"href":"https:\/\/www.bontempi.it\/de\/wp-json\/wp\/v2\/material?post=131749"},{"taxonomy":"color","embeddable":true,"href":"https:\/\/www.bontempi.it\/de\/wp-json\/wp\/v2\/color?post=131749"},{"taxonomy":"certification","embeddable":true,"href":"https:\/\/www.bontempi.it\/de\/wp-json\/wp\/v2\/certification?post=131749"}],"curies":[{"name":"wp","href":"https:\/\/api.w.org\/{rel}","templated":true}]}}