{"id":131726,"date":"2023-11-09T10:07:25","date_gmt":"2023-11-09T09:07:25","guid":{"rendered":"https:\/\/www.bontempi.it\/product\/vincent-alto-outdoor-20-81out\/"},"modified":"2024-04-30T10:47:40","modified_gmt":"2024-04-30T08:47:40","slug":"vincent-alto-outdoor-20-81out","status":"publish","type":"product","link":"https:\/\/www.bontempi.it\/de\/vincent-hoch-outdoor-2081out\/","title":{"rendered":"Vincent Hoch Outdoor &#8211; 20.81OUT"},"content":{"rendered":"<p>Unterteil aus lackiertem Stahl f\u00fcr den Au\u00dfenbereich, vorbereitet f\u00fcr Lagen- und Alucompact-Platten.<\/p>\n","protected":false},"excerpt":{"rendered":"<p>Unterteil aus lackiertem Stahl f\u00fcr den Au\u00dfenbereich, vorbereitet f\u00fcr Lagen- und Alucompact-Platten.<\/p>\n","protected":false},"featured_media":0,"template":"","line":[74990],"kind":[75009,71019,71020],"room":[71478,71450,71477],"material":[70205,70207,70210,70212,70201,70203],"color":[77270,77268,77269],"certification":[60803],"class_list":["post-131726","product","type-product","status-publish","hentry","line-vincent-alto-outdoor-de","kind-accessories-de","kind-tables-de","kind-fixed-de","room-contract-de","room-contract","room-outdoor-de","material-ps02-de","material-ps03-de","material-pf01-de","material-pl01-de","material-ps05-de","material-ps04-de","color-white-de","color-black-de","color-grey-de","certification-outdoor-tavoli-de"],"acf":{"sku":"20.81OUT","line":[74990],"is_accessory":false,"is_configurable":true,"kind":[71020,75009,71019],"rooms":[71477,71478,71450],"seats":"","dimensions":{"diameter":"","x":"51","z":"51","y":"109.5"},"finishing":{"top":[],"structure":{"69985":69985,"69989":69989,"70001":70001,"70010":70010,"70014":70014},"lower_cuff":[],"upper_cuff":[],"matchable_top":{"70201":70201,"70203":70203,"70205":70205,"70207":70207,"70210":70210,"70212":70212},"builtin_revolving_central_top":[],"throat":[],"lampshade":[],"back":[],"sitting":[],"cushions":[],"decorative_inner":[],"decorative_inserts":[],"side":[],"support":[],"front_doors":[],"top_front_doors":[],"seat_structure":[],"top_structure":[],"covering":[],"optional_shelf":[],"mirror":[],"side_panels":[],"centerpiece":[]},"colors":{"top":[],"structure":{"77269":77269,"77270":77270,"77281":77281,"60699":60699},"lower_cuff":[],"upper_cuff":[],"matchable_top":{"77269":77269,"77270":77270,"77268":77268},"builtin_revolving_central_top":[],"throat":[],"lampshade":[],"back":[],"sitting":[],"cushions":[],"decorative_inner":[],"decorative_inserts":[],"side":[],"support":[],"front_doors":[],"top_front_doors":[],"seat_structure":[],"top_structure":[],"covering":[],"optional_shelf":[],"mirror":[],"side_panels":[],"centerpiece":[]},"accessories":"","related":[126821],"gallery":[31253],"product_sheet":"https:\/\/www.bontempi.it\/wp-content\/uploads\/2023\/03\/Vincent-20.81.pdf","attachments":null,"videos":null,"silhouette":32699},"_links":{"self":[{"href":"https:\/\/www.bontempi.it\/de\/wp-json\/wp\/v2\/product\/131726","targetHints":{"allow":["GET"]}}],"collection":[{"href":"https:\/\/www.bontempi.it\/de\/wp-json\/wp\/v2\/product"}],"about":[{"href":"https:\/\/www.bontempi.it\/de\/wp-json\/wp\/v2\/types\/product"}],"acf:attachment":[{"embeddable":true,"href":"https:\/\/www.bontempi.it\/de\/wp-json\/wp\/v2\/media\/31253"}],"acf:post":[{"embeddable":true,"href":"https:\/\/www.bontempi.it\/de\/wp-json\/wp\/v2\/product\/126821"}],"acf:term":[{"embeddable":true,"taxonomy":"room","href":"https:\/\/www.bontempi.it\/de\/wp-json\/wp\/v2\/room\/71450"},{"embeddable":true,"taxonomy":"room","href":"https:\/\/www.bontempi.it\/de\/wp-json\/wp\/v2\/room\/71478"},{"embeddable":true,"taxonomy":"room","href":"https:\/\/www.bontempi.it\/de\/wp-json\/wp\/v2\/room\/71477"},{"embeddable":true,"taxonomy":"kind","href":"https:\/\/www.bontempi.it\/de\/wp-json\/wp\/v2\/kind\/71019"},{"embeddable":true,"taxonomy":"kind","href":"https:\/\/www.bontempi.it\/de\/wp-json\/wp\/v2\/kind\/75009"},{"embeddable":true,"taxonomy":"kind","href":"https:\/\/www.bontempi.it\/de\/wp-json\/wp\/v2\/kind\/71020"},{"embeddable":true,"taxonomy":"line","href":"https:\/\/www.bontempi.it\/de\/wp-json\/wp\/v2\/line\/74990"}],"wp:attachment":[{"href":"https:\/\/www.bontempi.it\/de\/wp-json\/wp\/v2\/media?parent=131726"}],"wp:term":[{"taxonomy":"line","embeddable":true,"href":"https:\/\/www.bontempi.it\/de\/wp-json\/wp\/v2\/line?post=131726"},{"taxonomy":"kind","embeddable":true,"href":"https:\/\/www.bontempi.it\/de\/wp-json\/wp\/v2\/kind?post=131726"},{"taxonomy":"room","embeddable":true,"href":"https:\/\/www.bontempi.it\/de\/wp-json\/wp\/v2\/room?post=131726"},{"taxonomy":"material","embeddable":true,"href":"https:\/\/www.bontempi.it\/de\/wp-json\/wp\/v2\/material?post=131726"},{"taxonomy":"color","embeddable":true,"href":"https:\/\/www.bontempi.it\/de\/wp-json\/wp\/v2\/color?post=131726"},{"taxonomy":"certification","embeddable":true,"href":"https:\/\/www.bontempi.it\/de\/wp-json\/wp\/v2\/certification?post=131726"}],"curies":[{"name":"wp","href":"https:\/\/api.w.org\/{rel}","templated":true}]}}