{"id":131704,"date":"2023-11-09T10:06:41","date_gmt":"2023-11-09T09:06:41","guid":{"rendered":"https:\/\/www.bontempi.it\/product\/vincent-basso-outdoor-20-55out\/"},"modified":"2024-04-30T10:49:41","modified_gmt":"2024-04-30T08:49:41","slug":"vincent-basso-outdoor-20-55out","status":"publish","type":"product","link":"https:\/\/www.bontempi.it\/de\/vincent-niedrig-outdoor-2055out\/","title":{"rendered":"Vincent niedrig Outdoor &#8211; 20.55OUT"},"content":{"rendered":"<p>Unterteil aus lackiertem Stahl f\u00fcr den Au\u00dfenbereich, vorbereitet f\u00fcr Lagen- und Alucompact-Platten.<\/p>\n","protected":false},"excerpt":{"rendered":"<p>Unterteil aus lackiertem Stahl f\u00fcr den Au\u00dfenbereich, vorbereitet f\u00fcr Lagen- und Alucompact-Platten.<\/p>\n","protected":false},"featured_media":0,"template":"","line":[74992],"kind":[70870,71019,71020,71025,71026],"room":[71450,71477,71478],"material":[70201,70203,70205,70207,70210,70212],"color":[77268,77269,77270],"certification":[],"class_list":["post-131704","product","type-product","status-publish","hentry","line-vincent-basso-outdoor-de","kind-fixed-square","kind-tables-de","kind-fixed-de","kind-fixed-round-de","kind-fixed-square-de","room-contract","room-outdoor-de","room-contract-de","material-ps05-de","material-ps04-de","material-ps02-de","material-ps03-de","material-pf01-de","material-pl01-de","color-black-de","color-grey-de","color-white-de"],"acf":{"sku":"20.55OUT","line":[74992],"is_accessory":false,"is_configurable":true,"kind":[70870,71019,71020,71026,71025],"rooms":[71477,71478,71450],"seats":"","dimensions":{"diameter":"","x":"51","z":"51","y":"74.5"},"finishing":{"top":[],"structure":{"69985":69985,"69989":69989,"70001":70001,"70010":70010,"70014":70014},"lower_cuff":[],"upper_cuff":[],"matchable_top":{"70201":70201,"70203":70203,"70205":70205,"70207":70207,"70210":70210,"70212":70212},"builtin_revolving_central_top":[],"throat":[],"lampshade":[],"back":[],"sitting":[],"cushions":[],"decorative_inner":[],"decorative_inserts":[],"side":[],"support":[],"front_doors":[],"top_front_doors":[],"seat_structure":[],"top_structure":[],"covering":[],"optional_shelf":[],"mirror":[],"side_panels":[],"centerpiece":[]},"colors":{"top":[],"structure":{"77269":77269,"77270":77270,"77281":77281,"60699":60699},"lower_cuff":[],"upper_cuff":[],"matchable_top":{"77269":77269,"77270":77270,"77268":77268},"builtin_revolving_central_top":[],"throat":[],"lampshade":[],"back":[],"sitting":[],"cushions":[],"decorative_inner":[],"decorative_inserts":[],"side":[],"support":[],"front_doors":[],"top_front_doors":[],"seat_structure":[],"top_structure":[],"covering":[],"optional_shelf":[],"mirror":[],"side_panels":[],"centerpiece":[]},"accessories":"","related":[126799],"gallery":[60782],"product_sheet":"https:\/\/www.bontempi.it\/wp-content\/uploads\/2023\/03\/Vincent-20.55.pdf","attachments":null,"videos":null,"silhouette":37031},"_links":{"self":[{"href":"https:\/\/www.bontempi.it\/de\/wp-json\/wp\/v2\/product\/131704","targetHints":{"allow":["GET"]}}],"collection":[{"href":"https:\/\/www.bontempi.it\/de\/wp-json\/wp\/v2\/product"}],"about":[{"href":"https:\/\/www.bontempi.it\/de\/wp-json\/wp\/v2\/types\/product"}],"acf:attachment":[{"embeddable":true,"href":"https:\/\/www.bontempi.it\/de\/wp-json\/wp\/v2\/media\/60782"}],"acf:post":[{"embeddable":true,"href":"https:\/\/www.bontempi.it\/de\/wp-json\/wp\/v2\/product\/126799"}],"acf:term":[{"embeddable":true,"taxonomy":"room","href":"https:\/\/www.bontempi.it\/de\/wp-json\/wp\/v2\/room\/71450"},{"embeddable":true,"taxonomy":"room","href":"https:\/\/www.bontempi.it\/de\/wp-json\/wp\/v2\/room\/71478"},{"embeddable":true,"taxonomy":"room","href":"https:\/\/www.bontempi.it\/de\/wp-json\/wp\/v2\/room\/71477"},{"embeddable":true,"taxonomy":"kind","href":"https:\/\/www.bontempi.it\/de\/wp-json\/wp\/v2\/kind\/71025"},{"embeddable":true,"taxonomy":"kind","href":"https:\/\/www.bontempi.it\/de\/wp-json\/wp\/v2\/kind\/71026"},{"embeddable":true,"taxonomy":"kind","href":"https:\/\/www.bontempi.it\/de\/wp-json\/wp\/v2\/kind\/71020"},{"embeddable":true,"taxonomy":"kind","href":"https:\/\/www.bontempi.it\/de\/wp-json\/wp\/v2\/kind\/71019"},{"embeddable":true,"taxonomy":"kind","href":"https:\/\/www.bontempi.it\/de\/wp-json\/wp\/v2\/kind\/70870"},{"embeddable":true,"taxonomy":"line","href":"https:\/\/www.bontempi.it\/de\/wp-json\/wp\/v2\/line\/74992"}],"wp:attachment":[{"href":"https:\/\/www.bontempi.it\/de\/wp-json\/wp\/v2\/media?parent=131704"}],"wp:term":[{"taxonomy":"line","embeddable":true,"href":"https:\/\/www.bontempi.it\/de\/wp-json\/wp\/v2\/line?post=131704"},{"taxonomy":"kind","embeddable":true,"href":"https:\/\/www.bontempi.it\/de\/wp-json\/wp\/v2\/kind?post=131704"},{"taxonomy":"room","embeddable":true,"href":"https:\/\/www.bontempi.it\/de\/wp-json\/wp\/v2\/room?post=131704"},{"taxonomy":"material","embeddable":true,"href":"https:\/\/www.bontempi.it\/de\/wp-json\/wp\/v2\/material?post=131704"},{"taxonomy":"color","embeddable":true,"href":"https:\/\/www.bontempi.it\/de\/wp-json\/wp\/v2\/color?post=131704"},{"taxonomy":"certification","embeddable":true,"href":"https:\/\/www.bontempi.it\/de\/wp-json\/wp\/v2\/certification?post=131704"}],"curies":[{"name":"wp","href":"https:\/\/api.w.org\/{rel}","templated":true}]}}