{"id":131679,"date":"2023-11-09T10:05:59","date_gmt":"2023-11-09T09:05:59","guid":{"rendered":"https:\/\/www.bontempi.it\/product\/etico-plus-20-32co\/"},"modified":"2024-04-29T10:21:10","modified_gmt":"2024-04-29T08:21:10","slug":"etico-plus-20-32co","status":"publish","type":"product","link":"https:\/\/www.bontempi.it\/de\/etico-plus-bag-2032co\/","title":{"rendered":"Etico Plus Bag &#8211; 20.32CO"},"content":{"rendered":"<p>Tasche f\u00fcr Verl\u00e4ngerungen f\u00fcr Konsolentisch Etico Plus.<\/p>\n","protected":false},"excerpt":{"rendered":"<p>Tasche f\u00fcr Verl\u00e4ngerungen f\u00fcr Konsolentisch Etico Plus.<\/p>\n","protected":false},"featured_media":40061,"template":"","line":[74761],"kind":[75009],"room":[71475],"material":[],"color":[],"certification":[],"class_list":["post-131679","product","type-product","status-publish","has-post-thumbnail","hentry","line-etico-plus-de","kind-accessories-de","room-kitchen-de"],"acf":{"sku":"20.32CO","line":[74761],"is_accessory":true,"is_configurable":false,"kind":[75009],"rooms":[71475],"seats":"","dimensions":{"diameter":"","x":"92","z":"12","y":"52"},"finishing":{"top":[],"structure":[],"lower_cuff":[],"upper_cuff":[],"matchable_top":[],"builtin_revolving_central_top":[],"throat":[],"lampshade":[],"back":[],"sitting":[],"cushions":[],"decorative_inner":[],"decorative_inserts":[],"side":[],"support":[],"front_doors":[],"top_front_doors":[],"seat_structure":[],"top_structure":[],"covering":[],"optional_shelf":[],"mirror":[],"side_panels":[],"centerpiece":[]},"colors":{"top":[],"structure":[],"lower_cuff":[],"upper_cuff":[],"matchable_top":[],"builtin_revolving_central_top":[],"throat":[],"lampshade":[],"back":[],"sitting":[],"cushions":[],"decorative_inner":[],"decorative_inserts":[],"side":[],"support":[],"front_doors":[],"top_front_doors":[],"seat_structure":[],"top_structure":[],"covering":[],"optional_shelf":[],"mirror":[],"side_panels":[],"centerpiece":[]},"accessories":"","related":[127362],"gallery":"","product_sheet":"","attachments":null,"videos":null,"silhouette":37043},"_links":{"self":[{"href":"https:\/\/www.bontempi.it\/de\/wp-json\/wp\/v2\/product\/131679","targetHints":{"allow":["GET"]}}],"collection":[{"href":"https:\/\/www.bontempi.it\/de\/wp-json\/wp\/v2\/product"}],"about":[{"href":"https:\/\/www.bontempi.it\/de\/wp-json\/wp\/v2\/types\/product"}],"acf:post":[{"embeddable":true,"href":"https:\/\/www.bontempi.it\/de\/wp-json\/wp\/v2\/product\/127362"}],"acf:term":[{"embeddable":true,"taxonomy":"room","href":"https:\/\/www.bontempi.it\/de\/wp-json\/wp\/v2\/room\/71475"},{"embeddable":true,"taxonomy":"kind","href":"https:\/\/www.bontempi.it\/de\/wp-json\/wp\/v2\/kind\/75009"},{"embeddable":true,"taxonomy":"line","href":"https:\/\/www.bontempi.it\/de\/wp-json\/wp\/v2\/line\/74761"}],"wp:featuredmedia":[{"embeddable":true,"href":"https:\/\/www.bontempi.it\/de\/wp-json\/wp\/v2\/media\/40061"}],"wp:attachment":[{"href":"https:\/\/www.bontempi.it\/de\/wp-json\/wp\/v2\/media?parent=131679"}],"wp:term":[{"taxonomy":"line","embeddable":true,"href":"https:\/\/www.bontempi.it\/de\/wp-json\/wp\/v2\/line?post=131679"},{"taxonomy":"kind","embeddable":true,"href":"https:\/\/www.bontempi.it\/de\/wp-json\/wp\/v2\/kind?post=131679"},{"taxonomy":"room","embeddable":true,"href":"https:\/\/www.bontempi.it\/de\/wp-json\/wp\/v2\/room?post=131679"},{"taxonomy":"material","embeddable":true,"href":"https:\/\/www.bontempi.it\/de\/wp-json\/wp\/v2\/material?post=131679"},{"taxonomy":"color","embeddable":true,"href":"https:\/\/www.bontempi.it\/de\/wp-json\/wp\/v2\/color?post=131679"},{"taxonomy":"certification","embeddable":true,"href":"https:\/\/www.bontempi.it\/de\/wp-json\/wp\/v2\/certification?post=131679"}],"curies":[{"name":"wp","href":"https:\/\/api.w.org\/{rel}","templated":true}]}}