{"id":131645,"date":"2023-11-09T10:04:31","date_gmt":"2023-11-09T09:04:31","guid":{"rendered":"https:\/\/www.bontempi.it\/product\/charlotte-struttura-modulo-tv-a-parete-16-96\/"},"modified":"2024-04-29T10:23:42","modified_gmt":"2024-04-29T08:23:42","slug":"charlotte-struttura-modulo-tv-a-parete-16-96","status":"publish","type":"product","link":"https:\/\/www.bontempi.it\/de\/charlotte-wandbefestigung-1696\/","title":{"rendered":"Charlotte wandbefestigung &#8211; 16.96"},"content":{"rendered":"<p>Wandb\u00fccherregal f\u00fcr den Einsatz von max. 4 Regalen f\u00fcr TV-Modul, hergestellt aus lackiertem Stahl.<\/p>\n","protected":false},"excerpt":{"rendered":"<p>Wandb\u00fccherregal f\u00fcr den Einsatz von max. 4 Regalen f\u00fcr TV-Modul, hergestellt aus lackiertem Stahl.<\/p>\n","protected":false},"featured_media":0,"template":"","line":[74701,74702,74703,74704,75015],"kind":[71051,71052,75009],"room":[],"material":[70008,70011,70013,70015,69984,69986,69987,70004,70005,70006,70007],"color":[77292,60699,75639,77268,77269,77270,77281,77291],"certification":[],"class_list":["post-131645","product","type-product","status-publish","hentry","line-charlotte-de","line-charlotte-parete-de","line-charlotte-ripiani-de","line-charlotte-soffitto-de","line-accessories-charlotte-de","kind-bookcases-shelves-de","kind-bookcases-de","kind-accessories-de","material-m328-de","material-m028-de","material-m312-de","material-m307-de","material-m310-de","material-m326-de","material-m306-de","material-m055-de","material-m327-de","material-m325-de","material-m329-de","color-pink-gold-de","color-beige-de","color-silver-de","color-black-de","color-grey-de","color-white-de","color-chocolate-de","color-gold-de"],"acf":{"sku":"16.96","line":[74702,74703,74704,74701,75015],"is_accessory":true,"is_configurable":true,"kind":[71052,75009,71051],"rooms":false,"seats":"","dimensions":{"diameter":"","x":"170","z":"37","y":"233"},"finishing":{"top":[],"structure":{"69984":69984,"69986":69986,"69987":69987,"70004":70004,"70005":70005,"70006":70006,"70007":70007,"70008":70008,"70011":70011,"70013":70013,"70015":70015},"lower_cuff":[],"upper_cuff":[],"matchable_top":[],"builtin_revolving_central_top":[],"throat":[],"lampshade":[],"back":[],"sitting":[],"cushions":[],"decorative_inner":[],"decorative_inserts":{"69984":69984,"69986":69986,"69987":69987,"70004":70004,"70005":70005,"70006":70006,"70007":70007,"70008":70008,"70011":70011,"70013":70013,"70015":70015},"side":[],"support":[],"front_doors":[],"top_front_doors":[],"seat_structure":[],"top_structure":[],"covering":[],"optional_shelf":[],"mirror":[],"side_panels":[],"centerpiece":[]},"colors":{"top":[],"structure":{"77269":77269,"75639":75639,"77270":77270,"77268":77268,"77291":77291,"77292":77292,"77281":77281,"60699":60699},"lower_cuff":[],"upper_cuff":[],"matchable_top":[],"builtin_revolving_central_top":[],"throat":[],"lampshade":[],"back":[],"sitting":[],"cushions":[],"decorative_inner":[],"decorative_inserts":{"77269":77269,"75639":75639,"77270":77270,"77268":77268,"77291":77291,"77292":77292,"77281":77281,"60699":60699},"side":[],"support":[],"front_doors":[],"top_front_doors":[],"seat_structure":[],"top_structure":[],"covering":[],"optional_shelf":[],"mirror":[],"side_panels":[],"centerpiece":[]},"accessories":[126733,126734,126735,126736,126713,126714,126721,126722],"related":[126742,126733,126735],"gallery":[103938,103898,103893],"product_sheet":"","attachments":null,"videos":null,"silhouette":103608},"_links":{"self":[{"href":"https:\/\/www.bontempi.it\/de\/wp-json\/wp\/v2\/product\/131645","targetHints":{"allow":["GET"]}}],"collection":[{"href":"https:\/\/www.bontempi.it\/de\/wp-json\/wp\/v2\/product"}],"about":[{"href":"https:\/\/www.bontempi.it\/de\/wp-json\/wp\/v2\/types\/product"}],"acf:attachment":[{"embeddable":true,"href":"https:\/\/www.bontempi.it\/de\/wp-json\/wp\/v2\/media\/103893"},{"embeddable":true,"href":"https:\/\/www.bontempi.it\/de\/wp-json\/wp\/v2\/media\/103898"},{"embeddable":true,"href":"https:\/\/www.bontempi.it\/de\/wp-json\/wp\/v2\/media\/103938"}],"acf:post":[{"embeddable":true,"href":"https:\/\/www.bontempi.it\/de\/wp-json\/wp\/v2\/product\/126742"},{"embeddable":true,"href":"https:\/\/www.bontempi.it\/de\/wp-json\/wp\/v2\/product\/126722"},{"embeddable":true,"href":"https:\/\/www.bontempi.it\/de\/wp-json\/wp\/v2\/product\/126721"},{"embeddable":true,"href":"https:\/\/www.bontempi.it\/de\/wp-json\/wp\/v2\/product\/126714"},{"embeddable":true,"href":"https:\/\/www.bontempi.it\/de\/wp-json\/wp\/v2\/product\/126713"},{"embeddable":true,"href":"https:\/\/www.bontempi.it\/de\/wp-json\/wp\/v2\/product\/126736"},{"embeddable":true,"href":"https:\/\/www.bontempi.it\/de\/wp-json\/wp\/v2\/product\/126735"},{"embeddable":true,"href":"https:\/\/www.bontempi.it\/de\/wp-json\/wp\/v2\/product\/126734"},{"embeddable":true,"href":"https:\/\/www.bontempi.it\/de\/wp-json\/wp\/v2\/product\/126733"}],"acf:term":[{"embeddable":true,"taxonomy":"kind","href":"https:\/\/www.bontempi.it\/de\/wp-json\/wp\/v2\/kind\/71051"},{"embeddable":true,"taxonomy":"kind","href":"https:\/\/www.bontempi.it\/de\/wp-json\/wp\/v2\/kind\/75009"},{"embeddable":true,"taxonomy":"kind","href":"https:\/\/www.bontempi.it\/de\/wp-json\/wp\/v2\/kind\/71052"},{"embeddable":true,"taxonomy":"line","href":"https:\/\/www.bontempi.it\/de\/wp-json\/wp\/v2\/line\/75015"},{"embeddable":true,"taxonomy":"line","href":"https:\/\/www.bontempi.it\/de\/wp-json\/wp\/v2\/line\/74701"},{"embeddable":true,"taxonomy":"line","href":"https:\/\/www.bontempi.it\/de\/wp-json\/wp\/v2\/line\/74704"},{"embeddable":true,"taxonomy":"line","href":"https:\/\/www.bontempi.it\/de\/wp-json\/wp\/v2\/line\/74703"},{"embeddable":true,"taxonomy":"line","href":"https:\/\/www.bontempi.it\/de\/wp-json\/wp\/v2\/line\/74702"}],"wp:attachment":[{"href":"https:\/\/www.bontempi.it\/de\/wp-json\/wp\/v2\/media?parent=131645"}],"wp:term":[{"taxonomy":"line","embeddable":true,"href":"https:\/\/www.bontempi.it\/de\/wp-json\/wp\/v2\/line?post=131645"},{"taxonomy":"kind","embeddable":true,"href":"https:\/\/www.bontempi.it\/de\/wp-json\/wp\/v2\/kind?post=131645"},{"taxonomy":"room","embeddable":true,"href":"https:\/\/www.bontempi.it\/de\/wp-json\/wp\/v2\/room?post=131645"},{"taxonomy":"material","embeddable":true,"href":"https:\/\/www.bontempi.it\/de\/wp-json\/wp\/v2\/material?post=131645"},{"taxonomy":"color","embeddable":true,"href":"https:\/\/www.bontempi.it\/de\/wp-json\/wp\/v2\/color?post=131645"},{"taxonomy":"certification","embeddable":true,"href":"https:\/\/www.bontempi.it\/de\/wp-json\/wp\/v2\/certification?post=131645"}],"curies":[{"name":"wp","href":"https:\/\/api.w.org\/{rel}","templated":true}]}}