{"id":131549,"date":"2023-11-09T10:01:23","date_gmt":"2023-11-09T09:01:23","guid":{"rendered":"https:\/\/www.bontempi.it\/product\/pica-15-72ld\/"},"modified":"2024-04-29T10:32:13","modified_gmt":"2024-04-29T08:32:13","slug":"pica-15-72ld","status":"publish","type":"product","link":"https:\/\/www.bontempi.it\/de\/pica-holz-lackiert-dekoriert-1572ld\/","title":{"rendered":"Pica Holz lackiert dekoriert &#8211; 15.72LD"},"content":{"rendered":"<p>Anrichte mit Holzrahmen, mit zwei Fl\u00fcgelt\u00fcren, Regalen aus transparentem Kristallglas, mittleres offenes Fach aus lackiertem Holz, Seiten und T\u00fcren aus dekoriertem lackiertem Holz, Arbeitsplatte nach Wahl, Rahmen mit lackierten Stahlf\u00fc\u00dfen.<\/p>\n","protected":false},"excerpt":{"rendered":"<p>Anrichte mit Holzrahmen, mit zwei Fl\u00fcgelt\u00fcren, Regalen aus transparentem Kristallglas, mittleres offenes Fach aus lackiertem Holz, Seiten und T\u00fcren aus dekoriertem lackiertem Holz, Arbeitsplatte nach Wahl, Rahmen mit lackierten Stahlf\u00fc\u00dfen.<\/p>\n","protected":false},"featured_media":0,"template":"","line":[74901,74903],"kind":[71050],"room":[71474],"material":[69939,69941,69944],"color":[77269,77270],"certification":[],"class_list":["post-131549","product","type-product","status-publish","hentry","line-pica-de","line-pica-legno-laccato-decorato-de","kind-storage-units-de","room-hall-de","material-l087-de","material-l079-de","material-l095-de","color-grey-de","color-white-de"],"acf":{"sku":"15.72LD","line":[74901,74903],"is_accessory":false,"is_configurable":true,"kind":[71050],"rooms":[71474],"seats":"","dimensions":{"diameter":"","x":"202","z":"52","y":"86"},"finishing":{"top":{"69855":69855,"69857":69857,"69861":69861,"69865":69865,"69874":69874,"69878":69878,"69887":69887,"69930":69930,"69932":69932,"69934":69934,"69939":69939,"69941":69941,"69944":69944,"69946":69946,"70193":70193,"70226":70226,"70231":70231,"70233":70233,"70235":70235,"70238":70238,"70240":70240,"70242":70242},"structure":{"69984":69984,"69987":69987,"70000":70000,"70004":70004,"70011":70011},"lower_cuff":[],"upper_cuff":[],"matchable_top":[],"builtin_revolving_central_top":[],"throat":[],"lampshade":[],"back":[],"sitting":[],"cushions":[],"decorative_inner":[],"decorative_inserts":[],"side":[],"support":[],"front_doors":{"69939":69939,"69941":69941,"69944":69944},"top_front_doors":[],"seat_structure":[],"top_structure":[],"covering":[],"optional_shelf":[],"mirror":[],"side_panels":[],"centerpiece":[]},"colors":{"top":{"77269":77269,"77270":77270,"77268":77268,"60699":60699,"60724":60724,"77281":77281,"60714":60714,"60717":60717,"60713":60713},"structure":{"77269":77269,"77270":77270,"77268":77268,"77281":77281},"lower_cuff":[],"upper_cuff":[],"matchable_top":[],"builtin_revolving_central_top":[],"throat":[],"lampshade":[],"back":[],"sitting":[],"cushions":[],"decorative_inner":[],"decorative_inserts":[],"side":[],"support":[],"front_doors":{"77269":77269,"77270":77270},"top_front_doors":[],"seat_structure":[],"top_structure":[],"covering":[],"optional_shelf":[],"mirror":[],"side_panels":[],"centerpiece":[]},"accessories":"","related":[126658,126770,126948,126949,126961,127244,127245,127246],"gallery":[19858,39733,39736],"product_sheet":"https:\/\/www.bontempi.it\/wp-content\/uploads\/2023\/03\/Pica-1561-1571-1562-1572.pdf","attachments":null,"videos":null,"silhouette":36907},"_links":{"self":[{"href":"https:\/\/www.bontempi.it\/de\/wp-json\/wp\/v2\/product\/131549","targetHints":{"allow":["GET"]}}],"collection":[{"href":"https:\/\/www.bontempi.it\/de\/wp-json\/wp\/v2\/product"}],"about":[{"href":"https:\/\/www.bontempi.it\/de\/wp-json\/wp\/v2\/types\/product"}],"acf:attachment":[{"embeddable":true,"href":"https:\/\/www.bontempi.it\/de\/wp-json\/wp\/v2\/media\/39736"},{"embeddable":true,"href":"https:\/\/www.bontempi.it\/de\/wp-json\/wp\/v2\/media\/39733"},{"embeddable":true,"href":"https:\/\/www.bontempi.it\/de\/wp-json\/wp\/v2\/media\/19858"}],"acf:post":[{"embeddable":true,"href":"https:\/\/www.bontempi.it\/de\/wp-json\/wp\/v2\/product\/127246"},{"embeddable":true,"href":"https:\/\/www.bontempi.it\/de\/wp-json\/wp\/v2\/product\/127245"},{"embeddable":true,"href":"https:\/\/www.bontempi.it\/de\/wp-json\/wp\/v2\/product\/127244"},{"embeddable":true,"href":"https:\/\/www.bontempi.it\/de\/wp-json\/wp\/v2\/product\/126961"},{"embeddable":true,"href":"https:\/\/www.bontempi.it\/de\/wp-json\/wp\/v2\/product\/126949"},{"embeddable":true,"href":"https:\/\/www.bontempi.it\/de\/wp-json\/wp\/v2\/product\/126948"},{"embeddable":true,"href":"https:\/\/www.bontempi.it\/de\/wp-json\/wp\/v2\/product\/126770"},{"embeddable":true,"href":"https:\/\/www.bontempi.it\/de\/wp-json\/wp\/v2\/product\/126658"}],"acf:term":[{"embeddable":true,"taxonomy":"room","href":"https:\/\/www.bontempi.it\/de\/wp-json\/wp\/v2\/room\/71474"},{"embeddable":true,"taxonomy":"kind","href":"https:\/\/www.bontempi.it\/de\/wp-json\/wp\/v2\/kind\/71050"},{"embeddable":true,"taxonomy":"line","href":"https:\/\/www.bontempi.it\/de\/wp-json\/wp\/v2\/line\/74903"},{"embeddable":true,"taxonomy":"line","href":"https:\/\/www.bontempi.it\/de\/wp-json\/wp\/v2\/line\/74901"}],"wp:attachment":[{"href":"https:\/\/www.bontempi.it\/de\/wp-json\/wp\/v2\/media?parent=131549"}],"wp:term":[{"taxonomy":"line","embeddable":true,"href":"https:\/\/www.bontempi.it\/de\/wp-json\/wp\/v2\/line?post=131549"},{"taxonomy":"kind","embeddable":true,"href":"https:\/\/www.bontempi.it\/de\/wp-json\/wp\/v2\/kind?post=131549"},{"taxonomy":"room","embeddable":true,"href":"https:\/\/www.bontempi.it\/de\/wp-json\/wp\/v2\/room?post=131549"},{"taxonomy":"material","embeddable":true,"href":"https:\/\/www.bontempi.it\/de\/wp-json\/wp\/v2\/material?post=131549"},{"taxonomy":"color","embeddable":true,"href":"https:\/\/www.bontempi.it\/de\/wp-json\/wp\/v2\/color?post=131549"},{"taxonomy":"certification","embeddable":true,"href":"https:\/\/www.bontempi.it\/de\/wp-json\/wp\/v2\/certification?post=131549"}],"curies":[{"name":"wp","href":"https:\/\/api.w.org\/{rel}","templated":true}]}}