{"id":131530,"date":"2023-11-09T10:00:34","date_gmt":"2023-11-09T09:00:34","guid":{"rendered":"https:\/\/www.bontempi.it\/product\/pica-15-62el\/"},"modified":"2024-04-29T11:09:51","modified_gmt":"2024-04-29T09:09:51","slug":"pica-15-62el","status":"publish","type":"product","link":"https:\/\/www.bontempi.it\/de\/pica-holz-furniert-1562el\/","title":{"rendered":"Pica Holz furniert &#8211; 15.62EL"},"content":{"rendered":"<p>Anrichte mit Holzrahmen, mit zwei Fl\u00fcgelt\u00fcren, Regalen aus transparentem Kristallglas, offenem Mittelfach aus Furnierholz, Seiten und T\u00fcren aus dekoriertem lackiertem Holz, Arbeitsplatte nach Wahl, Sockel aus lackiertem Stahl.<\/p>\n","protected":false},"excerpt":{"rendered":"<p>Anrichte mit Holzrahmen, mit zwei Fl\u00fcgelt\u00fcren, Regalen aus transparentem Kristallglas, offenem Mittelfach aus Furnierholz, Seiten und T\u00fcren aus dekoriertem lackiertem Holz, Arbeitsplatte nach Wahl, Sockel aus lackiertem Stahl.<\/p>\n","protected":false},"featured_media":0,"template":"","line":[74901,74902],"kind":[71050],"room":[71474],"material":[69930,69932,69934],"color":[60699,77268],"certification":[],"class_list":["post-131530","product","type-product","status-publish","hentry","line-pica-de","line-pica-legno-impiallacciato-de","kind-storage-units-de","room-hall-de","material-l036-de","material-l038-de","material-l009-de","color-beige-de","color-black-de"],"acf":{"sku":"15.62EL","line":[74901,74902],"is_accessory":false,"is_configurable":true,"kind":[71050],"rooms":[71474],"seats":"","dimensions":{"diameter":"","x":"202","z":"52","y":"69"},"finishing":{"top":{"69855":69855,"69857":69857,"69861":69861,"69865":69865,"69874":69874,"69878":69878,"69887":69887,"69930":69930,"69932":69932,"69934":69934,"69939":69939,"69941":69941,"69944":69944,"69946":69946,"70193":70193,"70226":70226,"70231":70231,"70233":70233,"70235":70235,"70238":70238,"70240":70240,"70242":70242},"structure":{"69984":69984,"69987":69987,"70000":70000,"70004":70004,"70011":70011},"lower_cuff":[],"upper_cuff":[],"matchable_top":[],"builtin_revolving_central_top":[],"throat":[],"lampshade":[],"back":[],"sitting":[],"cushions":[],"decorative_inner":[],"decorative_inserts":[],"side":[],"support":[],"front_doors":{"69930":69930,"69932":69932,"69934":69934},"top_front_doors":[],"seat_structure":[],"top_structure":[],"covering":[],"optional_shelf":[],"mirror":[],"side_panels":[],"centerpiece":[]},"colors":{"top":{"77269":77269,"77270":77270,"77268":77268,"60699":60699,"60724":60724,"77281":77281,"60714":60714,"60717":60717,"60713":60713},"structure":{"77269":77269,"77270":77270,"77268":77268,"77281":77281},"lower_cuff":[],"upper_cuff":[],"matchable_top":[],"builtin_revolving_central_top":[],"throat":[],"lampshade":[],"back":[],"sitting":[],"cushions":[],"decorative_inner":[],"decorative_inserts":[],"side":[],"support":[],"front_doors":{"60699":60699,"77268":77268},"top_front_doors":[],"seat_structure":[],"top_structure":[],"covering":[],"optional_shelf":[],"mirror":[],"side_panels":[],"centerpiece":[]},"accessories":"","related":[126468,127032,127362],"gallery":[30957],"product_sheet":"https:\/\/www.bontempi.it\/wp-content\/uploads\/2023\/03\/Pica-1561-1571-1562-1572.pdf","attachments":null,"videos":null,"silhouette":36847},"_links":{"self":[{"href":"https:\/\/www.bontempi.it\/de\/wp-json\/wp\/v2\/product\/131530","targetHints":{"allow":["GET"]}}],"collection":[{"href":"https:\/\/www.bontempi.it\/de\/wp-json\/wp\/v2\/product"}],"about":[{"href":"https:\/\/www.bontempi.it\/de\/wp-json\/wp\/v2\/types\/product"}],"acf:attachment":[{"embeddable":true,"href":"https:\/\/www.bontempi.it\/de\/wp-json\/wp\/v2\/media\/30957"}],"acf:post":[{"embeddable":true,"href":"https:\/\/www.bontempi.it\/de\/wp-json\/wp\/v2\/product\/127362"},{"embeddable":true,"href":"https:\/\/www.bontempi.it\/de\/wp-json\/wp\/v2\/product\/127032"},{"embeddable":true,"href":"https:\/\/www.bontempi.it\/de\/wp-json\/wp\/v2\/product\/126468"}],"acf:term":[{"embeddable":true,"taxonomy":"room","href":"https:\/\/www.bontempi.it\/de\/wp-json\/wp\/v2\/room\/71474"},{"embeddable":true,"taxonomy":"kind","href":"https:\/\/www.bontempi.it\/de\/wp-json\/wp\/v2\/kind\/71050"},{"embeddable":true,"taxonomy":"line","href":"https:\/\/www.bontempi.it\/de\/wp-json\/wp\/v2\/line\/74902"},{"embeddable":true,"taxonomy":"line","href":"https:\/\/www.bontempi.it\/de\/wp-json\/wp\/v2\/line\/74901"}],"wp:attachment":[{"href":"https:\/\/www.bontempi.it\/de\/wp-json\/wp\/v2\/media?parent=131530"}],"wp:term":[{"taxonomy":"line","embeddable":true,"href":"https:\/\/www.bontempi.it\/de\/wp-json\/wp\/v2\/line?post=131530"},{"taxonomy":"kind","embeddable":true,"href":"https:\/\/www.bontempi.it\/de\/wp-json\/wp\/v2\/kind?post=131530"},{"taxonomy":"room","embeddable":true,"href":"https:\/\/www.bontempi.it\/de\/wp-json\/wp\/v2\/room?post=131530"},{"taxonomy":"material","embeddable":true,"href":"https:\/\/www.bontempi.it\/de\/wp-json\/wp\/v2\/material?post=131530"},{"taxonomy":"color","embeddable":true,"href":"https:\/\/www.bontempi.it\/de\/wp-json\/wp\/v2\/color?post=131530"},{"taxonomy":"certification","embeddable":true,"href":"https:\/\/www.bontempi.it\/de\/wp-json\/wp\/v2\/certification?post=131530"}],"curies":[{"name":"wp","href":"https:\/\/api.w.org\/{rel}","templated":true}]}}