{"id":131525,"date":"2023-11-09T10:00:34","date_gmt":"2023-11-09T09:00:34","guid":{"rendered":"https:\/\/www.bontempi.it\/product\/audrey-15-53\/"},"modified":"2024-04-29T10:33:48","modified_gmt":"2024-04-29T08:33:48","slug":"audrey-15-53","status":"publish","type":"product","link":"https:\/\/www.bontempi.it\/de\/audrey-1553\/","title":{"rendered":"Audrey &#8211; 15.53"},"content":{"rendered":"<p>Glasschrank Gestell in Aluminium zwei T\u00fcre und 3 innere Regale aus Glas. Gestell, F\u00fc\u00dfe und Klinken in lackiertem Aluminium dunkelmessing, schwarz matt.<\/p>\n","protected":false},"excerpt":{"rendered":"<p>Glasschrank Gestell in Aluminium zwei T\u00fcre und 3 innere Regale aus Glas. Gestell, F\u00fc\u00dfe und Klinken in lackiertem Aluminium dunkelmessing, schwarz matt.<\/p>\n","protected":false},"featured_media":0,"template":"","line":[74683],"kind":[71050],"room":[71474],"material":[69890],"color":[60724],"certification":[],"class_list":["post-131525","product","type-product","status-publish","hentry","line-audrey-de","kind-storage-units-de","room-hall-de","material-c157-de","color-transparent-de"],"acf":{"sku":"15.53","line":[74683],"is_accessory":false,"is_configurable":true,"kind":[71050],"rooms":[71474],"seats":"","dimensions":{"diameter":"","x":"100","z":"40","y":"163"},"finishing":{"top":[],"structure":{"70011":70011},"lower_cuff":[],"upper_cuff":[],"matchable_top":[],"builtin_revolving_central_top":[],"throat":[],"lampshade":[],"back":[],"sitting":[],"cushions":[],"decorative_inner":[],"decorative_inserts":[],"side":[],"support":[],"front_doors":[],"top_front_doors":{"69890":69890},"seat_structure":[],"top_structure":[],"covering":[],"optional_shelf":[],"mirror":[],"side_panels":[],"centerpiece":[]},"colors":{"top":[],"structure":{"77281":77281},"lower_cuff":[],"upper_cuff":[],"matchable_top":[],"builtin_revolving_central_top":[],"throat":[],"lampshade":[],"back":[],"sitting":[],"cushions":[],"decorative_inner":[],"decorative_inserts":[],"side":[],"support":[],"front_doors":[],"top_front_doors":{"60724":60724},"seat_structure":[],"top_structure":[],"covering":[],"optional_shelf":[],"mirror":[],"side_panels":[],"centerpiece":[]},"accessories":"","related":[126617],"gallery":[160584,160572,160578],"product_sheet":"","attachments":null,"videos":null,"silhouette":103498},"_links":{"self":[{"href":"https:\/\/www.bontempi.it\/de\/wp-json\/wp\/v2\/product\/131525","targetHints":{"allow":["GET"]}}],"collection":[{"href":"https:\/\/www.bontempi.it\/de\/wp-json\/wp\/v2\/product"}],"about":[{"href":"https:\/\/www.bontempi.it\/de\/wp-json\/wp\/v2\/types\/product"}],"acf:attachment":[{"embeddable":true,"href":"https:\/\/www.bontempi.it\/de\/wp-json\/wp\/v2\/media\/160578"},{"embeddable":true,"href":"https:\/\/www.bontempi.it\/de\/wp-json\/wp\/v2\/media\/160572"},{"embeddable":true,"href":"https:\/\/www.bontempi.it\/de\/wp-json\/wp\/v2\/media\/160584"}],"acf:post":[{"embeddable":true,"href":"https:\/\/www.bontempi.it\/de\/wp-json\/wp\/v2\/product\/126617"}],"acf:term":[{"embeddable":true,"taxonomy":"room","href":"https:\/\/www.bontempi.it\/de\/wp-json\/wp\/v2\/room\/71474"},{"embeddable":true,"taxonomy":"kind","href":"https:\/\/www.bontempi.it\/de\/wp-json\/wp\/v2\/kind\/71050"},{"embeddable":true,"taxonomy":"line","href":"https:\/\/www.bontempi.it\/de\/wp-json\/wp\/v2\/line\/74683"}],"wp:attachment":[{"href":"https:\/\/www.bontempi.it\/de\/wp-json\/wp\/v2\/media?parent=131525"}],"wp:term":[{"taxonomy":"line","embeddable":true,"href":"https:\/\/www.bontempi.it\/de\/wp-json\/wp\/v2\/line?post=131525"},{"taxonomy":"kind","embeddable":true,"href":"https:\/\/www.bontempi.it\/de\/wp-json\/wp\/v2\/kind?post=131525"},{"taxonomy":"room","embeddable":true,"href":"https:\/\/www.bontempi.it\/de\/wp-json\/wp\/v2\/room?post=131525"},{"taxonomy":"material","embeddable":true,"href":"https:\/\/www.bontempi.it\/de\/wp-json\/wp\/v2\/material?post=131525"},{"taxonomy":"color","embeddable":true,"href":"https:\/\/www.bontempi.it\/de\/wp-json\/wp\/v2\/color?post=131525"},{"taxonomy":"certification","embeddable":true,"href":"https:\/\/www.bontempi.it\/de\/wp-json\/wp\/v2\/certification?post=131525"}],"curies":[{"name":"wp","href":"https:\/\/api.w.org\/{rel}","templated":true}]}}