{"id":131524,"date":"2023-11-09T10:00:34","date_gmt":"2023-11-09T09:00:34","guid":{"rendered":"https:\/\/www.bontempi.it\/product\/madison-superior-15-51sp\/"},"modified":"2024-04-29T10:33:44","modified_gmt":"2024-04-29T08:33:44","slug":"madison-superior-15-51sp","status":"publish","type":"product","link":"https:\/\/www.bontempi.it\/de\/madison-superior-supermarmor-1551sp\/","title":{"rendered":"Madison Superior SuperMarmor &#8211; 15.51SP"},"content":{"rendered":"<p>Barschrank mit Holzrahmen, mit zwei Fl\u00fcgelt\u00fcren, Ablagefach aus transparentem Kristallglas, innen verspiegelter R\u00fcckwand, Schubladen, Flaschenfach und Kelchhalter aus Massivholz von Nussbaum Canaletto, Arbeitsplatte, Seiten und T\u00fcren aus SuperMarmor, Rahmen, dekorative F\u00fc\u00dfe und Griffe aus lackiertem Stahl.<\/p>\n","protected":false},"excerpt":{"rendered":"<p>Barschrank mit Holzrahmen, mit zwei Fl\u00fcgelt\u00fcren, Ablagefach aus transparentem Kristallglas, innen verspiegelter R\u00fcckwand, Schubladen, Flaschenfach und Kelchhalter aus Massivholz von Nussbaum Canaletto, Arbeitsplatte, Seiten und T\u00fcren aus SuperMarmor, Rahmen, dekorative F\u00fc\u00dfe und Griffe aus lackiertem Stahl.<\/p>\n","protected":false},"featured_media":40107,"template":"","line":[74850],"kind":[71050],"room":[71474],"material":[70226,70229,70231,70233,70235,70238,70240],"color":[60713,77268,77270,77281],"certification":[],"class_list":["post-131524","product","type-product","status-publish","has-post-thumbnail","hentry","line-madison-superior-de","kind-storage-units-de","room-hall-de","material-cm003-de","material-cm007-de","material-cm012-de","material-cm032-de","material-cm009-de","material-cm010-de","material-cm005-de","color-multicolor-de","color-black-de","color-white-de","color-chocolate-de"],"acf":{"sku":"15.51SP","line":[74850],"is_accessory":false,"is_configurable":true,"kind":[71050],"rooms":[71474],"seats":"","dimensions":{"diameter":"","x":"102","z":"45","y":"163"},"finishing":{"top":[],"structure":{"69984":69984,"69986":69986,"69987":69987,"70000":70000,"70004":70004,"70005":70005,"70006":70006,"70007":70007,"70008":70008,"70011":70011,"70013":70013,"70015":70015},"lower_cuff":[],"upper_cuff":[],"matchable_top":[],"builtin_revolving_central_top":[],"throat":[],"lampshade":[],"back":[],"sitting":[],"cushions":[],"decorative_inner":[],"decorative_inserts":{"69984":69984,"69986":69986,"69987":69987,"70000":70000,"70004":70004,"70005":70005,"70006":70006,"70007":70007,"70008":70008,"70011":70011,"70013":70013,"70015":70015},"side":[],"support":[],"front_doors":[],"top_front_doors":{"70226":70226,"70229":70229,"70231":70231,"70233":70233,"70235":70235,"70238":70238,"70240":70240},"seat_structure":[],"top_structure":[],"covering":[],"optional_shelf":[],"mirror":[],"side_panels":[],"centerpiece":[]},"colors":{"top":[],"structure":{"77269":77269,"75639":75639,"77270":77270,"77268":77268,"77291":77291,"77292":77292,"77281":77281,"60699":60699},"lower_cuff":[],"upper_cuff":[],"matchable_top":[],"builtin_revolving_central_top":[],"throat":[],"lampshade":[],"back":[],"sitting":[],"cushions":[],"decorative_inner":[],"decorative_inserts":{"77269":77269,"75639":75639,"77270":77270,"77268":77268,"77291":77291,"77292":77292,"77281":77281,"60699":60699},"side":[],"support":[],"front_doors":[],"top_front_doors":{"77270":77270,"77281":77281,"60713":60713,"77268":77268},"seat_structure":[],"top_structure":[],"covering":[],"optional_shelf":[],"mirror":[],"side_panels":[],"centerpiece":[]},"accessories":"","related":[126924,126925,127156,127362],"gallery":[60197,60202,19563,19561],"product_sheet":"https:\/\/www.bontempi.it\/wp-content\/uploads\/2023\/03\/Madison-Superior.pdf","attachments":null,"videos":null,"silhouette":72153},"_links":{"self":[{"href":"https:\/\/www.bontempi.it\/de\/wp-json\/wp\/v2\/product\/131524","targetHints":{"allow":["GET"]}}],"collection":[{"href":"https:\/\/www.bontempi.it\/de\/wp-json\/wp\/v2\/product"}],"about":[{"href":"https:\/\/www.bontempi.it\/de\/wp-json\/wp\/v2\/types\/product"}],"acf:attachment":[{"embeddable":true,"href":"https:\/\/www.bontempi.it\/de\/wp-json\/wp\/v2\/media\/19561"},{"embeddable":true,"href":"https:\/\/www.bontempi.it\/de\/wp-json\/wp\/v2\/media\/19563"},{"embeddable":true,"href":"https:\/\/www.bontempi.it\/de\/wp-json\/wp\/v2\/media\/60202"},{"embeddable":true,"href":"https:\/\/www.bontempi.it\/de\/wp-json\/wp\/v2\/media\/60197"}],"acf:post":[{"embeddable":true,"href":"https:\/\/www.bontempi.it\/de\/wp-json\/wp\/v2\/product\/127362"},{"embeddable":true,"href":"https:\/\/www.bontempi.it\/de\/wp-json\/wp\/v2\/product\/127156"},{"embeddable":true,"href":"https:\/\/www.bontempi.it\/de\/wp-json\/wp\/v2\/product\/126925"},{"embeddable":true,"href":"https:\/\/www.bontempi.it\/de\/wp-json\/wp\/v2\/product\/126924"}],"acf:term":[{"embeddable":true,"taxonomy":"room","href":"https:\/\/www.bontempi.it\/de\/wp-json\/wp\/v2\/room\/71474"},{"embeddable":true,"taxonomy":"kind","href":"https:\/\/www.bontempi.it\/de\/wp-json\/wp\/v2\/kind\/71050"},{"embeddable":true,"taxonomy":"line","href":"https:\/\/www.bontempi.it\/de\/wp-json\/wp\/v2\/line\/74850"}],"wp:featuredmedia":[{"embeddable":true,"href":"https:\/\/www.bontempi.it\/de\/wp-json\/wp\/v2\/media\/40107"}],"wp:attachment":[{"href":"https:\/\/www.bontempi.it\/de\/wp-json\/wp\/v2\/media?parent=131524"}],"wp:term":[{"taxonomy":"line","embeddable":true,"href":"https:\/\/www.bontempi.it\/de\/wp-json\/wp\/v2\/line?post=131524"},{"taxonomy":"kind","embeddable":true,"href":"https:\/\/www.bontempi.it\/de\/wp-json\/wp\/v2\/kind?post=131524"},{"taxonomy":"room","embeddable":true,"href":"https:\/\/www.bontempi.it\/de\/wp-json\/wp\/v2\/room?post=131524"},{"taxonomy":"material","embeddable":true,"href":"https:\/\/www.bontempi.it\/de\/wp-json\/wp\/v2\/material?post=131524"},{"taxonomy":"color","embeddable":true,"href":"https:\/\/www.bontempi.it\/de\/wp-json\/wp\/v2\/color?post=131524"},{"taxonomy":"certification","embeddable":true,"href":"https:\/\/www.bontempi.it\/de\/wp-json\/wp\/v2\/certification?post=131524"}],"curies":[{"name":"wp","href":"https:\/\/api.w.org\/{rel}","templated":true}]}}