{"id":131521,"date":"2023-11-09T10:00:34","date_gmt":"2023-11-09T09:00:34","guid":{"rendered":"https:\/\/www.bontempi.it\/product\/madison-15-50ll\/"},"modified":"2024-04-29T10:33:27","modified_gmt":"2024-04-29T08:33:27","slug":"madison-15-50ll","status":"publish","type":"product","link":"https:\/\/www.bontempi.it\/de\/madison-holzgestell-1550ll\/","title":{"rendered":"Madison Holzgestell &#8211; 15.50LL"},"content":{"rendered":"<p>Anrichte aus Holz mit zwei Fl\u00fcgelt\u00fcren, Ablagefach aus transparentem Kristallglas, innen verspiegelter R\u00fcckwand, Arbeitsplatte, Seiten und T\u00fcren aus lackiertem Holz, dekorativen F\u00fc\u00dfen und Griffen nach Wahl.<\/p>\n","protected":false},"excerpt":{"rendered":"<p>Anrichte aus Holz mit zwei Fl\u00fcgelt\u00fcren, Ablagefach aus transparentem Kristallglas, innen verspiegelter R\u00fcckwand, Arbeitsplatte, Seiten und T\u00fcren aus lackiertem Holz, dekorativen F\u00fc\u00dfen und Griffen nach Wahl.<\/p>\n","protected":false},"featured_media":0,"template":"","line":[74849],"kind":[71050],"room":[71474],"material":[69939,69941,69948,69950,69951,69954,70194],"color":[60699,60720,75764,77268,77269,77270],"certification":[],"class_list":["post-131521","product","type-product","status-publish","hentry","line-madison-de","kind-storage-units-de","room-hall-de","material-l087-de","material-l079-de","material-l090-de","material-l092-de","material-l084-de","material-l093-de","material-ral-ncs-de","color-beige-de","color-rust-de","color-green-de","color-black-de","color-grey-de","color-white-de"],"acf":{"sku":"15.50LL","line":[74849],"is_accessory":false,"is_configurable":true,"kind":[71050],"rooms":[71474],"seats":"","dimensions":{"diameter":"","x":"102","z":"42","y":"163"},"finishing":{"top":[],"structure":{"69984":69984,"69986":69986,"69987":69987,"70000":70000,"70004":70004,"70005":70005,"70006":70006,"70007":70007,"70008":70008,"70011":70011,"70013":70013,"70015":70015},"lower_cuff":[],"upper_cuff":[],"matchable_top":[],"builtin_revolving_central_top":[],"throat":[],"lampshade":[],"back":[],"sitting":[],"cushions":[],"decorative_inner":[],"decorative_inserts":{"69984":69984,"69986":69986,"69987":69987,"70000":70000,"70004":70004,"70005":70005,"70006":70006,"70007":70007,"70008":70008,"70011":70011,"70013":70013,"70015":70015},"side":[],"support":[],"front_doors":[],"top_front_doors":{"69939":69939,"69941":69941,"69948":69948,"69950":69950,"69951":69951,"69954":69954,"70194":70194},"seat_structure":[],"top_structure":[],"covering":[],"optional_shelf":[],"mirror":[],"side_panels":[],"centerpiece":[]},"colors":{"top":[],"structure":{"77269":77269,"75639":75639,"77270":77270,"77268":77268,"77291":77291,"77292":77292,"77281":77281,"60699":60699},"lower_cuff":[],"upper_cuff":[],"matchable_top":[],"builtin_revolving_central_top":[],"throat":[],"lampshade":[],"back":[],"sitting":[],"cushions":[],"decorative_inner":[],"decorative_inserts":{"77269":77269,"75639":75639,"77270":77270,"77268":77268,"77291":77291,"77292":77292,"77281":77281,"60699":60699},"side":[],"support":[],"front_doors":[],"top_front_doors":{"77269":77269,"77270":77270,"77268":77268,"60720":60720,"60699":60699,"75764":75764},"seat_structure":[],"top_structure":[],"covering":[],"optional_shelf":[],"mirror":[],"side_panels":[],"centerpiece":[]},"accessories":"","related":[127362],"gallery":[19554],"product_sheet":"https:\/\/www.bontempi.it\/wp-content\/uploads\/2023\/03\/Madison.pdf","attachments":null,"videos":null,"silhouette":36823},"_links":{"self":[{"href":"https:\/\/www.bontempi.it\/de\/wp-json\/wp\/v2\/product\/131521","targetHints":{"allow":["GET"]}}],"collection":[{"href":"https:\/\/www.bontempi.it\/de\/wp-json\/wp\/v2\/product"}],"about":[{"href":"https:\/\/www.bontempi.it\/de\/wp-json\/wp\/v2\/types\/product"}],"acf:attachment":[{"embeddable":true,"href":"https:\/\/www.bontempi.it\/de\/wp-json\/wp\/v2\/media\/19554"}],"acf:post":[{"embeddable":true,"href":"https:\/\/www.bontempi.it\/de\/wp-json\/wp\/v2\/product\/127362"}],"acf:term":[{"embeddable":true,"taxonomy":"room","href":"https:\/\/www.bontempi.it\/de\/wp-json\/wp\/v2\/room\/71474"},{"embeddable":true,"taxonomy":"kind","href":"https:\/\/www.bontempi.it\/de\/wp-json\/wp\/v2\/kind\/71050"},{"embeddable":true,"taxonomy":"line","href":"https:\/\/www.bontempi.it\/de\/wp-json\/wp\/v2\/line\/74849"}],"wp:attachment":[{"href":"https:\/\/www.bontempi.it\/de\/wp-json\/wp\/v2\/media?parent=131521"}],"wp:term":[{"taxonomy":"line","embeddable":true,"href":"https:\/\/www.bontempi.it\/de\/wp-json\/wp\/v2\/line?post=131521"},{"taxonomy":"kind","embeddable":true,"href":"https:\/\/www.bontempi.it\/de\/wp-json\/wp\/v2\/kind?post=131521"},{"taxonomy":"room","embeddable":true,"href":"https:\/\/www.bontempi.it\/de\/wp-json\/wp\/v2\/room?post=131521"},{"taxonomy":"material","embeddable":true,"href":"https:\/\/www.bontempi.it\/de\/wp-json\/wp\/v2\/material?post=131521"},{"taxonomy":"color","embeddable":true,"href":"https:\/\/www.bontempi.it\/de\/wp-json\/wp\/v2\/color?post=131521"},{"taxonomy":"certification","embeddable":true,"href":"https:\/\/www.bontempi.it\/de\/wp-json\/wp\/v2\/certification?post=131521"}],"curies":[{"name":"wp","href":"https:\/\/api.w.org\/{rel}","templated":true}]}}