{"id":131518,"date":"2023-11-09T10:00:34","date_gmt":"2023-11-09T09:00:34","guid":{"rendered":"https:\/\/www.bontempi.it\/?post_type=product&#038;p=131518"},"modified":"2024-04-29T10:33:17","modified_gmt":"2024-04-29T08:33:17","slug":"musa-15-48","status":"publish","type":"product","link":"https:\/\/www.bontempi.it\/de\/musa-1548\/","title":{"rendered":"Musa &#8211; 15.48"},"content":{"rendered":"<p>Sideboard mit Holzgestell, 2 T\u00fcre, innere Regale aus klarem Glas; Seiten aus Holz lackiert, T\u00fcre aus Holz lackiert und furniert. F\u00fc\u00dfe aus Aluminium. Optionale verspiegelte Schublade.<\/p>\n","protected":false},"excerpt":{"rendered":"<p>Sideboard mit Holzgestell, 2 T\u00fcre, innere Regale aus klarem Glas; Seiten aus Holz lackiert, T\u00fcre aus Holz lackiert und furniert. F\u00fc\u00dfe aus Aluminium. Optionale verspiegelte Schublade.<\/p>\n","protected":false},"featured_media":0,"template":"","line":[74881],"kind":[71050],"room":[],"material":[69930,69936,69939,69948,69951],"color":[60699,77268,77269,77281],"certification":[],"class_list":["post-131518","product","type-product","status-publish","hentry","line-musa-de","kind-storage-units-de","material-l036-de","material-l002-de","material-l087-de","material-l090-de","material-l084-de","color-beige-de","color-black-de","color-grey-de","color-chocolate-de"],"acf":{"sku":"15.48","line":[74881],"is_accessory":false,"is_configurable":true,"kind":[71050],"rooms":false,"seats":"","dimensions":{"diameter":"","x":"144","z":"46.5","y":"82"},"finishing":{"top":[],"structure":{"69984":69984,"69986":69986,"70004":70004,"70005":70005,"70006":70006,"70007":70007,"70008":70008},"lower_cuff":[],"upper_cuff":[],"matchable_top":[],"builtin_revolving_central_top":[],"throat":[],"lampshade":[],"back":[],"sitting":[],"cushions":[],"decorative_inner":[],"decorative_inserts":[],"side":[],"support":[],"front_doors":{"69930":69930,"69936":69936,"69939":69939,"69948":69948,"69951":69951},"top_front_doors":[],"seat_structure":[],"top_structure":[],"covering":[],"optional_shelf":[],"mirror":[],"side_panels":[],"centerpiece":[]},"colors":{"top":[],"structure":{"77269":77269,"75639":75639,"77268":77268,"77291":77291,"77292":77292,"77281":77281},"lower_cuff":[],"upper_cuff":[],"matchable_top":[],"builtin_revolving_central_top":[],"throat":[],"lampshade":[],"back":[],"sitting":[],"cushions":[],"decorative_inner":[],"decorative_inserts":[],"side":[],"support":[],"front_doors":{"60699":60699,"77281":77281,"77269":77269,"77268":77268},"top_front_doors":[],"seat_structure":[],"top_structure":[],"covering":[],"optional_shelf":[],"mirror":[],"side_panels":[],"centerpiece":[]},"accessories":"","related":"","gallery":[123839,123844,123814,123819],"product_sheet":"","attachments":null,"videos":null,"silhouette":124109},"_links":{"self":[{"href":"https:\/\/www.bontempi.it\/de\/wp-json\/wp\/v2\/product\/131518","targetHints":{"allow":["GET"]}}],"collection":[{"href":"https:\/\/www.bontempi.it\/de\/wp-json\/wp\/v2\/product"}],"about":[{"href":"https:\/\/www.bontempi.it\/de\/wp-json\/wp\/v2\/types\/product"}],"acf:attachment":[{"embeddable":true,"href":"https:\/\/www.bontempi.it\/de\/wp-json\/wp\/v2\/media\/123819"},{"embeddable":true,"href":"https:\/\/www.bontempi.it\/de\/wp-json\/wp\/v2\/media\/123814"},{"embeddable":true,"href":"https:\/\/www.bontempi.it\/de\/wp-json\/wp\/v2\/media\/123844"},{"embeddable":true,"href":"https:\/\/www.bontempi.it\/de\/wp-json\/wp\/v2\/media\/123839"}],"acf:term":[{"embeddable":true,"taxonomy":"kind","href":"https:\/\/www.bontempi.it\/de\/wp-json\/wp\/v2\/kind\/71050"},{"embeddable":true,"taxonomy":"line","href":"https:\/\/www.bontempi.it\/de\/wp-json\/wp\/v2\/line\/74881"}],"wp:attachment":[{"href":"https:\/\/www.bontempi.it\/de\/wp-json\/wp\/v2\/media?parent=131518"}],"wp:term":[{"taxonomy":"line","embeddable":true,"href":"https:\/\/www.bontempi.it\/de\/wp-json\/wp\/v2\/line?post=131518"},{"taxonomy":"kind","embeddable":true,"href":"https:\/\/www.bontempi.it\/de\/wp-json\/wp\/v2\/kind?post=131518"},{"taxonomy":"room","embeddable":true,"href":"https:\/\/www.bontempi.it\/de\/wp-json\/wp\/v2\/room?post=131518"},{"taxonomy":"material","embeddable":true,"href":"https:\/\/www.bontempi.it\/de\/wp-json\/wp\/v2\/material?post=131518"},{"taxonomy":"color","embeddable":true,"href":"https:\/\/www.bontempi.it\/de\/wp-json\/wp\/v2\/color?post=131518"},{"taxonomy":"certification","embeddable":true,"href":"https:\/\/www.bontempi.it\/de\/wp-json\/wp\/v2\/certification?post=131518"}],"curies":[{"name":"wp","href":"https:\/\/api.w.org\/{rel}","templated":true}]}}