{"id":131508,"date":"2023-11-09T09:59:55","date_gmt":"2023-11-09T08:59:55","guid":{"rendered":"https:\/\/www.bontempi.it\/product\/cosmopolitan-lacquered-wood-15-43ll\/"},"modified":"2024-04-29T10:36:19","modified_gmt":"2024-04-29T08:36:19","slug":"cosmopolitan-lacquered-wood-15-43ll","status":"publish","type":"product","link":"https:\/\/www.bontempi.it\/de\/cosmopolitan-rueckenseite-holz-lackiert-1543ll\/","title":{"rendered":"Cosmopolitan R\u00fcckenseite Holz lackiert &#8211; 15.43LL"},"content":{"rendered":"<p>R\u00fcckwand f\u00fcr Anrichten L124 H97 zum Aufstellen in der Raummitte aus lackiertem Holz.<\/p>\n","protected":false},"excerpt":{"rendered":"<p>R\u00fcckwand f\u00fcr Anrichten L124 H97 zum Aufstellen in der Raummitte aus lackiertem Holz.<\/p>\n","protected":false},"featured_media":0,"template":"","line":[74722,74724],"kind":[75009],"room":[71474],"material":[69939,69941,69948,69950,69951,69954,70193],"color":[60699,60717,60720,75764,77268,77269,77270],"certification":[],"class_list":["post-131508","product","type-product","status-publish","hentry","line-cosmopolitan-de","line-cosmopolitan-lacquered-wood-de","kind-accessories-de","room-hall-de","material-l087-de","material-l079-de","material-l090-de","material-l092-de","material-l084-de","material-l093-de","material-ral-de","color-beige-de","color-ral-de","color-rust-de","color-green-de","color-black-de","color-grey-de","color-white-de"],"acf":{"sku":"15.43LL","line":[74722,74724],"is_accessory":true,"is_configurable":false,"kind":[75009],"rooms":[71474],"seats":"","dimensions":{"diameter":"","x":"124","z":"2","y":"97"},"finishing":{"top":[],"structure":[],"lower_cuff":[],"upper_cuff":[],"matchable_top":[],"builtin_revolving_central_top":[],"throat":[],"lampshade":[],"back":[],"sitting":[],"cushions":[],"decorative_inner":[],"decorative_inserts":[],"side":[],"support":[],"front_doors":[],"top_front_doors":{"69939":69939,"69941":69941,"69948":69948,"69950":69950,"69951":69951,"69954":69954,"70193":70193},"seat_structure":[],"top_structure":[],"covering":[],"optional_shelf":[],"mirror":[],"side_panels":[],"centerpiece":[]},"colors":{"top":[],"structure":[],"lower_cuff":[],"upper_cuff":[],"matchable_top":[],"builtin_revolving_central_top":[],"throat":[],"lampshade":[],"back":[],"sitting":[],"cushions":[],"decorative_inner":[],"decorative_inserts":[],"side":[],"support":[],"front_doors":[],"top_front_doors":{"77269":77269,"77270":77270,"77268":77268,"60720":60720,"60699":60699,"75764":75764,"60717":60717},"seat_structure":[],"top_structure":[],"covering":[],"optional_shelf":[],"mirror":[],"side_panels":[],"centerpiece":[]},"accessories":"","related":[126597,126846,127054],"gallery":"","product_sheet":"","attachments":null,"videos":[{"label":"Montaggio ed uso","file":""}],"silhouette":""},"_links":{"self":[{"href":"https:\/\/www.bontempi.it\/de\/wp-json\/wp\/v2\/product\/131508","targetHints":{"allow":["GET"]}}],"collection":[{"href":"https:\/\/www.bontempi.it\/de\/wp-json\/wp\/v2\/product"}],"about":[{"href":"https:\/\/www.bontempi.it\/de\/wp-json\/wp\/v2\/types\/product"}],"acf:post":[{"embeddable":true,"href":"https:\/\/www.bontempi.it\/de\/wp-json\/wp\/v2\/product\/127054"},{"embeddable":true,"href":"https:\/\/www.bontempi.it\/de\/wp-json\/wp\/v2\/product\/126846"},{"embeddable":true,"href":"https:\/\/www.bontempi.it\/de\/wp-json\/wp\/v2\/product\/126597"}],"acf:term":[{"embeddable":true,"taxonomy":"room","href":"https:\/\/www.bontempi.it\/de\/wp-json\/wp\/v2\/room\/71474"},{"embeddable":true,"taxonomy":"kind","href":"https:\/\/www.bontempi.it\/de\/wp-json\/wp\/v2\/kind\/75009"},{"embeddable":true,"taxonomy":"line","href":"https:\/\/www.bontempi.it\/de\/wp-json\/wp\/v2\/line\/74724"},{"embeddable":true,"taxonomy":"line","href":"https:\/\/www.bontempi.it\/de\/wp-json\/wp\/v2\/line\/74722"}],"wp:attachment":[{"href":"https:\/\/www.bontempi.it\/de\/wp-json\/wp\/v2\/media?parent=131508"}],"wp:term":[{"taxonomy":"line","embeddable":true,"href":"https:\/\/www.bontempi.it\/de\/wp-json\/wp\/v2\/line?post=131508"},{"taxonomy":"kind","embeddable":true,"href":"https:\/\/www.bontempi.it\/de\/wp-json\/wp\/v2\/kind?post=131508"},{"taxonomy":"room","embeddable":true,"href":"https:\/\/www.bontempi.it\/de\/wp-json\/wp\/v2\/room?post=131508"},{"taxonomy":"material","embeddable":true,"href":"https:\/\/www.bontempi.it\/de\/wp-json\/wp\/v2\/material?post=131508"},{"taxonomy":"color","embeddable":true,"href":"https:\/\/www.bontempi.it\/de\/wp-json\/wp\/v2\/color?post=131508"},{"taxonomy":"certification","embeddable":true,"href":"https:\/\/www.bontempi.it\/de\/wp-json\/wp\/v2\/certification?post=131508"}],"curies":[{"name":"wp","href":"https:\/\/api.w.org\/{rel}","templated":true}]}}