{"id":131507,"date":"2023-11-09T09:59:55","date_gmt":"2023-11-09T08:59:55","guid":{"rendered":"https:\/\/www.bontempi.it\/product\/cosmopolitan-glass-15-43cs\/"},"modified":"2024-04-29T10:36:16","modified_gmt":"2024-04-29T08:36:16","slug":"cosmopolitan-glass-15-43cs","status":"publish","type":"product","link":"https:\/\/www.bontempi.it\/de\/cosmopolitan-rueckenseite-1543cs\/","title":{"rendered":"Cosmopolitan R\u00fcckenseite &#8211; 15.43CS"},"content":{"rendered":"<p>R\u00fcckwand f\u00fcr Anrichten L124 H97 zum Aufstellen in der Raummitte aus Kristall und kratzfestem Kristall.<\/p>\n","protected":false},"excerpt":{"rendered":"<p>R\u00fcckwand f\u00fcr Anrichten L124 H97 zum Aufstellen in der Raummitte aus Kristall und kratzfestem Kristall.<\/p>\n","protected":false},"featured_media":0,"template":"","line":[74722,74723],"kind":[75009],"room":[71479],"material":[69855,69857,69861,69865],"color":[60699,77268,77269,77270],"certification":[],"class_list":["post-131507","product","type-product","status-publish","hentry","line-cosmopolitan-de","line-cosmopolitan-glass-de","kind-accessories-de","room-office-de","material-c183s-de","material-c180s-de","material-c185s-de","material-c181s-de","color-beige-de","color-black-de","color-grey-de","color-white-de"],"acf":{"sku":"15.43CS","line":[74722,74723],"is_accessory":true,"is_configurable":false,"kind":[75009],"rooms":[71479],"seats":"","dimensions":{"diameter":"","x":"124","z":"2","y":"97"},"finishing":{"top":[],"structure":[],"lower_cuff":[],"upper_cuff":[],"matchable_top":[],"builtin_revolving_central_top":[],"throat":[],"lampshade":[],"back":[],"sitting":[],"cushions":[],"decorative_inner":[],"decorative_inserts":[],"side":[],"support":[],"front_doors":[],"top_front_doors":{"69855":69855,"69857":69857,"69861":69861,"69865":69865},"seat_structure":[],"top_structure":[],"covering":[],"optional_shelf":[],"mirror":[],"side_panels":[],"centerpiece":[]},"colors":{"top":[],"structure":[],"lower_cuff":[],"upper_cuff":[],"matchable_top":[],"builtin_revolving_central_top":[],"throat":[],"lampshade":[],"back":[],"sitting":[],"cushions":[],"decorative_inner":[],"decorative_inserts":[],"side":[],"support":[],"front_doors":[],"top_front_doors":{"77269":77269,"77270":77270,"77268":77268,"60699":60699},"seat_structure":[],"top_structure":[],"covering":[],"optional_shelf":[],"mirror":[],"side_panels":[],"centerpiece":[]},"accessories":[126600],"related":"","gallery":"","product_sheet":"","attachments":null,"videos":[{"label":"Montaggio ed uso","file":""}],"silhouette":""},"_links":{"self":[{"href":"https:\/\/www.bontempi.it\/de\/wp-json\/wp\/v2\/product\/131507","targetHints":{"allow":["GET"]}}],"collection":[{"href":"https:\/\/www.bontempi.it\/de\/wp-json\/wp\/v2\/product"}],"about":[{"href":"https:\/\/www.bontempi.it\/de\/wp-json\/wp\/v2\/types\/product"}],"acf:post":[{"embeddable":true,"href":"https:\/\/www.bontempi.it\/de\/wp-json\/wp\/v2\/product\/126600"}],"acf:term":[{"embeddable":true,"taxonomy":"room","href":"https:\/\/www.bontempi.it\/de\/wp-json\/wp\/v2\/room\/71479"},{"embeddable":true,"taxonomy":"kind","href":"https:\/\/www.bontempi.it\/de\/wp-json\/wp\/v2\/kind\/75009"},{"embeddable":true,"taxonomy":"line","href":"https:\/\/www.bontempi.it\/de\/wp-json\/wp\/v2\/line\/74723"},{"embeddable":true,"taxonomy":"line","href":"https:\/\/www.bontempi.it\/de\/wp-json\/wp\/v2\/line\/74722"}],"wp:attachment":[{"href":"https:\/\/www.bontempi.it\/de\/wp-json\/wp\/v2\/media?parent=131507"}],"wp:term":[{"taxonomy":"line","embeddable":true,"href":"https:\/\/www.bontempi.it\/de\/wp-json\/wp\/v2\/line?post=131507"},{"taxonomy":"kind","embeddable":true,"href":"https:\/\/www.bontempi.it\/de\/wp-json\/wp\/v2\/kind?post=131507"},{"taxonomy":"room","embeddable":true,"href":"https:\/\/www.bontempi.it\/de\/wp-json\/wp\/v2\/room?post=131507"},{"taxonomy":"material","embeddable":true,"href":"https:\/\/www.bontempi.it\/de\/wp-json\/wp\/v2\/material?post=131507"},{"taxonomy":"color","embeddable":true,"href":"https:\/\/www.bontempi.it\/de\/wp-json\/wp\/v2\/color?post=131507"},{"taxonomy":"certification","embeddable":true,"href":"https:\/\/www.bontempi.it\/de\/wp-json\/wp\/v2\/certification?post=131507"}],"curies":[{"name":"wp","href":"https:\/\/api.w.org\/{rel}","templated":true}]}}