{"id":131501,"date":"2023-11-09T09:59:55","date_gmt":"2023-11-09T08:59:55","guid":{"rendered":"https:\/\/www.bontempi.it\/product\/cosmopolitan-glass-15-41cs\/"},"modified":"2024-04-29T10:35:39","modified_gmt":"2024-04-29T08:35:39","slug":"cosmopolitan-glass-15-41cs","status":"publish","type":"product","link":"https:\/\/www.bontempi.it\/de\/cosmopolitan-glas-1541cs\/","title":{"rendered":"Cosmopolitan Glas &#8211; 15.41CS"},"content":{"rendered":"<p>Anrichte mit Holzrahmen, mit 1 kleinen T\u00fcr und 1 gro\u00dfen Fl\u00fcgelt\u00fcr und 2 Schubladen, Regalen aus Kristall, Arbeitsplatte, Seiten, T\u00fcren und Stirnseiten aus Kristall und kratzfestem Kristall.<\/p>\n","protected":false},"excerpt":{"rendered":"<p>Anrichte mit Holzrahmen, mit 1 kleinen T\u00fcr und 1 gro\u00dfen Fl\u00fcgelt\u00fcr und 2 Schubladen, Regalen aus Kristall, Arbeitsplatte, Seiten, T\u00fcren und Stirnseiten aus Kristall und kratzfestem Kristall.<\/p>\n","protected":false},"featured_media":0,"template":"","line":[74722,74723],"kind":[71050],"room":[71474],"material":[69855,69857,69861,69865],"color":[60699,77268,77269,77270],"certification":[],"class_list":["post-131501","product","type-product","status-publish","hentry","line-cosmopolitan-de","line-cosmopolitan-glass-de","kind-storage-units-de","room-hall-de","material-c183s-de","material-c180s-de","material-c185s-de","material-c181s-de","color-beige-de","color-black-de","color-grey-de","color-white-de"],"acf":{"sku":"15.41CS","line":[74722,74723],"is_accessory":false,"is_configurable":true,"kind":[71050],"rooms":[71474],"seats":"","dimensions":{"diameter":"","x":"124","z":"55","y":"120"},"finishing":{"top":[],"structure":[],"lower_cuff":[],"upper_cuff":[],"matchable_top":[],"builtin_revolving_central_top":[],"throat":{"69940":69940,"69941":69941,"69945":69945,"69946":69946,"69948":69948,"69949":69949,"69952":69952,"69953":69953,"70193":70193},"lampshade":[],"back":[],"sitting":[],"cushions":[],"decorative_inner":[],"decorative_inserts":[],"side":[],"support":{"69984":69984,"69986":69986,"69987":69987,"70000":70000,"70004":70004,"70005":70005,"70006":70006,"70007":70007,"70008":70008,"70011":70011,"70013":70013,"70015":70015},"front_doors":[],"top_front_doors":{"69855":69855,"69857":69857,"69861":69861,"69865":69865},"seat_structure":[],"top_structure":[],"covering":[],"optional_shelf":[],"mirror":[],"side_panels":[],"centerpiece":[]},"colors":{"top":[],"structure":[],"lower_cuff":[],"upper_cuff":[],"matchable_top":[],"builtin_revolving_central_top":[],"throat":{"77269":77269,"77270":77270,"60714":60714,"77268":77268,"75765":75765,"60699":60699,"75764":75764,"60717":60717},"lampshade":[],"back":[],"sitting":[],"cushions":[],"decorative_inner":[],"decorative_inserts":[],"side":[],"support":{"77269":77269,"75639":75639,"77270":77270,"77268":77268,"77291":77291,"77292":77292,"77281":77281,"60699":60699},"front_doors":[],"top_front_doors":{"77269":77269,"77270":77270,"77268":77268,"60699":60699},"seat_structure":[],"top_structure":[],"covering":[],"optional_shelf":[],"mirror":[],"side_panels":[],"centerpiece":[]},"accessories":"","related":[126846,126956,127054,127105],"gallery":[40272],"product_sheet":"https:\/\/www.bontempi.it\/wp-content\/uploads\/2023\/03\/Cosmopolitan-15.39-40-41.pdf","attachments":null,"videos":[{"label":"Montaggio ed uso","file":""}],"silhouette":44841},"_links":{"self":[{"href":"https:\/\/www.bontempi.it\/de\/wp-json\/wp\/v2\/product\/131501","targetHints":{"allow":["GET"]}}],"collection":[{"href":"https:\/\/www.bontempi.it\/de\/wp-json\/wp\/v2\/product"}],"about":[{"href":"https:\/\/www.bontempi.it\/de\/wp-json\/wp\/v2\/types\/product"}],"acf:attachment":[{"embeddable":true,"href":"https:\/\/www.bontempi.it\/de\/wp-json\/wp\/v2\/media\/40272"}],"acf:post":[{"embeddable":true,"href":"https:\/\/www.bontempi.it\/de\/wp-json\/wp\/v2\/product\/127105"},{"embeddable":true,"href":"https:\/\/www.bontempi.it\/de\/wp-json\/wp\/v2\/product\/127054"},{"embeddable":true,"href":"https:\/\/www.bontempi.it\/de\/wp-json\/wp\/v2\/product\/126956"},{"embeddable":true,"href":"https:\/\/www.bontempi.it\/de\/wp-json\/wp\/v2\/product\/126846"}],"acf:term":[{"embeddable":true,"taxonomy":"room","href":"https:\/\/www.bontempi.it\/de\/wp-json\/wp\/v2\/room\/71474"},{"embeddable":true,"taxonomy":"kind","href":"https:\/\/www.bontempi.it\/de\/wp-json\/wp\/v2\/kind\/71050"},{"embeddable":true,"taxonomy":"line","href":"https:\/\/www.bontempi.it\/de\/wp-json\/wp\/v2\/line\/74723"},{"embeddable":true,"taxonomy":"line","href":"https:\/\/www.bontempi.it\/de\/wp-json\/wp\/v2\/line\/74722"}],"wp:attachment":[{"href":"https:\/\/www.bontempi.it\/de\/wp-json\/wp\/v2\/media?parent=131501"}],"wp:term":[{"taxonomy":"line","embeddable":true,"href":"https:\/\/www.bontempi.it\/de\/wp-json\/wp\/v2\/line?post=131501"},{"taxonomy":"kind","embeddable":true,"href":"https:\/\/www.bontempi.it\/de\/wp-json\/wp\/v2\/kind?post=131501"},{"taxonomy":"room","embeddable":true,"href":"https:\/\/www.bontempi.it\/de\/wp-json\/wp\/v2\/room?post=131501"},{"taxonomy":"material","embeddable":true,"href":"https:\/\/www.bontempi.it\/de\/wp-json\/wp\/v2\/material?post=131501"},{"taxonomy":"color","embeddable":true,"href":"https:\/\/www.bontempi.it\/de\/wp-json\/wp\/v2\/color?post=131501"},{"taxonomy":"certification","embeddable":true,"href":"https:\/\/www.bontempi.it\/de\/wp-json\/wp\/v2\/certification?post=131501"}],"curies":[{"name":"wp","href":"https:\/\/api.w.org\/{rel}","templated":true}]}}