{"id":131456,"date":"2023-11-09T09:57:36","date_gmt":"2023-11-09T08:57:36","guid":{"rendered":"https:\/\/www.bontempi.it\/product\/cosmopolitan-glass-15-26cs\/"},"modified":"2024-04-29T10:46:22","modified_gmt":"2024-04-29T08:46:22","slug":"cosmopolitan-glass-15-26cs","status":"publish","type":"product","link":"https:\/\/www.bontempi.it\/de\/cosmopolitan-glas-1526cs\/","title":{"rendered":"Cosmopolitan Glas &#8211; 15.26CS"},"content":{"rendered":"<p>Anrichte mit Holzrahmen, mit 1 Fl\u00fcgelt\u00fcr und 2 Schubladen, \u00d6ffnungssystem mit Nut, Regalen aus Kristallglas, Arbeitsplatte, Seiten, T\u00fcren und Stirnseiten aus Kristall und kratzfestem Kristall.<\/p>\n","protected":false},"excerpt":{"rendered":"<p>Anrichte mit Holzrahmen, mit 1 Fl\u00fcgelt\u00fcr und 2 Schubladen, \u00d6ffnungssystem mit Nut, Regalen aus Kristallglas, Arbeitsplatte, Seiten, T\u00fcren und Stirnseiten aus Kristall und kratzfestem Kristall.<\/p>\n","protected":false},"featured_media":0,"template":"","line":[74722,74723],"kind":[71050],"room":[71474],"material":[69861,69865,69855,69857],"color":[77269,77270,60699,77268],"certification":[],"class_list":["post-131456","product","type-product","status-publish","hentry","line-cosmopolitan-de","line-cosmopolitan-glass-de","kind-storage-units-de","room-hall-de","material-c185s-de","material-c181s-de","material-c183s-de","material-c180s-de","color-grey-de","color-white-de","color-beige-de","color-black-de"],"acf":{"sku":"15.26CS","line":[74722,74723],"is_accessory":false,"is_configurable":true,"kind":[71050],"rooms":[71474],"seats":"","dimensions":{"diameter":"","x":"125","z":"55","y":"69"},"finishing":{"top":[],"structure":[],"lower_cuff":[],"upper_cuff":[],"matchable_top":[],"builtin_revolving_central_top":[],"throat":{"69940":69940,"69941":69941,"69945":69945,"69946":69946,"69948":69948,"69949":69949,"69952":69952,"69953":69953,"70193":70193},"lampshade":[],"back":[],"sitting":[],"cushions":[],"decorative_inner":[],"decorative_inserts":[],"side":[],"support":{"69984":69984,"69986":69986,"69987":69987,"70000":70000,"70004":70004,"70005":70005,"70006":70006,"70007":70007,"70008":70008,"70011":70011,"70013":70013,"70015":70015},"front_doors":[],"top_front_doors":{"69855":69855,"69857":69857,"69861":69861,"69865":69865},"seat_structure":[],"top_structure":[],"covering":[],"optional_shelf":[],"mirror":[],"side_panels":[],"centerpiece":[]},"colors":{"top":[],"structure":[],"lower_cuff":[],"upper_cuff":[],"matchable_top":[],"builtin_revolving_central_top":[],"throat":{"77269":77269,"77270":77270,"60714":60714,"77268":77268,"75765":75765,"60699":60699,"75764":75764,"60717":60717},"lampshade":[],"back":[],"sitting":[],"cushions":[],"decorative_inner":[],"decorative_inserts":[],"side":[],"support":{"77269":77269,"75639":75639,"77270":77270,"77268":77268,"77291":77291,"77292":77292,"77281":77281,"60699":60699},"front_doors":[],"top_front_doors":{"77269":77269,"77270":77270,"77268":77268,"60699":60699},"seat_structure":[],"top_structure":[],"covering":[],"optional_shelf":[],"mirror":[],"side_panels":[],"centerpiece":[]},"accessories":[126606],"related":[126836,126849,127249],"gallery":"","product_sheet":"https:\/\/www.bontempi.it\/wp-content\/uploads\/2023\/03\/Cosmopolitan-15.25-26.pdf","attachments":null,"videos":[{"label":"Montaggio ed uso","file":""}],"silhouette":36631},"_links":{"self":[{"href":"https:\/\/www.bontempi.it\/de\/wp-json\/wp\/v2\/product\/131456","targetHints":{"allow":["GET"]}}],"collection":[{"href":"https:\/\/www.bontempi.it\/de\/wp-json\/wp\/v2\/product"}],"about":[{"href":"https:\/\/www.bontempi.it\/de\/wp-json\/wp\/v2\/types\/product"}],"acf:post":[{"embeddable":true,"href":"https:\/\/www.bontempi.it\/de\/wp-json\/wp\/v2\/product\/127249"},{"embeddable":true,"href":"https:\/\/www.bontempi.it\/de\/wp-json\/wp\/v2\/product\/126849"},{"embeddable":true,"href":"https:\/\/www.bontempi.it\/de\/wp-json\/wp\/v2\/product\/126836"},{"embeddable":true,"href":"https:\/\/www.bontempi.it\/de\/wp-json\/wp\/v2\/product\/126606"}],"acf:term":[{"embeddable":true,"taxonomy":"room","href":"https:\/\/www.bontempi.it\/de\/wp-json\/wp\/v2\/room\/71474"},{"embeddable":true,"taxonomy":"kind","href":"https:\/\/www.bontempi.it\/de\/wp-json\/wp\/v2\/kind\/71050"},{"embeddable":true,"taxonomy":"line","href":"https:\/\/www.bontempi.it\/de\/wp-json\/wp\/v2\/line\/74723"},{"embeddable":true,"taxonomy":"line","href":"https:\/\/www.bontempi.it\/de\/wp-json\/wp\/v2\/line\/74722"}],"wp:attachment":[{"href":"https:\/\/www.bontempi.it\/de\/wp-json\/wp\/v2\/media?parent=131456"}],"wp:term":[{"taxonomy":"line","embeddable":true,"href":"https:\/\/www.bontempi.it\/de\/wp-json\/wp\/v2\/line?post=131456"},{"taxonomy":"kind","embeddable":true,"href":"https:\/\/www.bontempi.it\/de\/wp-json\/wp\/v2\/kind?post=131456"},{"taxonomy":"room","embeddable":true,"href":"https:\/\/www.bontempi.it\/de\/wp-json\/wp\/v2\/room?post=131456"},{"taxonomy":"material","embeddable":true,"href":"https:\/\/www.bontempi.it\/de\/wp-json\/wp\/v2\/material?post=131456"},{"taxonomy":"color","embeddable":true,"href":"https:\/\/www.bontempi.it\/de\/wp-json\/wp\/v2\/color?post=131456"},{"taxonomy":"certification","embeddable":true,"href":"https:\/\/www.bontempi.it\/de\/wp-json\/wp\/v2\/certification?post=131456"}],"curies":[{"name":"wp","href":"https:\/\/api.w.org\/{rel}","templated":true}]}}