{"id":131454,"date":"2023-11-09T09:57:36","date_gmt":"2023-11-09T08:57:36","guid":{"rendered":"https:\/\/www.bontempi.it\/product\/cosmopolitan-lacquered-wood-15-25ll\/"},"modified":"2024-04-29T10:46:10","modified_gmt":"2024-04-29T08:46:10","slug":"cosmopolitan-lacquered-wood-15-25ll","status":"publish","type":"product","link":"https:\/\/www.bontempi.it\/de\/cosmopolitan-holz-lackiert-1525ll\/","title":{"rendered":"Cosmopolitan Holz lackiert &#8211; 15.25LL"},"content":{"rendered":"<p>Anrichte mit Holzrahmen mit 2 Fl\u00fcgelt\u00fcren, \u00d6ffnungssystem mit Nut, Regalen aus Kristall, Arbeitsplatte, Seiten und T\u00fcren aus lackiertem Holz.<\/p>\n","protected":false},"excerpt":{"rendered":"<p>Anrichte mit Holzrahmen mit 2 Fl\u00fcgelt\u00fcren, \u00d6ffnungssystem mit Nut, Regalen aus Kristall, Arbeitsplatte, Seiten und T\u00fcren aus lackiertem Holz.<\/p>\n","protected":false},"featured_media":0,"template":"","line":[74722,74724],"kind":[71050],"room":[71474],"material":[70193,69939,69941,69946,69948,69950,69951,69954],"color":[77270,60699,60714,60717,60720,75764,77268,77269],"certification":[],"class_list":["post-131454","product","type-product","status-publish","hentry","line-cosmopolitan-de","line-cosmopolitan-lacquered-wood-de","kind-storage-units-de","room-hall-de","material-ral-de","material-l087-de","material-l079-de","material-ncs-de","material-l090-de","material-l092-de","material-l084-de","material-l093-de","color-white-de","color-beige-de","color-ncs-de","color-ral-de","color-rust-de","color-green-de","color-black-de","color-grey-de"],"acf":{"sku":"15.25LL","line":[74722,74724],"is_accessory":false,"is_configurable":true,"kind":[71050],"rooms":[71474],"seats":"","dimensions":{"diameter":"","x":"124","z":"55","y":"69"},"finishing":{"top":[],"structure":[],"lower_cuff":[],"upper_cuff":[],"matchable_top":[],"builtin_revolving_central_top":[],"throat":{"69940":69940,"69941":69941,"69945":69945,"69946":69946,"69948":69948,"69949":69949,"69952":69952,"69953":69953,"70193":70193},"lampshade":[],"back":[],"sitting":[],"cushions":[],"decorative_inner":[],"decorative_inserts":[],"side":[],"support":{"69984":69984,"69986":69986,"69987":69987,"70000":70000,"70004":70004,"70005":70005,"70006":70006,"70007":70007,"70008":70008,"70011":70011,"70013":70013,"70015":70015},"front_doors":[],"top_front_doors":{"69939":69939,"69941":69941,"69946":69946,"69948":69948,"69950":69950,"69951":69951,"69954":69954,"70193":70193},"seat_structure":[],"top_structure":[],"covering":[],"optional_shelf":[],"mirror":[],"side_panels":[],"centerpiece":[]},"colors":{"top":[],"structure":[],"lower_cuff":[],"upper_cuff":[],"matchable_top":[],"builtin_revolving_central_top":[],"throat":{"77269":77269,"77270":77270,"60714":60714,"77268":77268,"75765":75765,"60699":60699,"75764":75764,"60717":60717},"lampshade":[],"back":[],"sitting":[],"cushions":[],"decorative_inner":[],"decorative_inserts":[],"side":[],"support":{"77269":77269,"75639":75639,"77270":77270,"77268":77268,"77291":77291,"77292":77292,"77281":77281,"60699":60699},"front_doors":[],"top_front_doors":{"77269":77269,"77270":77270,"60714":60714,"77268":77268,"60720":60720,"60699":60699,"75764":75764,"60717":60717},"seat_structure":[],"top_structure":[],"covering":[],"optional_shelf":[],"mirror":[],"side_panels":[],"centerpiece":[]},"accessories":[126607],"related":[126836,126849,127249],"gallery":[30037],"product_sheet":"https:\/\/www.bontempi.it\/wp-content\/uploads\/2023\/03\/Cosmopolitan-15.25-26.pdf","attachments":null,"videos":[{"label":"Montaggio ed uso","file":""}],"silhouette":36625},"_links":{"self":[{"href":"https:\/\/www.bontempi.it\/de\/wp-json\/wp\/v2\/product\/131454","targetHints":{"allow":["GET"]}}],"collection":[{"href":"https:\/\/www.bontempi.it\/de\/wp-json\/wp\/v2\/product"}],"about":[{"href":"https:\/\/www.bontempi.it\/de\/wp-json\/wp\/v2\/types\/product"}],"acf:attachment":[{"embeddable":true,"href":"https:\/\/www.bontempi.it\/de\/wp-json\/wp\/v2\/media\/30037"}],"acf:post":[{"embeddable":true,"href":"https:\/\/www.bontempi.it\/de\/wp-json\/wp\/v2\/product\/127249"},{"embeddable":true,"href":"https:\/\/www.bontempi.it\/de\/wp-json\/wp\/v2\/product\/126849"},{"embeddable":true,"href":"https:\/\/www.bontempi.it\/de\/wp-json\/wp\/v2\/product\/126836"},{"embeddable":true,"href":"https:\/\/www.bontempi.it\/de\/wp-json\/wp\/v2\/product\/126607"}],"acf:term":[{"embeddable":true,"taxonomy":"room","href":"https:\/\/www.bontempi.it\/de\/wp-json\/wp\/v2\/room\/71474"},{"embeddable":true,"taxonomy":"kind","href":"https:\/\/www.bontempi.it\/de\/wp-json\/wp\/v2\/kind\/71050"},{"embeddable":true,"taxonomy":"line","href":"https:\/\/www.bontempi.it\/de\/wp-json\/wp\/v2\/line\/74724"},{"embeddable":true,"taxonomy":"line","href":"https:\/\/www.bontempi.it\/de\/wp-json\/wp\/v2\/line\/74722"}],"wp:attachment":[{"href":"https:\/\/www.bontempi.it\/de\/wp-json\/wp\/v2\/media?parent=131454"}],"wp:term":[{"taxonomy":"line","embeddable":true,"href":"https:\/\/www.bontempi.it\/de\/wp-json\/wp\/v2\/line?post=131454"},{"taxonomy":"kind","embeddable":true,"href":"https:\/\/www.bontempi.it\/de\/wp-json\/wp\/v2\/kind?post=131454"},{"taxonomy":"room","embeddable":true,"href":"https:\/\/www.bontempi.it\/de\/wp-json\/wp\/v2\/room?post=131454"},{"taxonomy":"material","embeddable":true,"href":"https:\/\/www.bontempi.it\/de\/wp-json\/wp\/v2\/material?post=131454"},{"taxonomy":"color","embeddable":true,"href":"https:\/\/www.bontempi.it\/de\/wp-json\/wp\/v2\/color?post=131454"},{"taxonomy":"certification","embeddable":true,"href":"https:\/\/www.bontempi.it\/de\/wp-json\/wp\/v2\/certification?post=131454"}],"curies":[{"name":"wp","href":"https:\/\/api.w.org\/{rel}","templated":true}]}}