{"id":131343,"date":"2023-11-09T09:54:32","date_gmt":"2023-11-09T08:54:32","guid":{"rendered":"https:\/\/www.bontempi.it\/product\/lift-08-39\/"},"modified":"2024-04-29T10:48:06","modified_gmt":"2024-04-29T08:48:06","slug":"lift-08-39","status":"publish","type":"product","link":"https:\/\/www.bontempi.it\/de\/lift-0839\/","title":{"rendered":"Lift &#8211; 08.39"},"content":{"rendered":"<p>Couchtisch mit lackiertem Stahlgestell, dekorativen Details (F\u00fc\u00dfe und flacher Rahmen) aus lackiertem Stahl, gl\u00e4nzende Kristallplatte, kratzfestes Mattglas und SuperMarmor, Innenrohr aus gl\u00e4nzendem, schwarz lackiertem Stahl.<\/p>\n","protected":false},"excerpt":{"rendered":"<p>Couchtisch mit lackiertem Stahlgestell, dekorativen Details (F\u00fc\u00dfe und flacher Rahmen) aus lackiertem Stahl, gl\u00e4nzende Kristallplatte, kratzfestes Mattglas und SuperMarmor, Innenrohr aus gl\u00e4nzendem, schwarz lackiertem Stahl.<\/p>\n","protected":false},"featured_media":0,"template":"","line":[74837],"kind":[70886,71041,71042],"room":[71478],"material":[70007,70008,70011,70015,69984,69986,70000,70004,70005,70006],"color":[75639,77268,77269,77281,77291,77292],"certification":[],"class_list":["post-131343","product","type-product","status-publish","hentry","line-lift-de","kind-coffee-tables","kind-occasionals-de","kind-coffee-tables-de","room-contract-de","material-m329-de","material-m328-de","material-m028-de","material-m307-de","material-m310-de","material-m326-de","material-m097-de","material-m055-de","material-m327-de","material-m325-de","color-silver-de","color-black-de","color-grey-de","color-chocolate-de","color-gold-de","color-pink-gold-de"],"acf":{"sku":"08.39","line":[74837],"is_accessory":false,"is_configurable":true,"kind":[70886,71041,71042],"rooms":[71478],"seats":"","dimensions":{"diameter":"34","x":"","z":"50\/82","y":""},"finishing":{"top":{"69855":69855,"69857":69857,"69861":69861,"69865":69865,"69874":69874,"69878":69878,"69887":69887,"70226":70226,"70231":70231,"70233":70233,"70235":70235,"70238":70238,"70240":70240,"70242":70242,"75694":75694},"structure":{"69984":69984,"69986":69986,"70000":70000,"70004":70004,"70005":70005,"70006":70006,"70007":70007,"70008":70008,"70011":70011,"70015":70015},"lower_cuff":[],"upper_cuff":[],"matchable_top":[],"builtin_revolving_central_top":[],"throat":[],"lampshade":[],"back":[],"sitting":[],"cushions":[],"decorative_inner":[],"decorative_inserts":[],"side":[],"support":[],"front_doors":[],"top_front_doors":[],"seat_structure":[],"top_structure":[],"covering":[],"optional_shelf":[],"mirror":[],"side_panels":[],"centerpiece":[]},"colors":{"top":{"77269":77269,"77270":77270,"77268":77268,"60699":60699,"60724":60724,"77281":77281,"60713":60713},"structure":{"77269":77269,"75639":75639,"77268":77268,"77291":77291,"77292":77292,"77281":77281},"lower_cuff":[],"upper_cuff":[],"matchable_top":[],"builtin_revolving_central_top":[],"throat":[],"lampshade":[],"back":[],"sitting":[],"cushions":[],"decorative_inner":[],"decorative_inserts":[],"side":[],"support":[],"front_doors":[],"top_front_doors":[],"seat_structure":[],"top_structure":[],"covering":[],"optional_shelf":[],"mirror":[],"side_panels":[],"centerpiece":[]},"accessories":"","related":[126395,126437,126443,126853,126923,127146,127148,127243,127295,127300,127307,127312,127315],"gallery":[18576,18692,27050,7324],"product_sheet":"https:\/\/www.bontempi.it\/wp-content\/uploads\/2023\/03\/Lift-08.39.pdf","attachments":null,"videos":null,"silhouette":32623},"_links":{"self":[{"href":"https:\/\/www.bontempi.it\/de\/wp-json\/wp\/v2\/product\/131343","targetHints":{"allow":["GET"]}}],"collection":[{"href":"https:\/\/www.bontempi.it\/de\/wp-json\/wp\/v2\/product"}],"about":[{"href":"https:\/\/www.bontempi.it\/de\/wp-json\/wp\/v2\/types\/product"}],"acf:attachment":[{"embeddable":true,"href":"https:\/\/www.bontempi.it\/de\/wp-json\/wp\/v2\/media\/7324"},{"embeddable":true,"href":"https:\/\/www.bontempi.it\/de\/wp-json\/wp\/v2\/media\/27050"},{"embeddable":true,"href":"https:\/\/www.bontempi.it\/de\/wp-json\/wp\/v2\/media\/18692"},{"embeddable":true,"href":"https:\/\/www.bontempi.it\/de\/wp-json\/wp\/v2\/media\/18576"}],"acf:post":[{"embeddable":true,"href":"https:\/\/www.bontempi.it\/de\/wp-json\/wp\/v2\/product\/127315"},{"embeddable":true,"href":"https:\/\/www.bontempi.it\/de\/wp-json\/wp\/v2\/product\/127312"},{"embeddable":true,"href":"https:\/\/www.bontempi.it\/de\/wp-json\/wp\/v2\/product\/127307"},{"embeddable":true,"href":"https:\/\/www.bontempi.it\/de\/wp-json\/wp\/v2\/product\/127300"},{"embeddable":true,"href":"https:\/\/www.bontempi.it\/de\/wp-json\/wp\/v2\/product\/127295"},{"embeddable":true,"href":"https:\/\/www.bontempi.it\/de\/wp-json\/wp\/v2\/product\/127243"},{"embeddable":true,"href":"https:\/\/www.bontempi.it\/de\/wp-json\/wp\/v2\/product\/127148"},{"embeddable":true,"href":"https:\/\/www.bontempi.it\/de\/wp-json\/wp\/v2\/product\/127146"},{"embeddable":true,"href":"https:\/\/www.bontempi.it\/de\/wp-json\/wp\/v2\/product\/126923"},{"embeddable":true,"href":"https:\/\/www.bontempi.it\/de\/wp-json\/wp\/v2\/product\/126853"},{"embeddable":true,"href":"https:\/\/www.bontempi.it\/de\/wp-json\/wp\/v2\/product\/126443"},{"embeddable":true,"href":"https:\/\/www.bontempi.it\/de\/wp-json\/wp\/v2\/product\/126437"},{"embeddable":true,"href":"https:\/\/www.bontempi.it\/de\/wp-json\/wp\/v2\/product\/126395"}],"acf:term":[{"embeddable":true,"taxonomy":"room","href":"https:\/\/www.bontempi.it\/de\/wp-json\/wp\/v2\/room\/71478"},{"embeddable":true,"taxonomy":"kind","href":"https:\/\/www.bontempi.it\/de\/wp-json\/wp\/v2\/kind\/71042"},{"embeddable":true,"taxonomy":"kind","href":"https:\/\/www.bontempi.it\/de\/wp-json\/wp\/v2\/kind\/71041"},{"embeddable":true,"taxonomy":"kind","href":"https:\/\/www.bontempi.it\/de\/wp-json\/wp\/v2\/kind\/70886"},{"embeddable":true,"taxonomy":"line","href":"https:\/\/www.bontempi.it\/de\/wp-json\/wp\/v2\/line\/74837"}],"wp:attachment":[{"href":"https:\/\/www.bontempi.it\/de\/wp-json\/wp\/v2\/media?parent=131343"}],"wp:term":[{"taxonomy":"line","embeddable":true,"href":"https:\/\/www.bontempi.it\/de\/wp-json\/wp\/v2\/line?post=131343"},{"taxonomy":"kind","embeddable":true,"href":"https:\/\/www.bontempi.it\/de\/wp-json\/wp\/v2\/kind?post=131343"},{"taxonomy":"room","embeddable":true,"href":"https:\/\/www.bontempi.it\/de\/wp-json\/wp\/v2\/room?post=131343"},{"taxonomy":"material","embeddable":true,"href":"https:\/\/www.bontempi.it\/de\/wp-json\/wp\/v2\/material?post=131343"},{"taxonomy":"color","embeddable":true,"href":"https:\/\/www.bontempi.it\/de\/wp-json\/wp\/v2\/color?post=131343"},{"taxonomy":"certification","embeddable":true,"href":"https:\/\/www.bontempi.it\/de\/wp-json\/wp\/v2\/certification?post=131343"}],"curies":[{"name":"wp","href":"https:\/\/api.w.org\/{rel}","templated":true}]}}