{"id":131229,"date":"2023-11-09T09:50:06","date_gmt":"2023-11-09T08:50:06","guid":{"rendered":"https:\/\/www.bontempi.it\/product\/secret-06-41\/"},"modified":"2024-04-29T10:58:30","modified_gmt":"2024-04-29T08:58:30","slug":"secret-06-41","status":"publish","type":"product","link":"https:\/\/www.bontempi.it\/de\/secret-0641\/","title":{"rendered":"Secret &#8211; 06.41"},"content":{"rendered":"<p>Schreibtisch mit Gestell aus lackiertem Stahl, Au\u00dfenband mit Lederbezug, Holzplatte, Klappt\u00fcr f\u00fcr Geheimfach aus lackiertem Holz oder SuperMarmo.<\/p>\n","protected":false},"excerpt":{"rendered":"<p>Schreibtisch mit Gestell aus lackiertem Stahl, Au\u00dfenband mit Lederbezug, Holzplatte, Klappt\u00fcr f\u00fcr Geheimfach aus lackiertem Holz oder SuperMarmo.<\/p>\n","protected":false},"featured_media":0,"template":"","line":[74945],"kind":[71045],"room":[71474,71478],"material":[70233,70240,70242,69939,69941,69948,69951,70220,70226,70231],"color":[60699,77268,77269,77270],"certification":[],"class_list":["post-131229","product","type-product","status-publish","hentry","line-secret-de","kind-desk-consoles-de","room-hall-de","room-contract-de","material-cm032-de","material-cm005-de","material-cm025-de","material-l087-de","material-l079-de","material-l090-de","material-l084-de","material-cr006-de","material-cm003-de","material-cm012-de","color-beige-de","color-black-de","color-grey-de","color-white-de"],"acf":{"sku":"06.41","line":[74945],"is_accessory":false,"is_configurable":true,"kind":[71045],"rooms":[71474,71478],"seats":"","dimensions":{"diameter":"","x":"112","z":"50","y":"76\/85"},"finishing":{"top":{"69930":69930,"69932":69932,"69934":69934,"69936":69936,"75694":75694},"structure":{"69984":69984,"69986":69986,"69987":69987,"70000":70000,"70004":70004,"70005":70005,"70006":70006,"70007":70007,"70008":70008,"70011":70011,"70013":70013,"70015":70015},"lower_cuff":[],"upper_cuff":[],"matchable_top":[],"builtin_revolving_central_top":[],"throat":[],"lampshade":[],"back":[],"sitting":[],"cushions":[],"decorative_inner":[],"decorative_inserts":[],"side":[],"support":[],"front_doors":{"69939":69939,"69941":69941,"69948":69948,"69951":69951,"70220":70220,"70226":70226,"70231":70231,"70233":70233,"70240":70240,"70242":70242},"top_front_doors":[],"seat_structure":[],"top_structure":[],"covering":[],"optional_shelf":[],"mirror":[],"side_panels":[],"centerpiece":[]},"colors":{"top":{"60699":60699,"77268":77268,"77281":77281,"77270":77270},"structure":{"77269":77269,"75639":75639,"77270":77270,"77268":77268,"77291":77291,"77292":77292,"77281":77281,"60699":60699},"lower_cuff":[],"upper_cuff":[],"matchable_top":[],"builtin_revolving_central_top":[],"throat":[],"lampshade":[],"back":[],"sitting":[],"cushions":[],"decorative_inner":[],"decorative_inserts":[],"side":[],"support":[],"front_doors":{"77269":77269,"77270":77270,"77268":77268,"60699":60699},"top_front_doors":[],"seat_structure":[],"top_structure":[],"covering":[],"optional_shelf":[],"mirror":[],"side_panels":[],"centerpiece":[]},"accessories":"","related":[126378],"gallery":[26291],"product_sheet":"https:\/\/www.bontempi.it\/wp-content\/uploads\/2023\/03\/Secret-06.40-41.pdf","attachments":null,"videos":null,"silhouette":32575},"_links":{"self":[{"href":"https:\/\/www.bontempi.it\/de\/wp-json\/wp\/v2\/product\/131229","targetHints":{"allow":["GET"]}}],"collection":[{"href":"https:\/\/www.bontempi.it\/de\/wp-json\/wp\/v2\/product"}],"about":[{"href":"https:\/\/www.bontempi.it\/de\/wp-json\/wp\/v2\/types\/product"}],"acf:attachment":[{"embeddable":true,"href":"https:\/\/www.bontempi.it\/de\/wp-json\/wp\/v2\/media\/26291"}],"acf:post":[{"embeddable":true,"href":"https:\/\/www.bontempi.it\/de\/wp-json\/wp\/v2\/product\/126378"}],"acf:term":[{"embeddable":true,"taxonomy":"room","href":"https:\/\/www.bontempi.it\/de\/wp-json\/wp\/v2\/room\/71478"},{"embeddable":true,"taxonomy":"room","href":"https:\/\/www.bontempi.it\/de\/wp-json\/wp\/v2\/room\/71474"},{"embeddable":true,"taxonomy":"kind","href":"https:\/\/www.bontempi.it\/de\/wp-json\/wp\/v2\/kind\/71045"},{"embeddable":true,"taxonomy":"line","href":"https:\/\/www.bontempi.it\/de\/wp-json\/wp\/v2\/line\/74945"}],"wp:attachment":[{"href":"https:\/\/www.bontempi.it\/de\/wp-json\/wp\/v2\/media?parent=131229"}],"wp:term":[{"taxonomy":"line","embeddable":true,"href":"https:\/\/www.bontempi.it\/de\/wp-json\/wp\/v2\/line?post=131229"},{"taxonomy":"kind","embeddable":true,"href":"https:\/\/www.bontempi.it\/de\/wp-json\/wp\/v2\/kind?post=131229"},{"taxonomy":"room","embeddable":true,"href":"https:\/\/www.bontempi.it\/de\/wp-json\/wp\/v2\/room?post=131229"},{"taxonomy":"material","embeddable":true,"href":"https:\/\/www.bontempi.it\/de\/wp-json\/wp\/v2\/material?post=131229"},{"taxonomy":"color","embeddable":true,"href":"https:\/\/www.bontempi.it\/de\/wp-json\/wp\/v2\/color?post=131229"},{"taxonomy":"certification","embeddable":true,"href":"https:\/\/www.bontempi.it\/de\/wp-json\/wp\/v2\/certification?post=131229"}],"curies":[{"name":"wp","href":"https:\/\/api.w.org\/{rel}","templated":true}]}}