{"id":131200,"date":"2023-11-09T09:49:30","date_gmt":"2023-11-09T08:49:30","guid":{"rendered":"https:\/\/www.bontempi.it\/product\/net-outdoor-04-56out\/"},"modified":"2024-09-25T13:05:04","modified_gmt":"2024-09-25T11:05:04","slug":"net-outdoor-04-56out","status":"publish","type":"product","link":"https:\/\/www.bontempi.it\/de\/net-outdoor-0456out\/","title":{"rendered":"Net Outdoor &#8211; 04.56OUT"},"content":{"rendered":"<p>Stapelbarer Stuhl mit lackiertem Stahlgestell f\u00fcr den Au\u00dfenbereich, Sitzfl\u00e4che und R\u00fcckenlehne aus Texplast oder Soft Texplast.<\/p>\n","protected":false},"excerpt":{"rendered":"<p>feine Struktur<\/p>\n","protected":false},"featured_media":0,"template":"","line":[74885],"kind":[71033,71034],"room":[71477,71478],"material":[70424,70425,70426,70196,70423],"color":[77269,77270,60721,77268],"certification":[60802,60805,60790,60793],"class_list":["post-131200","product","type-product","status-publish","hentry","line-net-outdoor-de","kind-seatings-de","kind-chairs-de","room-outdoor-de","room-contract-de","material-x036-de","material-x035-de","material-x040-de","material-x114-de","material-x039-de","color-grey-de","color-white-de","color-sand-de","color-black-de","certification-outdoor-sedie-de","certification-impilabilita-sedie-de","certification-ansi-bifma-x-5-1-2002-de","certification-en-16139-13-en-1728-12-de"],"acf":{"sku":"04.56OUT","line":[74885],"is_accessory":false,"is_configurable":true,"kind":[71033,71034],"rooms":[71477,71478],"seats":"","dimensions":{"diameter":"","x":"48","z":"59","y":"81\/46"},"finishing":{"top":[],"structure":{"69985":69985,"69989":69989,"70001":70001,"70010":70010,"70014":70014},"lower_cuff":[],"upper_cuff":[],"matchable_top":[],"builtin_revolving_central_top":[],"throat":[],"lampshade":[],"back":[],"sitting":{"70196":70196,"70423":70423,"70424":70424,"70425":70425,"70426":70426},"cushions":[],"decorative_inner":[],"decorative_inserts":[],"side":[],"support":[],"front_doors":[],"top_front_doors":[],"seat_structure":[],"top_structure":[],"covering":[],"optional_shelf":[],"mirror":[],"side_panels":[],"centerpiece":[]},"colors":{"top":[],"structure":{"77269":77269,"77270":77270,"77281":77281,"60699":60699},"lower_cuff":[],"upper_cuff":[],"matchable_top":[],"builtin_revolving_central_top":[],"throat":[],"lampshade":[],"back":[],"sitting":{"77269":77269,"77270":77270,"77268":77268,"60721":60721},"cushions":[],"decorative_inner":[],"decorative_inserts":[],"side":[],"support":[],"front_doors":[],"top_front_doors":[],"seat_structure":[],"top_structure":[],"covering":[],"optional_shelf":[],"mirror":[],"side_panels":[],"centerpiece":[]},"accessories":"","related":[126291,127159,127160],"gallery":[58823,40798],"product_sheet":"","attachments":null,"videos":null,"silhouette":36471},"_links":{"self":[{"href":"https:\/\/www.bontempi.it\/de\/wp-json\/wp\/v2\/product\/131200","targetHints":{"allow":["GET"]}}],"collection":[{"href":"https:\/\/www.bontempi.it\/de\/wp-json\/wp\/v2\/product"}],"about":[{"href":"https:\/\/www.bontempi.it\/de\/wp-json\/wp\/v2\/types\/product"}],"acf:attachment":[{"embeddable":true,"href":"https:\/\/www.bontempi.it\/de\/wp-json\/wp\/v2\/media\/40798"},{"embeddable":true,"href":"https:\/\/www.bontempi.it\/de\/wp-json\/wp\/v2\/media\/58823"}],"acf:post":[{"embeddable":true,"href":"https:\/\/www.bontempi.it\/de\/wp-json\/wp\/v2\/product\/127160"},{"embeddable":true,"href":"https:\/\/www.bontempi.it\/de\/wp-json\/wp\/v2\/product\/127159"},{"embeddable":true,"href":"https:\/\/www.bontempi.it\/de\/wp-json\/wp\/v2\/product\/126291"}],"acf:term":[{"embeddable":true,"taxonomy":"room","href":"https:\/\/www.bontempi.it\/de\/wp-json\/wp\/v2\/room\/71478"},{"embeddable":true,"taxonomy":"room","href":"https:\/\/www.bontempi.it\/de\/wp-json\/wp\/v2\/room\/71477"},{"embeddable":true,"taxonomy":"kind","href":"https:\/\/www.bontempi.it\/de\/wp-json\/wp\/v2\/kind\/71034"},{"embeddable":true,"taxonomy":"kind","href":"https:\/\/www.bontempi.it\/de\/wp-json\/wp\/v2\/kind\/71033"},{"embeddable":true,"taxonomy":"line","href":"https:\/\/www.bontempi.it\/de\/wp-json\/wp\/v2\/line\/74885"}],"wp:attachment":[{"href":"https:\/\/www.bontempi.it\/de\/wp-json\/wp\/v2\/media?parent=131200"}],"wp:term":[{"taxonomy":"line","embeddable":true,"href":"https:\/\/www.bontempi.it\/de\/wp-json\/wp\/v2\/line?post=131200"},{"taxonomy":"kind","embeddable":true,"href":"https:\/\/www.bontempi.it\/de\/wp-json\/wp\/v2\/kind?post=131200"},{"taxonomy":"room","embeddable":true,"href":"https:\/\/www.bontempi.it\/de\/wp-json\/wp\/v2\/room?post=131200"},{"taxonomy":"material","embeddable":true,"href":"https:\/\/www.bontempi.it\/de\/wp-json\/wp\/v2\/material?post=131200"},{"taxonomy":"color","embeddable":true,"href":"https:\/\/www.bontempi.it\/de\/wp-json\/wp\/v2\/color?post=131200"},{"taxonomy":"certification","embeddable":true,"href":"https:\/\/www.bontempi.it\/de\/wp-json\/wp\/v2\/certification?post=131200"}],"curies":[{"name":"wp","href":"https:\/\/api.w.org\/{rel}","templated":true}]}}