{"id":131199,"date":"2023-11-09T09:49:30","date_gmt":"2023-11-09T08:49:30","guid":{"rendered":"https:\/\/www.bontempi.it\/product\/net-outdoor-04-56dout\/"},"modified":"2024-09-25T13:05:47","modified_gmt":"2024-09-25T11:05:47","slug":"net-outdoor-04-56dout","status":"publish","type":"product","link":"https:\/\/www.bontempi.it\/de\/net-stahlgestell-outdoor-0456dout\/","title":{"rendered":"Net Stahlgestell Outdoor &#8211; 04.56DOUT"},"content":{"rendered":"<p>Hocker mit lackiertem Stahlgestell f\u00fcr den Au\u00dfenbereich, Sitz und R\u00fcckenlehne aus Texplast oder Soft Texplast.<\/p>\n","protected":false},"excerpt":{"rendered":"<p>Stahlgestell<\/p>\n","protected":false},"featured_media":0,"template":"","line":[74885],"kind":[71033,71034],"room":[71477,71478],"material":[70196,70423,70424,70425,70426],"color":[60721,77268,77269,77270],"certification":[60790,60802],"class_list":["post-131199","product","type-product","status-publish","hentry","line-net-outdoor-de","kind-seatings-de","kind-chairs-de","room-outdoor-de","room-contract-de","material-x114-de","material-x039-de","material-x036-de","material-x035-de","material-x040-de","color-sand-de","color-black-de","color-grey-de","color-white-de","certification-ansi-bifma-x-5-1-2002-de","certification-outdoor-sedie-de"],"acf":{"sku":"04.56DOUT","line":[74885],"is_accessory":false,"is_configurable":true,"kind":[71033,71034],"rooms":[71477,71478],"seats":"","dimensions":{"diameter":"","x":"48","z":"60","y":"100\/65"},"finishing":{"top":[],"structure":{"69985":69985,"69989":69989,"70001":70001,"70010":70010,"70014":70014},"lower_cuff":[],"upper_cuff":[],"matchable_top":[],"builtin_revolving_central_top":[],"throat":[],"lampshade":[],"back":[],"sitting":{"70196":70196,"70423":70423,"70424":70424,"70425":70425,"70426":70426},"cushions":[],"decorative_inner":[],"decorative_inserts":[],"side":[],"support":[],"front_doors":[],"top_front_doors":[],"seat_structure":[],"top_structure":[],"covering":[],"optional_shelf":[],"mirror":[],"side_panels":[],"centerpiece":[]},"colors":{"top":[],"structure":{"77269":77269,"77270":77270,"77281":77281,"60699":60699},"lower_cuff":[],"upper_cuff":[],"matchable_top":[],"builtin_revolving_central_top":[],"throat":[],"lampshade":[],"back":[],"sitting":{"77269":77269,"77270":77270,"77268":77268,"60721":60721},"cushions":[],"decorative_inner":[],"decorative_inserts":[],"side":[],"support":[],"front_doors":[],"top_front_doors":[],"seat_structure":[],"top_structure":[],"covering":[],"optional_shelf":[],"mirror":[],"side_panels":[],"centerpiece":[]},"accessories":"","related":[126225,126226,126291,126294],"gallery":[60841],"product_sheet":"","attachments":null,"videos":null,"silhouette":36467},"_links":{"self":[{"href":"https:\/\/www.bontempi.it\/de\/wp-json\/wp\/v2\/product\/131199","targetHints":{"allow":["GET"]}}],"collection":[{"href":"https:\/\/www.bontempi.it\/de\/wp-json\/wp\/v2\/product"}],"about":[{"href":"https:\/\/www.bontempi.it\/de\/wp-json\/wp\/v2\/types\/product"}],"acf:attachment":[{"embeddable":true,"href":"https:\/\/www.bontempi.it\/de\/wp-json\/wp\/v2\/media\/60841"}],"acf:post":[{"embeddable":true,"href":"https:\/\/www.bontempi.it\/de\/wp-json\/wp\/v2\/product\/126294"},{"embeddable":true,"href":"https:\/\/www.bontempi.it\/de\/wp-json\/wp\/v2\/product\/126291"},{"embeddable":true,"href":"https:\/\/www.bontempi.it\/de\/wp-json\/wp\/v2\/product\/126226"},{"embeddable":true,"href":"https:\/\/www.bontempi.it\/de\/wp-json\/wp\/v2\/product\/126225"}],"acf:term":[{"embeddable":true,"taxonomy":"room","href":"https:\/\/www.bontempi.it\/de\/wp-json\/wp\/v2\/room\/71478"},{"embeddable":true,"taxonomy":"room","href":"https:\/\/www.bontempi.it\/de\/wp-json\/wp\/v2\/room\/71477"},{"embeddable":true,"taxonomy":"kind","href":"https:\/\/www.bontempi.it\/de\/wp-json\/wp\/v2\/kind\/71034"},{"embeddable":true,"taxonomy":"kind","href":"https:\/\/www.bontempi.it\/de\/wp-json\/wp\/v2\/kind\/71033"},{"embeddable":true,"taxonomy":"line","href":"https:\/\/www.bontempi.it\/de\/wp-json\/wp\/v2\/line\/74885"}],"wp:attachment":[{"href":"https:\/\/www.bontempi.it\/de\/wp-json\/wp\/v2\/media?parent=131199"}],"wp:term":[{"taxonomy":"line","embeddable":true,"href":"https:\/\/www.bontempi.it\/de\/wp-json\/wp\/v2\/line?post=131199"},{"taxonomy":"kind","embeddable":true,"href":"https:\/\/www.bontempi.it\/de\/wp-json\/wp\/v2\/kind?post=131199"},{"taxonomy":"room","embeddable":true,"href":"https:\/\/www.bontempi.it\/de\/wp-json\/wp\/v2\/room?post=131199"},{"taxonomy":"material","embeddable":true,"href":"https:\/\/www.bontempi.it\/de\/wp-json\/wp\/v2\/material?post=131199"},{"taxonomy":"color","embeddable":true,"href":"https:\/\/www.bontempi.it\/de\/wp-json\/wp\/v2\/color?post=131199"},{"taxonomy":"certification","embeddable":true,"href":"https:\/\/www.bontempi.it\/de\/wp-json\/wp\/v2\/certification?post=131199"}],"curies":[{"name":"wp","href":"https:\/\/api.w.org\/{rel}","templated":true}]}}