{"id":131145,"date":"2023-11-09T09:47:28","date_gmt":"2023-11-09T08:47:28","guid":{"rendered":"https:\/\/www.bontempi.it\/product\/giro-02-40\/"},"modified":"2024-04-29T11:01:52","modified_gmt":"2024-04-29T09:01:52","slug":"giro-02-40","status":"publish","type":"product","link":"https:\/\/www.bontempi.it\/de\/giro-0240\/","title":{"rendered":"Giro &#8211; 02.40"},"content":{"rendered":"<p>Ausziehbarer runder Tisch mit S\u00e4ulenfu\u00df, synchronisiertem telskopischen \u00d6ffnungsmechanismus, lackiertem oder rostfreiem Stahlrahmen, Kristallplatte und kratzfestem Kristall.<\/p>\n","protected":false},"excerpt":{"rendered":"<p>Ausziehbarer runder Tisch mit S\u00e4ulenfu\u00df, synchronisiertem telskopischen \u00d6ffnungsmechanismus, lackiertem oder rostfreiem Stahlrahmen, Kristallplatte und kratzfestem Kristall.<\/p>\n","protected":false},"featured_media":0,"template":"","line":[74794],"kind":[71019,71021,71030,77610],"room":[71480],"material":[69874,69878,69887,69982,69984,69987,70000,70004,70011,70013,70015],"color":[60699,60724,77281,77617,77618,77619],"certification":[],"class_list":["post-131145","product","type-product","status-publish","hentry","line-giro-de","kind-tables-de","kind-extendible-de","kind-extendible-round-de","kind-synchronized-de","room-living-de","material-c150-de","material-c152-de","material-c193-de","material-m205-de","material-m310-de","material-m306-de","material-m097-de","material-m055-de","material-m028-de","material-m312-de","material-m307-de","color-beige-de","color-transparent-de","color-chocolate-de","color-bianco-de","color-nero-de","color-grigio-de"],"acf":{"sku":"02.40","line":[74794],"is_accessory":false,"is_configurable":false,"kind":[71019,77610,71021,71030],"rooms":[71480],"seats":"10","dimensions":{"diameter":"","x":"130\/210","z":"75","y":""},"finishing":{"top":[65912,65914,65922,65931,65935,65944],"structure":[66039,66041,66044,66057,66061,66068,66070,66072],"lower_cuff":[],"upper_cuff":[],"matchable_top":[],"builtin_revolving_central_top":[],"throat":[],"lampshade":[],"back":[],"sitting":[],"cushions":[],"decorative_inner":[],"decorative_inserts":[],"side":[],"support":[],"front_doors":[],"top_front_doors":[],"seat_structure":[],"top_structure":[],"covering":[],"optional_shelf":[],"mirror":[],"side_panels":[],"centerpiece":[]},"colors":{"top":[58739,58741,58745,58749,58764,58767],"structure":[58739,58741,58745,58749,58767],"lower_cuff":[],"upper_cuff":[],"matchable_top":[],"builtin_revolving_central_top":[],"throat":[],"lampshade":[],"back":[],"sitting":[],"cushions":[],"decorative_inner":[],"decorative_inserts":[],"side":[],"support":[],"front_doors":[],"top_front_doors":[],"seat_structure":[],"top_structure":[],"covering":[],"optional_shelf":[],"mirror":[],"side_panels":[],"centerpiece":[]},"accessories":[126959],"related":[126988],"gallery":[60592,59972],"product_sheet":"https:\/\/www.bontempi.it\/wp-content\/uploads\/2023\/03\/Giro-02.40.pdf","attachments":null,"videos":null,"silhouette":25585},"_links":{"self":[{"href":"https:\/\/www.bontempi.it\/de\/wp-json\/wp\/v2\/product\/131145","targetHints":{"allow":["GET"]}}],"collection":[{"href":"https:\/\/www.bontempi.it\/de\/wp-json\/wp\/v2\/product"}],"about":[{"href":"https:\/\/www.bontempi.it\/de\/wp-json\/wp\/v2\/types\/product"}],"acf:attachment":[{"embeddable":true,"href":"https:\/\/www.bontempi.it\/de\/wp-json\/wp\/v2\/media\/59972"},{"embeddable":true,"href":"https:\/\/www.bontempi.it\/de\/wp-json\/wp\/v2\/media\/60592"}],"acf:post":[{"embeddable":true,"href":"https:\/\/www.bontempi.it\/de\/wp-json\/wp\/v2\/product\/126988"},{"embeddable":true,"href":"https:\/\/www.bontempi.it\/de\/wp-json\/wp\/v2\/product\/126959"}],"acf:term":[{"embeddable":true,"taxonomy":"room","href":"https:\/\/www.bontempi.it\/de\/wp-json\/wp\/v2\/room\/71480"},{"embeddable":true,"taxonomy":"kind","href":"https:\/\/www.bontempi.it\/de\/wp-json\/wp\/v2\/kind\/71030"},{"embeddable":true,"taxonomy":"kind","href":"https:\/\/www.bontempi.it\/de\/wp-json\/wp\/v2\/kind\/71021"},{"embeddable":true,"taxonomy":"kind","href":"https:\/\/www.bontempi.it\/de\/wp-json\/wp\/v2\/kind\/77610"},{"embeddable":true,"taxonomy":"kind","href":"https:\/\/www.bontempi.it\/de\/wp-json\/wp\/v2\/kind\/71019"},{"embeddable":true,"taxonomy":"line","href":"https:\/\/www.bontempi.it\/de\/wp-json\/wp\/v2\/line\/74794"}],"wp:attachment":[{"href":"https:\/\/www.bontempi.it\/de\/wp-json\/wp\/v2\/media?parent=131145"}],"wp:term":[{"taxonomy":"line","embeddable":true,"href":"https:\/\/www.bontempi.it\/de\/wp-json\/wp\/v2\/line?post=131145"},{"taxonomy":"kind","embeddable":true,"href":"https:\/\/www.bontempi.it\/de\/wp-json\/wp\/v2\/kind?post=131145"},{"taxonomy":"room","embeddable":true,"href":"https:\/\/www.bontempi.it\/de\/wp-json\/wp\/v2\/room?post=131145"},{"taxonomy":"material","embeddable":true,"href":"https:\/\/www.bontempi.it\/de\/wp-json\/wp\/v2\/material?post=131145"},{"taxonomy":"color","embeddable":true,"href":"https:\/\/www.bontempi.it\/de\/wp-json\/wp\/v2\/color?post=131145"},{"taxonomy":"certification","embeddable":true,"href":"https:\/\/www.bontempi.it\/de\/wp-json\/wp\/v2\/certification?post=131145"}],"curies":[{"name":"wp","href":"https:\/\/api.w.org\/{rel}","templated":true}]}}