{"id":138482,"date":"2024-07-19T13:23:03","date_gmt":"2024-07-19T11:23:03","guid":{"rendered":"https:\/\/www.bontempi.it\/bontempi-space\/"},"modified":"2026-02-24T14:08:31","modified_gmt":"2026-02-24T13:08:31","slug":"bontempi-space","status":"publish","type":"page","link":"https:\/\/www.bontempi.it\/de\/bontempi-space\/","title":{"rendered":"Bontempi Space"},"content":{"rendered":"","protected":false},"excerpt":{"rendered":"<p>Erleben Sie die Eleganz, die Raffinesse und die Einzigartigkeit, die durch die au\u00dfergew\u00f6hnliche Qualit\u00e4t der Produktpalette von Bontempi vermittelt wird.<\/p>\n","protected":false},"author":1,"featured_media":161089,"parent":0,"menu_order":0,"comment_status":"closed","ping_status":"closed","template":"page-bontempispace.php","meta":{"inline_featured_image":false,"footnotes":""},"class_list":["post-138482","page","type-page","status-publish","has-post-thumbnail","hentry"],"acf":{"brochure":138490,"content":{"what":{"title":"Was ist der Bontempi-Raum?","body":"Der Bontempi Space ist ein Bereich, in dem die Exzellenz von Bontempi pr\u00e4sentiert wird. Eine Umgebung, in der jedes Element bis ins kleinste Detail gepflegt wird, um eine vollst\u00e4ndige und anspruchsvolle Erfahrung zu bieten. Jeder Bontempi Space ist ein greifbares Beispiel daf\u00fcr, wie unsere Designphilosophie einen Raum in ein funktionales und elegantes Kunstwerk verwandeln kann."},"why":{"title":"Warum einen Bontempi Space installieren?","body":"Der Bontempi Space ist die perfekte Synthese aus traditioneller Handwerkskunst und zeitgen\u00f6ssischer Innovation, die die Qualit\u00e4t und Raffinesse des italienischen Designs hervorhebt. Es ist ein Ort, an dem die \u00e4sthetische Vision auf die Funktionalit\u00e4t trifft und an dem Sie jedes Detail unserer Produktion sch\u00e4tzen k\u00f6nnen."}},"kinds":{"title":"Die Arten von Bontempi Space","body":"Der Bontempi Space ist so konzipiert, dass er sich an unterschiedliche Raum- und Stilanforderungen anpasst. Wir bieten flexible L\u00f6sungen in verschiedenen Gr\u00f6\u00dfen, die sich harmonisch in Ihren Ausstellungsraum einf\u00fcgen:","versions":[{"area":"30","images":[138438,138433],"body":"Ein gem\u00fctliches und anspruchsvolles Ambiente, ideal f\u00fcr kompaktere R\u00e4ume, in denen jedes Element das Konzept des funktionalen Designs am besten zum Ausdruck bringt."},{"area":"60","images":[138443,138448],"body":"Ein vielseitiger Bereich, der eine st\u00e4rkere Gliederung des Raums erm\u00f6glicht und verschiedene Nutzungsbereiche zu einer koh\u00e4renten und raffinierten Umgebung verbindet."},{"area":"100","images":[138453,138458],"body":"Eine umfangreichere und besser gegliederte Ausstellung, die das gesamte Spektrum unserer Wohnl\u00f6sungen zeigt und einen Erlebnispfad f\u00fcr den Besucher schafft."},{"area":"150","images":[138468,138463],"body":"Ein Erlebnis, bei dem jeder Bereich des Hauses seinen perfekten Ausdruck findet und einen 360-Grad-Blick auf die Welt von Bontempi bietet."}]},"advantages":{"title":"Die Vorteile von Bontempi Space","body":"","list":[{"title":"Immersives Erlebnis","body":"Bieten Sie Ihren Kunden die M\u00f6glichkeit, das Design von Bontempi hautnah zu erleben und die Qualit\u00e4t und Raffinesse unserer Produkte in einem realen Kontext wahrzunehmen."},{"title":"Vielseitigkeit und Individualisierung","body":"Wir passen den Bontempi Space an die spezifischen Anforderungen Ihres Ausstellungsraums an, mit ma\u00dfgeschneiderten L\u00f6sungen f\u00fcr jede Raumgr\u00f6\u00dfe und jeden Stil."},{"title":"Exklusive Unterst\u00fctzung","body":"Profitieren Sie von unserer engagierten Unterst\u00fctzung, von der Planung bis zur Aktivierung des Bontempi-Space, um sicherzustellen, dass jedes Detail perfekt gepflegt wird und unserer Philosophie der zeitlosen Eleganz entspricht."}]},"socialwall":[137680,137102,137162,136621,123864,137730]},"_links":{"self":[{"href":"https:\/\/www.bontempi.it\/de\/wp-json\/wp\/v2\/pages\/138482","targetHints":{"allow":["GET"]}}],"collection":[{"href":"https:\/\/www.bontempi.it\/de\/wp-json\/wp\/v2\/pages"}],"about":[{"href":"https:\/\/www.bontempi.it\/de\/wp-json\/wp\/v2\/types\/page"}],"author":[{"embeddable":true,"href":"https:\/\/www.bontempi.it\/de\/wp-json\/wp\/v2\/users\/1"}],"replies":[{"embeddable":true,"href":"https:\/\/www.bontempi.it\/de\/wp-json\/wp\/v2\/comments?post=138482"}],"version-history":[{"count":6,"href":"https:\/\/www.bontempi.it\/de\/wp-json\/wp\/v2\/pages\/138482\/revisions"}],"predecessor-version":[{"id":138605,"href":"https:\/\/www.bontempi.it\/de\/wp-json\/wp\/v2\/pages\/138482\/revisions\/138605"}],"acf:attachment":[{"embeddable":true,"href":"https:\/\/www.bontempi.it\/de\/wp-json\/wp\/v2\/media\/137730"},{"embeddable":true,"href":"https:\/\/www.bontempi.it\/de\/wp-json\/wp\/v2\/media\/123864"},{"embeddable":true,"href":"https:\/\/www.bontempi.it\/de\/wp-json\/wp\/v2\/media\/136621"},{"embeddable":true,"href":"https:\/\/www.bontempi.it\/de\/wp-json\/wp\/v2\/media\/137162"},{"embeddable":true,"href":"https:\/\/www.bontempi.it\/de\/wp-json\/wp\/v2\/media\/137102"},{"embeddable":true,"href":"https:\/\/www.bontempi.it\/de\/wp-json\/wp\/v2\/media\/137680"}],"wp:featuredmedia":[{"embeddable":true,"href":"https:\/\/www.bontempi.it\/de\/wp-json\/wp\/v2\/media\/161089"}],"wp:attachment":[{"href":"https:\/\/www.bontempi.it\/de\/wp-json\/wp\/v2\/media?parent=138482"}],"curies":[{"name":"wp","href":"https:\/\/api.w.org\/{rel}","templated":true}]}}