{"id":138377,"date":"2024-06-28T11:47:53","date_gmt":"2024-06-28T09:47:53","guid":{"rendered":"https:\/\/www.bontempi.it\/contract-demo\/"},"modified":"2024-07-16T10:56:31","modified_gmt":"2024-07-16T08:56:31","slug":"contract-demo","status":"publish","type":"page","link":"https:\/\/www.bontempi.it\/de\/contract\/","title":{"rendered":"Contract"},"content":{"rendered":"<p>M\u00f6bel und Design sind Schl\u00fcsselelemente f\u00fcr den gesch\u00e4ftlichen Erfolg. Die \u00e4u\u00dferst zeitgem\u00e4\u00dfen und vielseitigen Kollektionen, die f\u00fcr gro\u00dfe und kleine R\u00e4ume konzipiert sind, erf\u00fcllen die Anforderungen an Zweckm\u00e4\u00dfigkeit und Geschmack. Die breite Palette an Einrichtungsvorschl\u00e4gen kann einzigartigen Projekten Leben einhauchen, indem sie raffinierte und gleichzeitig funktionelle L\u00f6sungen bietet, die eindrucksvolle Umgebungen in Hotels, Restaurants, Lounge-Bereichen und Resorts schaffen. Die Farbpalette der Oberfl\u00e4chen, die von den ikonischen bis zu den frischesten und hellsten Farbt\u00f6nen reicht, und die f\u00fcr die Polsterung verwendeten Stoffe lassen sich leicht sowohl an klassische als auch an zeitgen\u00f6ssische Kontexte anpassen. Elegant, raffiniert, exklusiv, schick, der Raum zieht an und erzeugt Emotionen und ein besonderer Ort bleibt immer in Erinnerung.<\/p>\n","protected":false},"excerpt":{"rendered":"<p>M\u00f6bel und Design sind Schl\u00fcsselelemente f\u00fcr den gesch\u00e4ftlichen Erfolg. Die \u00e4u\u00dferst zeitgem\u00e4\u00dfen und vielseitigen Kollektionen, die f\u00fcr gro\u00dfe und kleine R\u00e4ume konzipiert sind, erf\u00fcllen die Anforderungen an Zweckm\u00e4\u00dfigkeit und Geschmack. Die breite Palette an Einrichtungsvorschl\u00e4gen kann einzigartigen Projekten Leben einhauchen, indem sie raffinierte und gleichzeitig funktionelle L\u00f6sungen bietet, die eindrucksvolle Umgebungen in Hotels, Restaurants, Lounge-Bereichen [&hellip;]<\/p>\n","protected":false},"author":1,"featured_media":0,"parent":0,"menu_order":0,"comment_status":"closed","ping_status":"closed","template":"page-contract.php","meta":{"inline_featured_image":false,"footnotes":""},"class_list":["post-138377","page","type-page","status-publish","hentry"],"acf":{"gallery":[138635]},"_links":{"self":[{"href":"https:\/\/www.bontempi.it\/de\/wp-json\/wp\/v2\/pages\/138377","targetHints":{"allow":["GET"]}}],"collection":[{"href":"https:\/\/www.bontempi.it\/de\/wp-json\/wp\/v2\/pages"}],"about":[{"href":"https:\/\/www.bontempi.it\/de\/wp-json\/wp\/v2\/types\/page"}],"author":[{"embeddable":true,"href":"https:\/\/www.bontempi.it\/de\/wp-json\/wp\/v2\/users\/1"}],"replies":[{"embeddable":true,"href":"https:\/\/www.bontempi.it\/de\/wp-json\/wp\/v2\/comments?post=138377"}],"version-history":[{"count":1,"href":"https:\/\/www.bontempi.it\/de\/wp-json\/wp\/v2\/pages\/138377\/revisions"}],"predecessor-version":[{"id":138381,"href":"https:\/\/www.bontempi.it\/de\/wp-json\/wp\/v2\/pages\/138377\/revisions\/138381"}],"acf:attachment":[{"embeddable":true,"href":"https:\/\/www.bontempi.it\/de\/wp-json\/wp\/v2\/media\/138635"}],"wp:attachment":[{"href":"https:\/\/www.bontempi.it\/de\/wp-json\/wp\/v2\/media?parent=138377"}],"curies":[{"name":"wp","href":"https:\/\/api.w.org\/{rel}","templated":true}]}}